{"id":10732,"date":"2023-08-05T12:36:32","date_gmt":"2023-08-05T15:36:32","guid":{"rendered":"https:\/\/gracelandjuegos.com.ar\/web\/?post_type=product&#038;p=10732"},"modified":"2025-09-10T15:52:43","modified_gmt":"2025-09-10T18:52:43","slug":"mal-trago","status":"publish","type":"product","link":"https:\/\/gracelandjuegos.com.ar\/web\/product\/mal-trago\/","title":{"rendered":"Mal Trago"},"content":{"rendered":"<p>La bruja necesita &#8220;conejillos de indias&#8221; para probar sus nuevas pociones y ustedes, sus leales esbirros goblins, han sido sido designados como voluntarios forzosos para esta ocasi\u00f3n. No es tan terrible como parece&#8230; aunque es verdad que algunas de esas pociones pueden tener un efecto mortal. Pero la jefa, siempre generosa, ha prometido que uno de ustedes saldr\u00e1 ileso, como premio por su astucia, por su instinto y porque alguien tendr\u00e1 que limpiarlo todo al final.&#8221;<\/p>\n<p>Mal Trago es un Party Game para 4 a 10 jugadores, a partir de 8 a\u00f1os de edad y con una duraci\u00f3n de 15-20 minutos. Pociones, conjuros, ant\u00eddotos, goblins y sobretodo \u00a1\u00a1MUCHAS RISAS!!<\/p>\n","protected":false},"excerpt":{"rendered":"<p>G\u00e9nero: Party.<br \/>\nCategor\u00edas: Fantas\u00eda, Cartas, Roles, Votaci\u00f3n.<br \/>\nDise\u00f1ado Por: Jos\u00e9 Manuel Fern\u00e1ndez Aguilera<br \/>\nEditorial: Top Toys<br \/>\nEdad M\u00ednima Recomendada: 8 A\u00f1os<br \/>\nDificultad: 1,00\/5<br \/>\nN\u00ba de Jugadores: 4 a 10<br \/>\nDuraci\u00f3n Promedio de la Partida: 20 Minutos<br \/>\nIdioma: Espa\u00f1ol<\/p>\n","protected":false},"featured_media":10727,"comment_status":"closed","ping_status":"closed","template":"","meta":[],"product_brand":[],"product_cat":[243,351],"product_tag":[],"class_list":{"0":"post-10732","1":"product","2":"type-product","3":"status-publish","4":"has-post-thumbnail","6":"product_cat-juegos-de-mesa","7":"product_cat-top-toys","9":"first","10":"instock","11":"shipping-taxable","12":"purchasable","13":"product-type-simple"},"_links":{"self":[{"href":"https:\/\/gracelandjuegos.com.ar\/web\/wp-json\/wp\/v2\/product\/10732","targetHints":{"allow":["GET"]}}],"collection":[{"href":"https:\/\/gracelandjuegos.com.ar\/web\/wp-json\/wp\/v2\/product"}],"about":[{"href":"https:\/\/gracelandjuegos.com.ar\/web\/wp-json\/wp\/v2\/types\/product"}],"replies":[{"embeddable":true,"href":"https:\/\/gracelandjuegos.com.ar\/web\/wp-json\/wp\/v2\/comments?post=10732"}],"wp:featuredmedia":[{"embeddable":true,"href":"https:\/\/gracelandjuegos.com.ar\/web\/wp-json\/wp\/v2\/media\/10727"}],"wp:attachment":[{"href":"https:\/\/gracelandjuegos.com.ar\/web\/wp-json\/wp\/v2\/media?parent=10732"}],"wp:term":[{"taxonomy":"product_brand","embeddable":true,"href":"https:\/\/gracelandjuegos.com.ar\/web\/wp-json\/wp\/v2\/product_brand?post=10732"},{"taxonomy":"product_cat","embeddable":true,"href":"https:\/\/gracelandjuegos.com.ar\/web\/wp-json\/wp\/v2\/product_cat?post=10732"},{"taxonomy":"product_tag","embeddable":true,"href":"https:\/\/gracelandjuegos.com.ar\/web\/wp-json\/wp\/v2\/product_tag?post=10732"}],"curies":[{"name":"wp","href":"https:\/\/api.w.org\/{rel}","templated":true}]}}