{"id":10730,"date":"2023-08-05T12:34:07","date_gmt":"2023-08-05T15:34:07","guid":{"rendered":"https:\/\/gracelandjuegos.com.ar\/web\/?post_type=product&#038;p=10730"},"modified":"2025-09-10T15:32:06","modified_gmt":"2025-09-10T18:32:06","slug":"escapa-detras-del-telon","status":"publish","type":"product","link":"https:\/\/gracelandjuegos.com.ar\/web\/product\/escapa-detras-del-telon\/","title":{"rendered":"Escapa Detr\u00e1s Del Tel\u00f3n"},"content":{"rendered":"<p id=\"tw-target-text\" class=\"tw-data-text tw-text-large XcVN5d tw-ta\" dir=\"ltr\" data-placeholder=\"Traducci\u00f3n\"><span class=\"Y2IQFc\" lang=\"es\">Escapa: Detr\u00e1s del Tel\u00f3n forma parte de una serie de juegos cooperativos inspirados en salas de escape reales, en las que un grupo de personas quedan \u201catrapadas\u201d dentro de una habitaci\u00f3n llena de acertijos y objetos extra\u00f1os.<\/span><\/p>\n<p class=\"tw-data-text tw-text-large XcVN5d tw-ta\" dir=\"ltr\" data-placeholder=\"Traducci\u00f3n\"><span class=\"Y2IQFc\" lang=\"es\">El objetivo del juego es resolver acertijos, comprender la trama de la historia y hacer un uso inteligente de los elementos proporcionados para salir de la habitaci\u00f3n lo m\u00e1s r\u00e1pido posible.<\/span><\/p>\n<p>\u00a1Descubr\u00ed los secretos del mago!<\/p>\n<p>Un sobre an\u00f3nimo contiene entradas gratis para el \u00faltimo espect\u00e1culo de magia del gran mago Lance Oldman.<\/p>\n<p>El espect\u00e1culo tendr\u00e1 lugar esta noche en Nueva York. Est\u00e1n ansiosos por ir, \u00a1los espera una divertida velada! Pero\u2026 cuando se trata de magia, \u00a1nunca se sabe qu\u00e9 puede pasar!<\/p>\n<p>\u00a1Un giro inesperado cambia el curso del espect\u00e1culo!<\/p>\n<p>\u00bfPodr\u00e1n descubrir los secretos del mago y asombrar ustedes mismos a la audiencia con un truco incre\u00edble?<\/p>\n","protected":false},"excerpt":{"rendered":"<p>G\u00e9nero: Tem\u00e1tico, Familiar.<br \/>\nCategor\u00edas: Sala de Escape, Aventuras, Cartas, Rompecabezas, Tiempo Real.<br \/>\nDise\u00f1ado Por:\u00a0<span class=\"ng-scope\">Martino Chiacchiera,\u00a0<\/span><span class=\"ng-scope\">Silvano Sorrentino<\/span><br \/>\nEditorial: Top Toys<br \/>\nEdad M\u00ednima Recomendada: 12 A\u00f1os<br \/>\nDificultad: 1,92\/5<br \/>\nN\u00ba de Jugadores: 1 a 6<br \/>\nDuraci\u00f3n Promedio de la Partida: 60 Minutos<br \/>\nIdioma: Espa\u00f1ol<\/p>\n","protected":false},"featured_media":10725,"comment_status":"closed","ping_status":"closed","template":"","meta":[],"product_brand":[],"product_cat":[243,351],"product_tag":[],"class_list":{"0":"post-10730","1":"product","2":"type-product","3":"status-publish","4":"has-post-thumbnail","6":"product_cat-juegos-de-mesa","7":"product_cat-top-toys","9":"first","10":"outofstock","11":"shipping-taxable","12":"purchasable","13":"product-type-simple"},"_links":{"self":[{"href":"https:\/\/gracelandjuegos.com.ar\/web\/wp-json\/wp\/v2\/product\/10730","targetHints":{"allow":["GET"]}}],"collection":[{"href":"https:\/\/gracelandjuegos.com.ar\/web\/wp-json\/wp\/v2\/product"}],"about":[{"href":"https:\/\/gracelandjuegos.com.ar\/web\/wp-json\/wp\/v2\/types\/product"}],"replies":[{"embeddable":true,"href":"https:\/\/gracelandjuegos.com.ar\/web\/wp-json\/wp\/v2\/comments?post=10730"}],"wp:featuredmedia":[{"embeddable":true,"href":"https:\/\/gracelandjuegos.com.ar\/web\/wp-json\/wp\/v2\/media\/10725"}],"wp:attachment":[{"href":"https:\/\/gracelandjuegos.com.ar\/web\/wp-json\/wp\/v2\/media?parent=10730"}],"wp:term":[{"taxonomy":"product_brand","embeddable":true,"href":"https:\/\/gracelandjuegos.com.ar\/web\/wp-json\/wp\/v2\/product_brand?post=10730"},{"taxonomy":"product_cat","embeddable":true,"href":"https:\/\/gracelandjuegos.com.ar\/web\/wp-json\/wp\/v2\/product_cat?post=10730"},{"taxonomy":"product_tag","embeddable":true,"href":"https:\/\/gracelandjuegos.com.ar\/web\/wp-json\/wp\/v2\/product_tag?post=10730"}],"curies":[{"name":"wp","href":"https:\/\/api.w.org\/{rel}","templated":true}]}}