{"id":10722,"date":"2023-07-29T12:36:52","date_gmt":"2023-07-29T15:36:52","guid":{"rendered":"https:\/\/gracelandjuegos.com.ar\/web\/?post_type=product&#038;p=10722"},"modified":"2026-02-17T20:34:26","modified_gmt":"2026-02-17T23:34:26","slug":"the-red-cathedral-contractors-expansion","status":"publish","type":"product","link":"https:\/\/gracelandjuegos.com.ar\/web\/product\/the-red-cathedral-contractors-expansion\/","title":{"rendered":"The Red Cathedral Contractors (Expansi\u00f3n)"},"content":{"rendered":"<p>La construcci\u00f3n de la catedral de San Basilio avanza a buen ritmo. Ha llegado el momento de buscar a los mejores especialistas de cada gremio y aplicar sus habilidades y conocimientos para convertir este monumento en algo que sorprenda incluso al propio zar. Es necesario enviar a los contratistas a los confines de Rusia para poder destacar entre la competencia y conseguir la victoria.<\/p>\n<p>Contractors es la primera expansi\u00f3n de The Red Cathedral, el exitoso juego de Shei Santos e Isra Cendrero en el que los jugadores edifican la Catedral de San Basilio de Mosc\u00fa y compiten por hacer la contribuci\u00f3n m\u00e1s memorable y ganarse el favor del Zar. La expansi\u00f3n tambi\u00e9n est\u00e1 ilustrada por Pedro Soto y Chema Rom\u00e1n, inspirados en la obra de Ivan Bilbin, el artista ruso conocido por la majestuosa representaci\u00f3n del folclore eslavo en sus obras. The Red Cathedral destaca entre los juegos recientes por su original mecanismo de rondel, que ha conquistado el coraz\u00f3n de miles de jugadores de todo el mundo.<\/p>\n<p>La expansi\u00f3n viene en una caja que contiene casi tanto contenido como el juego original y lleva la experiencia a otra dimensi\u00f3n. En Contractors encontramos 10 nuevos gremios que se pueden combinar con los del juego b\u00e1sico, 6 cartas de planos adicionales y una nueva carta para el modo en solitario. Muchos de estos nuevos gremios utilizan un nuevo tablero con un mapa de Rusia. Enviaremos a nuestros contratistas por toda Rusia para reclutar el talento de los mejores especialistas y artesanos del pa\u00eds para que ayuden en la construcci\u00f3n de la catedral.<\/p>\n<p>Al igual que en el juego original, cada uno de estos gremios contiene 3 cartas diferentes, de las cuales se puede incluir una por gremio en el juego, lo que significa que Contratistas ofrece 30 nuevas formas diferentes de jugar a The Red Cathedral.<\/p>\n<p>Entre otros elementos destacados, est\u00e1 un dado negro que se puede utilizar junto a los 5 dados existentes para obtener recursos, los diamantes que sirven como una forma de recurso comod\u00edn y los contratistas, que son meeples cosacos que incorporan un elemento de colocaci\u00f3n de trabajadores al juego.<\/p>\n","protected":false},"excerpt":{"rendered":"<p>G\u00e9nero: Estrategia.<br \/>\nCategor\u00edas: Control de \u00c1rea, Dados, Econom\u00eda, Expansi\u00f3n.<br \/>\nDise\u00f1ado Por: Israel Cendrero<span class=\"ng-scope\">, Sheila Santos (Llama Dice)<\/span><span class=\"ng-scope\">.<\/span><br \/>\nEditorial: Devir<br \/>\nEdad M\u00ednima Recomendada: 10 A\u00f1os<br \/>\nDificultad: 2,92\/5<br \/>\nN\u00ba de Jugadores: 1 a 4<br \/>\nDuraci\u00f3n Promedio de la Partida: 90 Minutos<br \/>\nIdioma: Espa\u00f1ol<\/p>\n","protected":false},"featured_media":10714,"comment_status":"closed","ping_status":"closed","template":"","meta":[],"product_brand":[],"product_cat":[339,243],"product_tag":[],"class_list":{"0":"post-10722","1":"product","2":"type-product","3":"status-publish","4":"has-post-thumbnail","6":"product_cat-devir","7":"product_cat-juegos-de-mesa","9":"first","10":"instock","11":"shipping-taxable","12":"purchasable","13":"product-type-simple"},"_links":{"self":[{"href":"https:\/\/gracelandjuegos.com.ar\/web\/wp-json\/wp\/v2\/product\/10722","targetHints":{"allow":["GET"]}}],"collection":[{"href":"https:\/\/gracelandjuegos.com.ar\/web\/wp-json\/wp\/v2\/product"}],"about":[{"href":"https:\/\/gracelandjuegos.com.ar\/web\/wp-json\/wp\/v2\/types\/product"}],"replies":[{"embeddable":true,"href":"https:\/\/gracelandjuegos.com.ar\/web\/wp-json\/wp\/v2\/comments?post=10722"}],"wp:featuredmedia":[{"embeddable":true,"href":"https:\/\/gracelandjuegos.com.ar\/web\/wp-json\/wp\/v2\/media\/10714"}],"wp:attachment":[{"href":"https:\/\/gracelandjuegos.com.ar\/web\/wp-json\/wp\/v2\/media?parent=10722"}],"wp:term":[{"taxonomy":"product_brand","embeddable":true,"href":"https:\/\/gracelandjuegos.com.ar\/web\/wp-json\/wp\/v2\/product_brand?post=10722"},{"taxonomy":"product_cat","embeddable":true,"href":"https:\/\/gracelandjuegos.com.ar\/web\/wp-json\/wp\/v2\/product_cat?post=10722"},{"taxonomy":"product_tag","embeddable":true,"href":"https:\/\/gracelandjuegos.com.ar\/web\/wp-json\/wp\/v2\/product_tag?post=10722"}],"curies":[{"name":"wp","href":"https:\/\/api.w.org\/{rel}","templated":true}]}}