{"id":10719,"date":"2023-07-29T12:23:09","date_gmt":"2023-07-29T15:23:09","guid":{"rendered":"https:\/\/gracelandjuegos.com.ar\/web\/?post_type=product&#038;p=10719"},"modified":"2025-10-06T17:39:27","modified_gmt":"2025-10-06T20:39:27","slug":"dominion-2da-edicion","status":"publish","type":"product","link":"https:\/\/gracelandjuegos.com.ar\/web\/product\/dominion-2da-edicion\/","title":{"rendered":"Dominion (2da Edici\u00f3n)"},"content":{"rendered":"<p>En Dominion (segunda edici\u00f3n) cada jugador posee un Reino (su mazo inicial) y unas inevitables ganas de aumentar sus recursos, objetivo que no es f\u00e1cil de alcanzar cuando hay tres o cuatro jugadores que tienen los mismos planes.<\/p>\n<p>A diferencia de los juegos de mesa y cartas tradicionales, cada participante debe elaborar su mazo y su estrategia a lo largo de la partida.<\/p>\n<p>Con un total de 500 cartas de diferentes tipos (Tesoro, Victoria, Reino y Maldici\u00f3n), una parte de ellas constituyen los suministros que son instalados sobre la mesa (los territorios por dominar y los recursos necesarios para hacerlo); luego, cada jugador comienza la partida con un mazo de diez cartas, con las cuales deber\u00e1 comprar los diferentes suministros que le permitir\u00e1n llevar a cabo sus planes y acrecentar sus puntos de Victoria.<\/p>\n<p>De esta manera, los jugadores deber\u00e1n luchar por lograr la mayor cantidad de puntos de Victoria en su reino para ganar la partida.<\/p>\n","protected":false},"excerpt":{"rendered":"<p>G\u00e9nero: Estrategia.<br \/>\nCategor\u00edas: Cartas, Medieval, Construcci\u00f3n de Mazo, Manejo de Mano, Drafting.<br \/>\nDise\u00f1ado Por: Donald X. Vaccarino<br \/>\nEditorial: Devir<br \/>\nEdad M\u00ednima Recomendada: 13 A\u00f1os<br \/>\nDificultad: 2.17\/5<br \/>\nN\u00ba de Jugadores: 2 a 4<br \/>\nDuraci\u00f3n Promedio de la Partida: 30 Minutos<br \/>\nIdioma: Espa\u00f1ol<\/p>\n","protected":false},"featured_media":10712,"comment_status":"closed","ping_status":"closed","template":"","meta":[],"product_brand":[],"product_cat":[339,243,329],"product_tag":[],"class_list":{"0":"post-10719","1":"product","2":"type-product","3":"status-publish","4":"has-post-thumbnail","6":"product_cat-devir","7":"product_cat-juegos-de-mesa","8":"product_cat-recomendados","10":"first","11":"instock","12":"shipping-taxable","13":"purchasable","14":"product-type-simple"},"_links":{"self":[{"href":"https:\/\/gracelandjuegos.com.ar\/web\/wp-json\/wp\/v2\/product\/10719","targetHints":{"allow":["GET"]}}],"collection":[{"href":"https:\/\/gracelandjuegos.com.ar\/web\/wp-json\/wp\/v2\/product"}],"about":[{"href":"https:\/\/gracelandjuegos.com.ar\/web\/wp-json\/wp\/v2\/types\/product"}],"replies":[{"embeddable":true,"href":"https:\/\/gracelandjuegos.com.ar\/web\/wp-json\/wp\/v2\/comments?post=10719"}],"wp:featuredmedia":[{"embeddable":true,"href":"https:\/\/gracelandjuegos.com.ar\/web\/wp-json\/wp\/v2\/media\/10712"}],"wp:attachment":[{"href":"https:\/\/gracelandjuegos.com.ar\/web\/wp-json\/wp\/v2\/media?parent=10719"}],"wp:term":[{"taxonomy":"product_brand","embeddable":true,"href":"https:\/\/gracelandjuegos.com.ar\/web\/wp-json\/wp\/v2\/product_brand?post=10719"},{"taxonomy":"product_cat","embeddable":true,"href":"https:\/\/gracelandjuegos.com.ar\/web\/wp-json\/wp\/v2\/product_cat?post=10719"},{"taxonomy":"product_tag","embeddable":true,"href":"https:\/\/gracelandjuegos.com.ar\/web\/wp-json\/wp\/v2\/product_tag?post=10719"}],"curies":[{"name":"wp","href":"https:\/\/api.w.org\/{rel}","templated":true}]}}