{"id":10716,"date":"2023-07-29T12:18:22","date_gmt":"2023-07-29T15:18:22","guid":{"rendered":"https:\/\/gracelandjuegos.com.ar\/web\/?post_type=product&#038;p=10716"},"modified":"2026-02-17T20:35:03","modified_gmt":"2026-02-17T23:35:03","slug":"clank","status":"publish","type":"product","link":"https:\/\/gracelandjuegos.com.ar\/web\/product\/clank\/","title":{"rendered":"Clank!"},"content":{"rendered":"<p>\u00a1Abrite camino hacia la aventura en el juego de mesa de construcci\u00f3n de mazo Clank!\u00a0 Entr\u00e1 sigilosamente en la guarida de la monta\u00f1a de un drag\u00f3n para robar sus objetos preciosos. Adentr\u00e1 en sus profundidades para encontrar el bot\u00edn m\u00e1s valioso. Consegu\u00ed cartas para tu mazo y mir\u00e1 c\u00f3mo crecen tus habilidades de ladr\u00f3n.<\/p>\n<p>En Clank! ten\u00e9s que ser r\u00e1pido y silencioso. Cada sonido descuidado atrae la atenci\u00f3n del drag\u00f3n y cada artefacto robado aumenta su ira. \u00a1Vas a poder disfrutar de tu bot\u00edn y de la gloria s\u00f3lo si logr\u00e1s salir con vida de las profundidades!<\/p>\n<p>Clank! Es un juego de construcci\u00f3n de mazos. Cada jugador tiene su propio mazo y construir el tuyo la mec\u00e1nica principal del juego. Vas a empezar cada uno de tus turnos con cinco cartas en tu mano y las vas a jugar todas en el orden que elijas. La mayor\u00eda de las tarjetas generan recursos, de los cuales hay tres tipos diferentes:<\/p>\n<ul>\n<li>Habilidad\u00a0, que se usa para adquirir nuevas cartas para tu mazo.<\/li>\n<li>Las espadas\u00a0, que se utilizan para luchar contra los monstruos que infestan la mazmorra.<\/li>\n<li>Botas , que sirvan para moverse por el tablero.<\/li>\n<\/ul>\n<p>Cada vez que compr\u00e1s una nueva carta, la pon\u00e9s boca arriba en tu pila de descarte. Siempre que necesites sacar una carta y tu mazo este vac\u00edo, baraj\u00e1s tu pila de descarte y la gir\u00e1s boca abajo para formar un nuevo mazo. De esta manera, tus nuevas cartas se convierten en parte de un mazo m\u00e1s grande y mejor. Cada jugador empieza con las mismas cartas, pero al ir comprando nuevas a lo largo de los turnos, el mazo (y la estrategia) de cada uno ser\u00e1n cada vez m\u00e1s diferentes a medida que se desarrolle el juego.<\/p>\n<p>Al final de la partida, el aventurero que haya logrado escapar de las profundidades con los tesoros de mayor valor, \u00a1gana la partida!<\/p>\n","protected":false},"excerpt":{"rendered":"<p>G\u00e9nero: Familiar, Estrategia.<br \/>\nCategor\u00edas: Fantas\u00eda, Aventura, Construcci\u00f3n de Mazos, Toma de Riesgos.<br \/>\nDise\u00f1ado Por: Paul Dennen<br \/>\nEditorial: Devir<br \/>\nEdad M\u00ednima Recomendada: 12 A\u00f1os<br \/>\nDificultad: 2.23\/5<br \/>\nN\u00ba de Jugadores: 2 a 4<br \/>\nDuraci\u00f3n Promedio de la Partida: 60 Minutos<br \/>\nIdioma: Espa\u00f1ol<\/p>\n","protected":false},"featured_media":10711,"comment_status":"closed","ping_status":"closed","template":"","meta":[],"product_brand":[],"product_cat":[339,243,329],"product_tag":[],"class_list":{"0":"post-10716","1":"product","2":"type-product","3":"status-publish","4":"has-post-thumbnail","6":"product_cat-devir","7":"product_cat-juegos-de-mesa","8":"product_cat-recomendados","10":"first","11":"instock","12":"shipping-taxable","13":"purchasable","14":"product-type-simple"},"_links":{"self":[{"href":"https:\/\/gracelandjuegos.com.ar\/web\/wp-json\/wp\/v2\/product\/10716","targetHints":{"allow":["GET"]}}],"collection":[{"href":"https:\/\/gracelandjuegos.com.ar\/web\/wp-json\/wp\/v2\/product"}],"about":[{"href":"https:\/\/gracelandjuegos.com.ar\/web\/wp-json\/wp\/v2\/types\/product"}],"replies":[{"embeddable":true,"href":"https:\/\/gracelandjuegos.com.ar\/web\/wp-json\/wp\/v2\/comments?post=10716"}],"wp:featuredmedia":[{"embeddable":true,"href":"https:\/\/gracelandjuegos.com.ar\/web\/wp-json\/wp\/v2\/media\/10711"}],"wp:attachment":[{"href":"https:\/\/gracelandjuegos.com.ar\/web\/wp-json\/wp\/v2\/media?parent=10716"}],"wp:term":[{"taxonomy":"product_brand","embeddable":true,"href":"https:\/\/gracelandjuegos.com.ar\/web\/wp-json\/wp\/v2\/product_brand?post=10716"},{"taxonomy":"product_cat","embeddable":true,"href":"https:\/\/gracelandjuegos.com.ar\/web\/wp-json\/wp\/v2\/product_cat?post=10716"},{"taxonomy":"product_tag","embeddable":true,"href":"https:\/\/gracelandjuegos.com.ar\/web\/wp-json\/wp\/v2\/product_tag?post=10716"}],"curies":[{"name":"wp","href":"https:\/\/api.w.org\/{rel}","templated":true}]}}