{"id":10702,"date":"2023-07-17T17:47:15","date_gmt":"2023-07-17T20:47:15","guid":{"rendered":"https:\/\/gracelandjuegos.com.ar\/web\/?post_type=product&#038;p=10702"},"modified":"2024-09-18T09:30:34","modified_gmt":"2024-09-18T12:30:34","slug":"juanito-blockits","status":"publish","type":"product","link":"https:\/\/gracelandjuegos.com.ar\/web\/product\/juanito-blockits\/","title":{"rendered":"Juanito Blockits"},"content":{"rendered":"<p>Juanito Blockits es un juego en el que los tableros de juego ir\u00e1n rotando de una persona a otra. En cada ronda, la figura indicada por el dado debe colocarse en el \u00e1rea de juego, de tal manera que complete una o m\u00e1s l\u00edneas o, en su defecto, maximice el n\u00famero de espacios bloqueados para evitar que los rivales los cierren en su turno.<\/p>\n<p>El objetivo del juego es conseguir el mayor n\u00famero de puntos posible, que se obtienen completando l\u00edneas, bloqueando espacios y especializ\u00e1ndose en algunas figuras para conseguir altas puntuaciones, sin dejar de lado la variedad.<\/p>\n<p>Un juego que vuelve a usar las mec\u00e1nicas de las fichas de poliomin\u00f3s pero con una vuelta de tuerca y haciendo que sea mas interactivo que otros juegos de este g\u00e9nero.<\/p>\n","protected":false},"excerpt":{"rendered":"<p>G\u00e9nero: Familiar.<br \/>\nCategor\u00edas: Dados, Papel y L\u00e1piz, Patrones.<br \/>\nDise\u00f1ado Por: Alejandra Pini<br \/>\nEditorial: El Drag\u00f3n Az\u00fal<br \/>\nEdad M\u00ednima Recomendada: 8 A\u00f1os<br \/>\nDificultad: 2.00\/5<br \/>\nN\u00ba de Jugadores: 2 a 4<br \/>\nDuraci\u00f3n Promedio de la Partida: 20 Minutos<br \/>\nIdioma: Espa\u00f1ol<\/p>\n","protected":false},"featured_media":10689,"comment_status":"closed","ping_status":"closed","template":"","meta":[],"product_brand":[],"product_cat":[342,243,328],"product_tag":[],"class_list":{"0":"post-10702","1":"product","2":"type-product","3":"status-publish","4":"has-post-thumbnail","6":"product_cat-el-dragon-azul","7":"product_cat-juegos-de-mesa","8":"product_cat-novedades","10":"first","11":"instock","12":"shipping-taxable","13":"purchasable","14":"product-type-simple"},"_links":{"self":[{"href":"https:\/\/gracelandjuegos.com.ar\/web\/wp-json\/wp\/v2\/product\/10702","targetHints":{"allow":["GET"]}}],"collection":[{"href":"https:\/\/gracelandjuegos.com.ar\/web\/wp-json\/wp\/v2\/product"}],"about":[{"href":"https:\/\/gracelandjuegos.com.ar\/web\/wp-json\/wp\/v2\/types\/product"}],"replies":[{"embeddable":true,"href":"https:\/\/gracelandjuegos.com.ar\/web\/wp-json\/wp\/v2\/comments?post=10702"}],"wp:featuredmedia":[{"embeddable":true,"href":"https:\/\/gracelandjuegos.com.ar\/web\/wp-json\/wp\/v2\/media\/10689"}],"wp:attachment":[{"href":"https:\/\/gracelandjuegos.com.ar\/web\/wp-json\/wp\/v2\/media?parent=10702"}],"wp:term":[{"taxonomy":"product_brand","embeddable":true,"href":"https:\/\/gracelandjuegos.com.ar\/web\/wp-json\/wp\/v2\/product_brand?post=10702"},{"taxonomy":"product_cat","embeddable":true,"href":"https:\/\/gracelandjuegos.com.ar\/web\/wp-json\/wp\/v2\/product_cat?post=10702"},{"taxonomy":"product_tag","embeddable":true,"href":"https:\/\/gracelandjuegos.com.ar\/web\/wp-json\/wp\/v2\/product_tag?post=10702"}],"curies":[{"name":"wp","href":"https:\/\/api.w.org\/{rel}","templated":true}]}}