{"id":10700,"date":"2023-07-17T17:45:05","date_gmt":"2023-07-17T20:45:05","guid":{"rendered":"https:\/\/gracelandjuegos.com.ar\/web\/?post_type=product&#038;p=10700"},"modified":"2024-04-20T12:26:44","modified_gmt":"2024-04-20T15:26:44","slug":"crop-circles","status":"publish","type":"product","link":"https:\/\/gracelandjuegos.com.ar\/web\/product\/crop-circles\/","title":{"rendered":"Crop Circles"},"content":{"rendered":"<p>Extra\u00f1os c\u00edrculos han comenzado a aparecer en diferentes cosechas de ma\u00edz\u2026 \u00bfSer\u00e1 evidencia de vida extraterrestre? \u00bfO una reinvenci\u00f3n del negocio agr\u00edcola para atraer turistas a sus decadentes cultivos?<\/p>\n<p>Cada participante deber\u00e1 lanzar los dados, posicionar los n\u00fameros en sus campos, y realizar las mejores combinaciones posibles. \u00bfPodr\u00e1s tener los Crop Circles m\u00e1s atractivos para la invasi\u00f3n de turistas?<\/p>\n<p>JUEGO GANADOR DEL CONCURSO LL\u00c9VALO A LA MESA: ROLL &amp; WRITE 2021<\/p>\n","protected":false},"excerpt":{"rendered":"<p>G\u00e9nero: Familiar.<br \/>\nCategor\u00edas: Dados, Matem\u00e1tica, N\u00fameros, Papel y L\u00e1piz.<br \/>\nDise\u00f1ado Por: Sebasti\u00e1n Mart\u00ednez<br \/>\nEditorial: Neptuno Games<br \/>\nEdad M\u00ednima Recomendada: 8 A\u00f1os<br \/>\nDificultad: 2.17\/5<br \/>\nN\u00ba de Jugadores: 1 a 12<br \/>\nDuraci\u00f3n Promedio de la Partida: 25 Minutos<br \/>\nIdioma: Espa\u00f1ol<\/p>\n","protected":false},"featured_media":10686,"comment_status":"closed","ping_status":"closed","template":"","meta":[],"product_brand":[],"product_cat":[243,344],"product_tag":[],"class_list":{"0":"post-10700","1":"product","2":"type-product","3":"status-publish","4":"has-post-thumbnail","6":"product_cat-juegos-de-mesa","7":"product_cat-neptuno","9":"first","10":"instock","11":"shipping-taxable","12":"purchasable","13":"product-type-simple"},"_links":{"self":[{"href":"https:\/\/gracelandjuegos.com.ar\/web\/wp-json\/wp\/v2\/product\/10700","targetHints":{"allow":["GET"]}}],"collection":[{"href":"https:\/\/gracelandjuegos.com.ar\/web\/wp-json\/wp\/v2\/product"}],"about":[{"href":"https:\/\/gracelandjuegos.com.ar\/web\/wp-json\/wp\/v2\/types\/product"}],"replies":[{"embeddable":true,"href":"https:\/\/gracelandjuegos.com.ar\/web\/wp-json\/wp\/v2\/comments?post=10700"}],"wp:featuredmedia":[{"embeddable":true,"href":"https:\/\/gracelandjuegos.com.ar\/web\/wp-json\/wp\/v2\/media\/10686"}],"wp:attachment":[{"href":"https:\/\/gracelandjuegos.com.ar\/web\/wp-json\/wp\/v2\/media?parent=10700"}],"wp:term":[{"taxonomy":"product_brand","embeddable":true,"href":"https:\/\/gracelandjuegos.com.ar\/web\/wp-json\/wp\/v2\/product_brand?post=10700"},{"taxonomy":"product_cat","embeddable":true,"href":"https:\/\/gracelandjuegos.com.ar\/web\/wp-json\/wp\/v2\/product_cat?post=10700"},{"taxonomy":"product_tag","embeddable":true,"href":"https:\/\/gracelandjuegos.com.ar\/web\/wp-json\/wp\/v2\/product_tag?post=10700"}],"curies":[{"name":"wp","href":"https:\/\/api.w.org\/{rel}","templated":true}]}}