{"id":10699,"date":"2023-07-17T17:44:08","date_gmt":"2023-07-17T20:44:08","guid":{"rendered":"https:\/\/gracelandjuegos.com.ar\/web\/?post_type=product&#038;p=10699"},"modified":"2024-04-20T12:26:52","modified_gmt":"2024-04-20T15:26:52","slug":"pasantes","status":"publish","type":"product","link":"https:\/\/gracelandjuegos.com.ar\/web\/product\/pasantes\/","title":{"rendered":"Pasantes"},"content":{"rendered":"<p>Un gran juego de gesti\u00f3n de mano, donde hay que tener astucia para ser el primero en quedarse sin cartas.<\/p>\n<p>La siempre ajetreada redacci\u00f3n de Paper Travels Magazine est\u00e1 buscando un pasante para sumar al staff. En la descripci\u00f3n del puesto figura: &#8220;tareas varias&#8221;&#8230; \u00a1Bueno, alguien tiene que traer el caf\u00e9! Si la suerte y la astucia est\u00e1n a tu favor y logr\u00e1s enviar a todos tus reporteros (quedarte sin cartas) alcanzaras el rol de CEO y tendr\u00e1s mas privilegios que nadie en la oficina. \u00a1Pero cuidado! Si todav\u00eda ten\u00e9s cartas al final de la ronda te convertir\u00e1s en Pasante y tendr\u00e1s que pagar el derecho de piso&#8230;<\/p>\n","protected":false},"excerpt":{"rendered":"<p>G\u00e9nero: Familiar.<br \/>\nCategor\u00edas: Cartas, Manejo de Mano, Escaleras.<br \/>\nDise\u00f1ado Por: Lu P\u00e9rez Piz\u00e1<br \/>\nEditorial: Neptuno Games<br \/>\nEdad M\u00ednima Recomendada: 10 A\u00f1os<br \/>\nDificultad: 1,00\/5<br \/>\nN\u00ba de Jugadores: 3 a 8<br \/>\nDuraci\u00f3n Promedio de la Partida: 30 Minutos<br \/>\nIdioma: Espa\u00f1ol<\/p>\n","protected":false},"featured_media":10691,"comment_status":"closed","ping_status":"closed","template":"","meta":[],"product_brand":[],"product_cat":[243,344,328],"product_tag":[],"class_list":{"0":"post-10699","1":"product","2":"type-product","3":"status-publish","4":"has-post-thumbnail","6":"product_cat-juegos-de-mesa","7":"product_cat-neptuno","8":"product_cat-novedades","10":"first","11":"instock","12":"shipping-taxable","13":"purchasable","14":"product-type-simple"},"_links":{"self":[{"href":"https:\/\/gracelandjuegos.com.ar\/web\/wp-json\/wp\/v2\/product\/10699","targetHints":{"allow":["GET"]}}],"collection":[{"href":"https:\/\/gracelandjuegos.com.ar\/web\/wp-json\/wp\/v2\/product"}],"about":[{"href":"https:\/\/gracelandjuegos.com.ar\/web\/wp-json\/wp\/v2\/types\/product"}],"replies":[{"embeddable":true,"href":"https:\/\/gracelandjuegos.com.ar\/web\/wp-json\/wp\/v2\/comments?post=10699"}],"wp:featuredmedia":[{"embeddable":true,"href":"https:\/\/gracelandjuegos.com.ar\/web\/wp-json\/wp\/v2\/media\/10691"}],"wp:attachment":[{"href":"https:\/\/gracelandjuegos.com.ar\/web\/wp-json\/wp\/v2\/media?parent=10699"}],"wp:term":[{"taxonomy":"product_brand","embeddable":true,"href":"https:\/\/gracelandjuegos.com.ar\/web\/wp-json\/wp\/v2\/product_brand?post=10699"},{"taxonomy":"product_cat","embeddable":true,"href":"https:\/\/gracelandjuegos.com.ar\/web\/wp-json\/wp\/v2\/product_cat?post=10699"},{"taxonomy":"product_tag","embeddable":true,"href":"https:\/\/gracelandjuegos.com.ar\/web\/wp-json\/wp\/v2\/product_tag?post=10699"}],"curies":[{"name":"wp","href":"https:\/\/api.w.org\/{rel}","templated":true}]}}