{"id":10697,"date":"2023-07-17T17:42:15","date_gmt":"2023-07-17T20:42:15","guid":{"rendered":"https:\/\/gracelandjuegos.com.ar\/web\/?post_type=product&#038;p=10697"},"modified":"2024-04-20T12:27:06","modified_gmt":"2024-04-20T15:27:06","slug":"quien-fue","status":"publish","type":"product","link":"https:\/\/gracelandjuegos.com.ar\/web\/product\/quien-fue\/","title":{"rendered":"\u00bfQui\u00e9n Fue?"},"content":{"rendered":"<p>\u00a1La mascota de alguno de nosotros se hizo caca en el living!<br \/>\n\u00a1\u00a1\u00a1Tu trabajo es defender a tu animalito y culpar al de los dem\u00e1s!!!<br \/>\n\u00a1Aquel que junte tres \ud83d\udca9 pierde!<\/p>\n<p>\u201c\u00a1Mi loro NO fue qui\u00e9n se hizo caca en medio del comedor, pero creo que fue el conejo!\u201d<br \/>\nComo orgulloso due\u00f1o de un adorable conejito, tu deber es despejar r\u00e1pidamente las dudas sobre \u00e9l y dirigir las sospechas hacia la mascota de otro jugador. Para conseguirlo deber\u00e1s confiar en tu memoria y rapidez de reacci\u00f3n. Si no, podr\u00edas acabar acusando a una mascota inocente y teniendo que limpiar todo el desastre.<\/p>\n","protected":false},"excerpt":{"rendered":"<p>G\u00e9nero: Familiar.<br \/>\nCategor\u00edas: Cartas, Memoria, Animales, Infantil.<br \/>\nDise\u00f1ado Por: Jonathan Favre-Godal<br \/>\nEditorial: Neptuno Games<br \/>\nEdad M\u00ednima Recomendada: 6 A\u00f1os<br \/>\nDificultad: 1,03\/5<br \/>\nN\u00ba de Jugadores: 3 a 6<br \/>\nDuraci\u00f3n Promedio de la Partida: 15 Minutos<br \/>\nIdioma: Espa\u00f1ol<\/p>\n","protected":false},"featured_media":10692,"comment_status":"closed","ping_status":"closed","template":"","meta":[],"product_brand":[],"product_cat":[243,344],"product_tag":[],"class_list":{"0":"post-10697","1":"product","2":"type-product","3":"status-publish","4":"has-post-thumbnail","6":"product_cat-juegos-de-mesa","7":"product_cat-neptuno","9":"first","10":"instock","11":"shipping-taxable","12":"purchasable","13":"product-type-simple"},"_links":{"self":[{"href":"https:\/\/gracelandjuegos.com.ar\/web\/wp-json\/wp\/v2\/product\/10697","targetHints":{"allow":["GET"]}}],"collection":[{"href":"https:\/\/gracelandjuegos.com.ar\/web\/wp-json\/wp\/v2\/product"}],"about":[{"href":"https:\/\/gracelandjuegos.com.ar\/web\/wp-json\/wp\/v2\/types\/product"}],"replies":[{"embeddable":true,"href":"https:\/\/gracelandjuegos.com.ar\/web\/wp-json\/wp\/v2\/comments?post=10697"}],"wp:featuredmedia":[{"embeddable":true,"href":"https:\/\/gracelandjuegos.com.ar\/web\/wp-json\/wp\/v2\/media\/10692"}],"wp:attachment":[{"href":"https:\/\/gracelandjuegos.com.ar\/web\/wp-json\/wp\/v2\/media?parent=10697"}],"wp:term":[{"taxonomy":"product_brand","embeddable":true,"href":"https:\/\/gracelandjuegos.com.ar\/web\/wp-json\/wp\/v2\/product_brand?post=10697"},{"taxonomy":"product_cat","embeddable":true,"href":"https:\/\/gracelandjuegos.com.ar\/web\/wp-json\/wp\/v2\/product_cat?post=10697"},{"taxonomy":"product_tag","embeddable":true,"href":"https:\/\/gracelandjuegos.com.ar\/web\/wp-json\/wp\/v2\/product_tag?post=10697"}],"curies":[{"name":"wp","href":"https:\/\/api.w.org\/{rel}","templated":true}]}}