{"id":10696,"date":"2023-07-17T17:41:05","date_gmt":"2023-07-17T20:41:05","guid":{"rendered":"https:\/\/gracelandjuegos.com.ar\/web\/?post_type=product&#038;p=10696"},"modified":"2024-04-20T12:27:17","modified_gmt":"2024-04-20T15:27:17","slug":"draftosaurus-show-aereo-expansion","status":"publish","type":"product","link":"https:\/\/gracelandjuegos.com.ar\/web\/product\/draftosaurus-show-aereo-expansion\/","title":{"rendered":"Draftosaurus Show A\u00e9reo (Expansi\u00f3n)"},"content":{"rendered":"<p>\u00a1Los Pterod\u00e1ctilos anidar\u00e1n en la cima de las monta\u00f1as que ahora forman parte de su parque!<\/p>\n<p><em>Draftosaurus: Show A\u00e9reo\u00a0<\/em>ampl\u00eda los l\u00edmites de tu parque y a\u00f1ade una nueva especie: \u00a1Los Pterod\u00e1ctilos!<\/p>\n<p>Esta expansi\u00f3n para Draftosaurus agrega un tablero de doble cara que cada jugador puede combinar con su parque existente para agregar una nueva zona monta\u00f1osa. Los Pterod\u00e1ctilos son los \u00fanicos dino-meeples que se pueden colocar en esta parte del tablero, y cada uno de sus nidos te ofrece a cambio una bonificaci\u00f3n espec\u00edfica, que va desde puntos extra hasta inmunidad al dado de colocaci\u00f3n.<\/p>\n<p>&nbsp;<\/p>\n<p>Requiere e juego Base.<\/p>\n","protected":false},"excerpt":{"rendered":"<p>G\u00e9nero: Familiar.<br \/>\nCategor\u00edas: Dados, Drafting, Dinosaurios, Acciones Simult\u00e1neas, Colecciones, Expansi\u00f3n.<br \/>\nDise\u00f1ado Por:\u00a0<span class=\"ng-scope\">Antoine Bauza,\u00a0<\/span><span class=\"ng-scope\">Corentin Lebrat,\u00a0<\/span><span class=\"ng-scope\">Ludovic Maublanc,\u00a0<\/span><span class=\"ng-scope\">Th\u00e9o Rivi\u00e8re<\/span><br \/>\nEditorial: Neptuno Games<br \/>\nEdad M\u00ednima Recomendada: 8 A\u00f1os<br \/>\nDificultad: 1,24\/5<br \/>\nN\u00ba de Jugadores: 2 a 5<br \/>\nDuraci\u00f3n Promedio de la Partida: 15 Minutos<br \/>\nIdioma: Espa\u00f1ol<\/p>\n","protected":false},"featured_media":10688,"comment_status":"closed","ping_status":"closed","template":"","meta":[],"product_brand":[],"product_cat":[243,344],"product_tag":[],"class_list":{"0":"post-10696","1":"product","2":"type-product","3":"status-publish","4":"has-post-thumbnail","6":"product_cat-juegos-de-mesa","7":"product_cat-neptuno","9":"first","10":"instock","11":"shipping-taxable","12":"purchasable","13":"product-type-simple"},"_links":{"self":[{"href":"https:\/\/gracelandjuegos.com.ar\/web\/wp-json\/wp\/v2\/product\/10696","targetHints":{"allow":["GET"]}}],"collection":[{"href":"https:\/\/gracelandjuegos.com.ar\/web\/wp-json\/wp\/v2\/product"}],"about":[{"href":"https:\/\/gracelandjuegos.com.ar\/web\/wp-json\/wp\/v2\/types\/product"}],"replies":[{"embeddable":true,"href":"https:\/\/gracelandjuegos.com.ar\/web\/wp-json\/wp\/v2\/comments?post=10696"}],"wp:featuredmedia":[{"embeddable":true,"href":"https:\/\/gracelandjuegos.com.ar\/web\/wp-json\/wp\/v2\/media\/10688"}],"wp:attachment":[{"href":"https:\/\/gracelandjuegos.com.ar\/web\/wp-json\/wp\/v2\/media?parent=10696"}],"wp:term":[{"taxonomy":"product_brand","embeddable":true,"href":"https:\/\/gracelandjuegos.com.ar\/web\/wp-json\/wp\/v2\/product_brand?post=10696"},{"taxonomy":"product_cat","embeddable":true,"href":"https:\/\/gracelandjuegos.com.ar\/web\/wp-json\/wp\/v2\/product_cat?post=10696"},{"taxonomy":"product_tag","embeddable":true,"href":"https:\/\/gracelandjuegos.com.ar\/web\/wp-json\/wp\/v2\/product_tag?post=10696"}],"curies":[{"name":"wp","href":"https:\/\/api.w.org\/{rel}","templated":true}]}}