{"id":10694,"date":"2023-07-17T17:40:04","date_gmt":"2023-07-17T20:40:04","guid":{"rendered":"https:\/\/gracelandjuegos.com.ar\/web\/?post_type=product&#038;p=10694"},"modified":"2024-05-08T20:56:49","modified_gmt":"2024-05-08T23:56:49","slug":"draftosaurus-marina-expansion","status":"publish","type":"product","link":"https:\/\/gracelandjuegos.com.ar\/web\/product\/draftosaurus-marina-expansion\/","title":{"rendered":"Draftosaurus Marina (Expansi\u00f3n)"},"content":{"rendered":"<p>Draftosaurus: Marina\u00a0permite ampliar tu parque tem\u00e1tico de Dinosaurios sumando una nueva especie \u00a1Plesiosaurios!<\/p>\n<p>Este juego es una\u00a0expansi\u00f3n\u00a0para el\u00a0\u00a0Draftosaurus\u00a0el cual nos brinda un nuevo tablero, tambi\u00e9n de doble cara, como en el juego base, permitiendo as\u00ed que los jugadores puedan combinar su parque tem\u00e1tico agregando una nueva zona de r\u00edo. Los nuevos integrantes, los plesiosaurios, son los \u00fanicos que pueden colocarse en esta parte del r\u00edo, dando as\u00ed la posibilidad de sumar m\u00e1s puntos al final del juego.<\/p>\n","protected":false},"excerpt":{"rendered":"<p>G\u00e9nero: Familiar.<br \/>\nCategor\u00edas: Dados, Drafting, Dinosaurios, Acciones Simult\u00e1neas, Colecciones, Expansi\u00f3n.<br \/>\nDise\u00f1ado Por:\u00a0<span class=\"ng-scope\">Antoine Bauza,\u00a0<\/span><span class=\"ng-scope\">Corentin Lebrat,\u00a0<\/span><span class=\"ng-scope\">Ludovic Maublanc,\u00a0<\/span><span class=\"ng-scope\">Th\u00e9o Rivi\u00e8re<\/span><br \/>\nEditorial: Neptuno Games<br \/>\nEdad M\u00ednima Recomendada: 8 A\u00f1os<br \/>\nDificultad: 1,24\/5<br \/>\nN\u00ba de Jugadores: 2 a 5<br \/>\nDuraci\u00f3n Promedio de la Partida: 15 Minutos<br \/>\nIdioma: Espa\u00f1ol<\/p>\n","protected":false},"featured_media":10687,"comment_status":"closed","ping_status":"closed","template":"","meta":[],"product_brand":[],"product_cat":[243,344],"product_tag":[],"class_list":{"0":"post-10694","1":"product","2":"type-product","3":"status-publish","4":"has-post-thumbnail","6":"product_cat-juegos-de-mesa","7":"product_cat-neptuno","9":"first","10":"instock","11":"shipping-taxable","12":"purchasable","13":"product-type-simple"},"_links":{"self":[{"href":"https:\/\/gracelandjuegos.com.ar\/web\/wp-json\/wp\/v2\/product\/10694","targetHints":{"allow":["GET"]}}],"collection":[{"href":"https:\/\/gracelandjuegos.com.ar\/web\/wp-json\/wp\/v2\/product"}],"about":[{"href":"https:\/\/gracelandjuegos.com.ar\/web\/wp-json\/wp\/v2\/types\/product"}],"replies":[{"embeddable":true,"href":"https:\/\/gracelandjuegos.com.ar\/web\/wp-json\/wp\/v2\/comments?post=10694"}],"wp:featuredmedia":[{"embeddable":true,"href":"https:\/\/gracelandjuegos.com.ar\/web\/wp-json\/wp\/v2\/media\/10687"}],"wp:attachment":[{"href":"https:\/\/gracelandjuegos.com.ar\/web\/wp-json\/wp\/v2\/media?parent=10694"}],"wp:term":[{"taxonomy":"product_brand","embeddable":true,"href":"https:\/\/gracelandjuegos.com.ar\/web\/wp-json\/wp\/v2\/product_brand?post=10694"},{"taxonomy":"product_cat","embeddable":true,"href":"https:\/\/gracelandjuegos.com.ar\/web\/wp-json\/wp\/v2\/product_cat?post=10694"},{"taxonomy":"product_tag","embeddable":true,"href":"https:\/\/gracelandjuegos.com.ar\/web\/wp-json\/wp\/v2\/product_tag?post=10694"}],"curies":[{"name":"wp","href":"https:\/\/api.w.org\/{rel}","templated":true}]}}