{"id":10677,"date":"2023-07-17T15:02:24","date_gmt":"2023-07-17T18:02:24","guid":{"rendered":"https:\/\/gracelandjuegos.com.ar\/web\/?post_type=product&#038;p=10677"},"modified":"2026-02-17T20:35:19","modified_gmt":"2026-02-17T23:35:19","slug":"bitoku","status":"publish","type":"product","link":"https:\/\/gracelandjuegos.com.ar\/web\/product\/bitoku\/","title":{"rendered":"Bitoku"},"content":{"rendered":"<p>El gran esp\u00edritu del bosque lleva gobernando con sabidur\u00eda y justicia la vida de todos aquellos que ah\u00ed habitan. Pero su tiempo est\u00e1 llegando a su fin y debe encontrar a su sucesor.<\/p>\n<p>En este juego los jugadores tomar\u00e1n el rol de estos esp\u00edritus Bitoku, con el objetivo de convertirse en el pr\u00f3ximo gran esp\u00edritu del bosque. Para ello contar\u00e1n con la ayuda de los y\u014dkai, los kodamas y los distintos peregrinos que los acompa\u00f1ar\u00e1n en el camino.<\/p>\n<p>Con una perfecta simbiosis entre tem\u00e1tica y mec\u00e1nicas, Bitoku es un juego que por su presencia y nivel de profundidad har\u00e1 las delicias de los jugadores m\u00e1s experimentados<\/p>\n","protected":false},"excerpt":{"rendered":"<p>G\u00e9nero: Estrategia.<br \/>\nCategor\u00edas: Fantas\u00eda, Mitolog\u00eda, Construcci\u00f3n de Mazos, Manejo de mano, Colecciones, Solitario.<br \/>\nDise\u00f1ado Por: Germ\u00e1n P. Mill\u00e1n<br \/>\nEditorial: Devir<br \/>\nEdad M\u00ednima Recomendada: 12 A\u00f1os<br \/>\nDificultad: 3.73\/5<br \/>\nN\u00ba de Jugadores: 1 a 4<br \/>\nDuraci\u00f3n Promedio de la Partida: 120 Minutos<br \/>\nIdioma: Espa\u00f1ol<\/p>\n","protected":false},"featured_media":10662,"comment_status":"closed","ping_status":"closed","template":"","meta":[],"product_brand":[],"product_cat":[339,243,328,329],"product_tag":[],"class_list":{"0":"post-10677","1":"product","2":"type-product","3":"status-publish","4":"has-post-thumbnail","6":"product_cat-devir","7":"product_cat-juegos-de-mesa","8":"product_cat-novedades","9":"product_cat-recomendados","11":"first","12":"instock","13":"shipping-taxable","14":"purchasable","15":"product-type-simple"},"_links":{"self":[{"href":"https:\/\/gracelandjuegos.com.ar\/web\/wp-json\/wp\/v2\/product\/10677","targetHints":{"allow":["GET"]}}],"collection":[{"href":"https:\/\/gracelandjuegos.com.ar\/web\/wp-json\/wp\/v2\/product"}],"about":[{"href":"https:\/\/gracelandjuegos.com.ar\/web\/wp-json\/wp\/v2\/types\/product"}],"replies":[{"embeddable":true,"href":"https:\/\/gracelandjuegos.com.ar\/web\/wp-json\/wp\/v2\/comments?post=10677"}],"wp:featuredmedia":[{"embeddable":true,"href":"https:\/\/gracelandjuegos.com.ar\/web\/wp-json\/wp\/v2\/media\/10662"}],"wp:attachment":[{"href":"https:\/\/gracelandjuegos.com.ar\/web\/wp-json\/wp\/v2\/media?parent=10677"}],"wp:term":[{"taxonomy":"product_brand","embeddable":true,"href":"https:\/\/gracelandjuegos.com.ar\/web\/wp-json\/wp\/v2\/product_brand?post=10677"},{"taxonomy":"product_cat","embeddable":true,"href":"https:\/\/gracelandjuegos.com.ar\/web\/wp-json\/wp\/v2\/product_cat?post=10677"},{"taxonomy":"product_tag","embeddable":true,"href":"https:\/\/gracelandjuegos.com.ar\/web\/wp-json\/wp\/v2\/product_tag?post=10677"}],"curies":[{"name":"wp","href":"https:\/\/api.w.org\/{rel}","templated":true}]}}