{"id":10676,"date":"2023-07-17T15:01:10","date_gmt":"2023-07-17T18:01:10","guid":{"rendered":"https:\/\/gracelandjuegos.com.ar\/web\/?post_type=product&#038;p=10676"},"modified":"2026-02-17T20:35:34","modified_gmt":"2026-02-17T23:35:34","slug":"catan","status":"publish","type":"product","link":"https:\/\/gracelandjuegos.com.ar\/web\/product\/catan\/","title":{"rendered":"Catan"},"content":{"rendered":"<p>Pocos juegos re\u00fanen tantas cualidades como Catan. Su mec\u00e1nica innovadora, capaz de satisfacer hasta el paladar del jugador m\u00e1s exquisito en materia de juegos de mesa, lo ha hecho merecedor de los m\u00e1s importantes premios internacionales.<\/p>\n<p>El juego se desarrolla sobre un tablero montado al azar, formado por casillas hexagonales que representan los campos, monta\u00f1as, bosques, canteras y llanuras de la isla de Catan; y sobre las cuales se ubica un marcador que indica el n\u00famero de una las tiradas de dados posibles (n\u00fameros 2 al 12). De acuerdo al resultado en los dados, los jugadores obtendr\u00e1n materias primas de aquellas tierras en las que hayan construido sus pueblos y ciudades, las cuales les servir\u00e1n para seguir creando asentamientos y expandir sus dominios con el fin de conseguir los 10 puntos necesarios para ganar la partida.<\/p>\n<p>A lo largo del juego, cada participante tendr\u00e1 oportunidad no s\u00f3lo de competir por el control de las mejores combinaciones de tierras, sino tambi\u00e9n de cambiar sus materias primas con la banca o con el resto de los jugadores, lo cual propiciar\u00e1 o entorpecer\u00e1 irremediablemente las ambiciones de unos y otros. Pero eso no es todo, porque a la rivalidad de los jugadores y su cambiante fortuna, se sumar\u00e1 el azote implacable del Ladr\u00f3n que, de cuando en cuando, le dar\u00e1 a un participante la oportunidad de robar las materias primas de uno de sus compa\u00f1eros, echando por los suelos sus planes secretos de expansi\u00f3n.<\/p>\n","protected":false},"excerpt":{"rendered":"<p>G\u00e9nero: Familiar, Estrategia.<br \/>\nCategor\u00edas: Econom\u00eda, Negociaci\u00f3n, Dados, Grilla Hexagonal, Tablero Modular.<br \/>\nDise\u00f1ado Por: Klaus Teuber<br \/>\nEditorial: Devir<br \/>\nEdad M\u00ednima Recomendada: 10 A\u00f1os<br \/>\nDificultad: 2.30\/5<br \/>\nN\u00ba de Jugadores: 3 a 4<br \/>\nDuraci\u00f3n Promedio de la Partida: 120 Minutos<br \/>\nIdioma: Espa\u00f1ol<\/p>\n","protected":false},"featured_media":10663,"comment_status":"closed","ping_status":"closed","template":"","meta":[],"product_brand":[],"product_cat":[339,243,329],"product_tag":[],"class_list":{"0":"post-10676","1":"product","2":"type-product","3":"status-publish","4":"has-post-thumbnail","6":"product_cat-devir","7":"product_cat-juegos-de-mesa","8":"product_cat-recomendados","10":"first","11":"instock","12":"shipping-taxable","13":"purchasable","14":"product-type-simple"},"_links":{"self":[{"href":"https:\/\/gracelandjuegos.com.ar\/web\/wp-json\/wp\/v2\/product\/10676","targetHints":{"allow":["GET"]}}],"collection":[{"href":"https:\/\/gracelandjuegos.com.ar\/web\/wp-json\/wp\/v2\/product"}],"about":[{"href":"https:\/\/gracelandjuegos.com.ar\/web\/wp-json\/wp\/v2\/types\/product"}],"replies":[{"embeddable":true,"href":"https:\/\/gracelandjuegos.com.ar\/web\/wp-json\/wp\/v2\/comments?post=10676"}],"wp:featuredmedia":[{"embeddable":true,"href":"https:\/\/gracelandjuegos.com.ar\/web\/wp-json\/wp\/v2\/media\/10663"}],"wp:attachment":[{"href":"https:\/\/gracelandjuegos.com.ar\/web\/wp-json\/wp\/v2\/media?parent=10676"}],"wp:term":[{"taxonomy":"product_brand","embeddable":true,"href":"https:\/\/gracelandjuegos.com.ar\/web\/wp-json\/wp\/v2\/product_brand?post=10676"},{"taxonomy":"product_cat","embeddable":true,"href":"https:\/\/gracelandjuegos.com.ar\/web\/wp-json\/wp\/v2\/product_cat?post=10676"},{"taxonomy":"product_tag","embeddable":true,"href":"https:\/\/gracelandjuegos.com.ar\/web\/wp-json\/wp\/v2\/product_tag?post=10676"}],"curies":[{"name":"wp","href":"https:\/\/api.w.org\/{rel}","templated":true}]}}