{"id":10675,"date":"2023-07-17T15:00:25","date_gmt":"2023-07-17T18:00:25","guid":{"rendered":"https:\/\/gracelandjuegos.com.ar\/web\/?post_type=product&#038;p=10675"},"modified":"2026-02-17T20:35:51","modified_gmt":"2026-02-17T23:35:51","slug":"ierusalem-anno-domini","status":"publish","type":"product","link":"https:\/\/gracelandjuegos.com.ar\/web\/product\/ierusalem-anno-domini\/","title":{"rendered":"Ierusalem Anno Domini"},"content":{"rendered":"<p>Jerusal\u00e9n, primavera del a\u00f1o 33. Una multitud se congrega en las puertas de la ciudad para dar la bienvenida a Jes\u00fas de Nazaret, que pronto se reunir\u00e1 con sus ap\u00f3stoles y seguidores. Con un mensaje revolucionario, ha cosechado partidarios por doquier, pero tambi\u00e9n miradas de recelo entre las autoridades religiosas. Pronto se celebrar\u00e1 la \u00daltima Cena y se sellar\u00e1 el destino de uno de los personajes m\u00e1s influyentes de la historia de la humanidad.<\/p>\n<p>En Ierusalem Anno Domini, cada jugador representa a una de las comunidades de seguidores de Jes\u00fas de Nazaret que, venidos hasta Jerusal\u00e9n desde pueblos y aldeas cercanos, quieren acercarse hasta el lugar de la \u00daltima Cena y colocarse lo m\u00e1s cerca posible de los asientos de Jes\u00fas y sus ap\u00f3stoles.<\/p>\n","protected":false},"excerpt":{"rendered":"<p>G\u00e9nero: Estrategia.<br \/>\nCategor\u00edas: Religi\u00f3n, Construcci\u00f3n de Mazo, Grilla, Manejo de Mano, Colecci\u00f3n, Solitario.<br \/>\nDise\u00f1ado Por: Carmen Garc\u00eda Jim\u00e9nez<br \/>\nEditorial: Devir<br \/>\nEdad M\u00ednima Recomendada: 12 A\u00f1os<br \/>\nDificultad: 3.10\/5<br \/>\nN\u00ba de Jugadores: 1 a 4<br \/>\nDuraci\u00f3n Promedio de la Partida: 90 Minutos<br \/>\nIdioma: Espa\u00f1ol<\/p>\n","protected":false},"featured_media":10664,"comment_status":"closed","ping_status":"closed","template":"","meta":[],"product_brand":[],"product_cat":[339,243,328,329],"product_tag":[],"class_list":{"0":"post-10675","1":"product","2":"type-product","3":"status-publish","4":"has-post-thumbnail","6":"product_cat-devir","7":"product_cat-juegos-de-mesa","8":"product_cat-novedades","9":"product_cat-recomendados","11":"first","12":"instock","13":"shipping-taxable","14":"purchasable","15":"product-type-simple"},"_links":{"self":[{"href":"https:\/\/gracelandjuegos.com.ar\/web\/wp-json\/wp\/v2\/product\/10675","targetHints":{"allow":["GET"]}}],"collection":[{"href":"https:\/\/gracelandjuegos.com.ar\/web\/wp-json\/wp\/v2\/product"}],"about":[{"href":"https:\/\/gracelandjuegos.com.ar\/web\/wp-json\/wp\/v2\/types\/product"}],"replies":[{"embeddable":true,"href":"https:\/\/gracelandjuegos.com.ar\/web\/wp-json\/wp\/v2\/comments?post=10675"}],"wp:featuredmedia":[{"embeddable":true,"href":"https:\/\/gracelandjuegos.com.ar\/web\/wp-json\/wp\/v2\/media\/10664"}],"wp:attachment":[{"href":"https:\/\/gracelandjuegos.com.ar\/web\/wp-json\/wp\/v2\/media?parent=10675"}],"wp:term":[{"taxonomy":"product_brand","embeddable":true,"href":"https:\/\/gracelandjuegos.com.ar\/web\/wp-json\/wp\/v2\/product_brand?post=10675"},{"taxonomy":"product_cat","embeddable":true,"href":"https:\/\/gracelandjuegos.com.ar\/web\/wp-json\/wp\/v2\/product_cat?post=10675"},{"taxonomy":"product_tag","embeddable":true,"href":"https:\/\/gracelandjuegos.com.ar\/web\/wp-json\/wp\/v2\/product_tag?post=10675"}],"curies":[{"name":"wp","href":"https:\/\/api.w.org\/{rel}","templated":true}]}}