{"id":10674,"date":"2023-07-17T14:59:37","date_gmt":"2023-07-17T17:59:37","guid":{"rendered":"https:\/\/gracelandjuegos.com.ar\/web\/?post_type=product&#038;p=10674"},"modified":"2026-02-17T20:36:04","modified_gmt":"2026-02-17T23:36:04","slug":"lacrimosa","status":"publish","type":"product","link":"https:\/\/gracelandjuegos.com.ar\/web\/product\/lacrimosa\/","title":{"rendered":"Lacrimosa"},"content":{"rendered":"<p>Wolfgang Amadeus Mozart ha muerto. Su \u00faltima acci\u00f3n consciente en su lecho de muerte fue componer el movimiento Lacrimosa de su Opus Requiem. Vos, como uno de sus padrinos, te reunir\u00e1s con la viuda para participar por \u00faltima vez en la financiaci\u00f3n de las obras del genio austr\u00edaco. Tambi\u00e9n rememorar\u00e1s y volver\u00e1s a contar todos tus recuerdos junto a Mozart, para asegurarte de que te ella te retrate bajo la mejor luz cuando escriba sus memorias, y poder as\u00ed entrar en la historia como el mecenas m\u00e1s importante de Mozart.<\/p>\n<p>En Lacrimosa los jugadores toman el papel de mecenas del difunto m\u00fasico, contribuyendo con sus fondos a las obras del compositor por \u00faltima vez. El juego transcurre en dos l\u00edneas temporales diferentes: el presente y el pasado. En el presente, encargar\u00e1s las partes que faltan del R\u00e9quiem a otros compositores para completarlo. En el pasado, la partida se desarrolla en cinco \u00e9pocas en las que contribuir\u00e1s con Mozart compr\u00e1ndole nuevas composiciones para venderlas o exponerlas, acompa\u00f1\u00e1ndole en los diferentes viajes por las principales cortes y teatros de Europa, y reuniendo los recursos necesarios para apoyarlo durante su carrera.<\/p>\n<p>Con una mec\u00e1nica de construcci\u00f3n de Mazos, jugar\u00e1s cartas de una mano limitada que ir\u00e1s mejorando a medida que avance la partida. Estas cartas pueden usarse como acciones o como generadores de recursos y los jugadores tendr\u00e1n que optimizar sus recursos y finanzas para apoyar nuestra mejor versi\u00f3n de la historia y nuestra relaci\u00f3n con Mozart.<\/p>\n","protected":false},"excerpt":{"rendered":"<p>G\u00e9nero: Estrategia.<br \/>\nCategor\u00edas: Musica, Influencia, Construcci\u00f3n de Mazo, Drafting, Puntos de Movimiento.<br \/>\nDise\u00f1ado Por: <span class=\"ng-scope\">Gerard Ascensi,\u00a0<\/span><span class=\"ng-scope\">Ferran Renalias<\/span><br \/>\nEditorial: Devir<br \/>\nEdad M\u00ednima Recomendada: 14 A\u00f1os<br \/>\nDificultad: 3.15\/5<br \/>\nN\u00ba de Jugadores: 1 a 4<br \/>\nDuraci\u00f3n Promedio de la Partida: 90 Minutos<br \/>\nIdioma: Espa\u00f1ol<\/p>\n","protected":false},"featured_media":10665,"comment_status":"closed","ping_status":"closed","template":"","meta":[],"product_brand":[],"product_cat":[339,243,328,329],"product_tag":[],"class_list":{"0":"post-10674","1":"product","2":"type-product","3":"status-publish","4":"has-post-thumbnail","6":"product_cat-devir","7":"product_cat-juegos-de-mesa","8":"product_cat-novedades","9":"product_cat-recomendados","11":"first","12":"instock","13":"shipping-taxable","14":"purchasable","15":"product-type-simple"},"_links":{"self":[{"href":"https:\/\/gracelandjuegos.com.ar\/web\/wp-json\/wp\/v2\/product\/10674","targetHints":{"allow":["GET"]}}],"collection":[{"href":"https:\/\/gracelandjuegos.com.ar\/web\/wp-json\/wp\/v2\/product"}],"about":[{"href":"https:\/\/gracelandjuegos.com.ar\/web\/wp-json\/wp\/v2\/types\/product"}],"replies":[{"embeddable":true,"href":"https:\/\/gracelandjuegos.com.ar\/web\/wp-json\/wp\/v2\/comments?post=10674"}],"wp:featuredmedia":[{"embeddable":true,"href":"https:\/\/gracelandjuegos.com.ar\/web\/wp-json\/wp\/v2\/media\/10665"}],"wp:attachment":[{"href":"https:\/\/gracelandjuegos.com.ar\/web\/wp-json\/wp\/v2\/media?parent=10674"}],"wp:term":[{"taxonomy":"product_brand","embeddable":true,"href":"https:\/\/gracelandjuegos.com.ar\/web\/wp-json\/wp\/v2\/product_brand?post=10674"},{"taxonomy":"product_cat","embeddable":true,"href":"https:\/\/gracelandjuegos.com.ar\/web\/wp-json\/wp\/v2\/product_cat?post=10674"},{"taxonomy":"product_tag","embeddable":true,"href":"https:\/\/gracelandjuegos.com.ar\/web\/wp-json\/wp\/v2\/product_tag?post=10674"}],"curies":[{"name":"wp","href":"https:\/\/api.w.org\/{rel}","templated":true}]}}