{"id":10671,"date":"2023-07-17T14:57:59","date_gmt":"2023-07-17T17:57:59","guid":{"rendered":"https:\/\/gracelandjuegos.com.ar\/web\/?post_type=product&#038;p=10671"},"modified":"2025-10-08T11:57:19","modified_gmt":"2025-10-08T14:57:19","slug":"pocimas-y-brebajes","status":"publish","type":"product","link":"https:\/\/gracelandjuegos.com.ar\/web\/product\/pocimas-y-brebajes\/","title":{"rendered":"P\u00f3cimas y Brebajes"},"content":{"rendered":"<p>En P\u00f3cimas y Brebajes , los jugadores son charlatanes, o curanderos, que hacen sus propios brebajes milagrosos que prometen ser la cura para todo malestar que uno pueda tener. Pero c\u00f3mo hacen las p\u00f3cimas cada uno es un secreto, agregando ingredientes uno por uno. Sin embargo, hay que tener cuidado con los ingredientes agregados, ya que esto podr\u00eda estropear toda la mezcla y explotar.<\/p>\n<p>En este juego, cada jugador tiene su propia bolsa de fichas de ingredientes. Durante cada ronda, simult\u00e1neamente sacan fichas y las agregan a su caldera. Cuanto mayor sea el valor nominal en la ficha, m\u00e1s lejos se colocar\u00e1 en el patr\u00f3n de remolino. Llev\u00e1 tu suerte tan lejos como puedas, pero si agreg\u00e1s demasiadas bombas de cereza, \u00a1tu marmita explota!<\/p>\n<p>Al final de cada ronda, los jugadores ganan puntos de victoria y tambi\u00e9n monedas para gastar en nuevos ingredientes para agregar a sus bolsas. Aquellos cuyas ollas hayan explotado deben elegir puntos o monedas, pero \u00a1no ambos!<\/p>\n<p>El jugador con m\u00e1s puntos de victoria al final de las nueve rondas gana el juego.<\/p>\n","protected":false},"excerpt":{"rendered":"<p>G\u00e9nero: Familiar.<br \/>\nCategor\u00edas: Medieval, Toma De Riesgos, Construcci\u00f3n de Bolsa, Dados, Acciones Simult\u00e1neas.<br \/>\nDise\u00f1ado Por: Wolfgang Warsch<br \/>\nEditorial: Devir<br \/>\nEdad M\u00ednima Recomendada: 10 A\u00f1os<br \/>\nDificultad: 1.95\/5<br \/>\nN\u00ba de Jugadores: 2 a 4<br \/>\nDuraci\u00f3n Promedio de la Partida: 45 Minutos<br \/>\nIdioma: Espa\u00f1ol<\/p>\n","protected":false},"featured_media":10667,"comment_status":"closed","ping_status":"closed","template":"","meta":[],"product_brand":[],"product_cat":[339,243,329],"product_tag":[],"class_list":{"0":"post-10671","1":"product","2":"type-product","3":"status-publish","4":"has-post-thumbnail","6":"product_cat-devir","7":"product_cat-juegos-de-mesa","8":"product_cat-recomendados","10":"first","11":"outofstock","12":"shipping-taxable","13":"purchasable","14":"product-type-simple"},"_links":{"self":[{"href":"https:\/\/gracelandjuegos.com.ar\/web\/wp-json\/wp\/v2\/product\/10671","targetHints":{"allow":["GET"]}}],"collection":[{"href":"https:\/\/gracelandjuegos.com.ar\/web\/wp-json\/wp\/v2\/product"}],"about":[{"href":"https:\/\/gracelandjuegos.com.ar\/web\/wp-json\/wp\/v2\/types\/product"}],"replies":[{"embeddable":true,"href":"https:\/\/gracelandjuegos.com.ar\/web\/wp-json\/wp\/v2\/comments?post=10671"}],"wp:featuredmedia":[{"embeddable":true,"href":"https:\/\/gracelandjuegos.com.ar\/web\/wp-json\/wp\/v2\/media\/10667"}],"wp:attachment":[{"href":"https:\/\/gracelandjuegos.com.ar\/web\/wp-json\/wp\/v2\/media?parent=10671"}],"wp:term":[{"taxonomy":"product_brand","embeddable":true,"href":"https:\/\/gracelandjuegos.com.ar\/web\/wp-json\/wp\/v2\/product_brand?post=10671"},{"taxonomy":"product_cat","embeddable":true,"href":"https:\/\/gracelandjuegos.com.ar\/web\/wp-json\/wp\/v2\/product_cat?post=10671"},{"taxonomy":"product_tag","embeddable":true,"href":"https:\/\/gracelandjuegos.com.ar\/web\/wp-json\/wp\/v2\/product_tag?post=10671"}],"curies":[{"name":"wp","href":"https:\/\/api.w.org\/{rel}","templated":true}]}}