{"id":10669,"date":"2023-07-17T14:56:49","date_gmt":"2023-07-17T17:56:49","guid":{"rendered":"https:\/\/gracelandjuegos.com.ar\/web\/?post_type=product&#038;p=10669"},"modified":"2026-02-17T20:36:32","modified_gmt":"2026-02-17T23:36:32","slug":"twilight-struggle","status":"publish","type":"product","link":"https:\/\/gracelandjuegos.com.ar\/web\/product\/twilight-struggle\/","title":{"rendered":"Twilight Struggle"},"content":{"rendered":"<p><em>\u201cLa trompeta nos convoca de nuevo, no para alzarnos en armas, aunque las necesitaremos; no para ir a la batalla, aunque ya estemos en guerra; sino para que soportemos la carga de esta larga lucha crepuscular\u2026\u201d<br \/>\n<\/em><strong>John F. Kennedy, discusso de investidura, enero de 1961<\/strong><\/p>\n<p>En 1945 los Aliados derrotaron con grandes dificultades a la maquinaria de guerra alemana mientras las m\u00e1s devastadoras armas creadas por la humanidad obligaban a Jap\u00f3n a rendirse bajo una lluvia de fuego. Donde antes se ergu\u00edan muchas naciones poderosas solo dos quedaron en pie.<\/p>\n<p>El mundo apenas tuvo un segundo de respiro antes de que se iniciara un nuevo conflicto. Pero a diferencia de los grandes conflictos que lo precedieron, este no se iba a librar con soldados ni con tanques, sino con esp\u00edas y pol\u00edticos, cient\u00edficos e intelectuales, artistas y traidores.<\/p>\n<p>Twilight Struggle es un juego para dos jugadores que simula los 45 a\u00f1os de intriga, lucha de prestigio y conflictos militares ocasionales entre la Uni\u00f3n Sovi\u00e9tica y los Estados Unidos. El mundo entero es el escenario en el que los dos colosos luchan para mantener a salvo sus ideolog\u00edas y sus formas de vida. El juego comienza entre las ruinas de la devastada Europa, cuando las dos \u00absuperpotencias\u00bb compiten sobre los escombros de la Segunda Guerra Mundial, y acaba en 1989, cuando solo los Estados Unidos se mantienen en pie.<\/p>\n","protected":false},"excerpt":{"rendered":"<p>G\u00e9nero: Estrategia, Wargames.<br \/>\nCategor\u00edas: Pol\u00edtica, Guerra, Dominio de \u00c1rea, Campa\u00f1a, Dados, Manejo de Mano, Muerte S\u00fabita..<br \/>\nDise\u00f1ado Por: <span class=\"ng-scope\">Ananda Gupta,\u00a0<\/span><span class=\"ng-scope\">Jason Matthews<\/span><br \/>\nEditorial: Devir<br \/>\nEdad M\u00ednima Recomendada: 13 A\u00f1os<br \/>\nDificultad: 3.60\/5<br \/>\nN\u00ba de Jugadores: 2<br \/>\nDuraci\u00f3n Promedio de la Partida: 180 Minutos<br \/>\nIdioma: Espa\u00f1ol<\/p>\n","protected":false},"featured_media":10668,"comment_status":"closed","ping_status":"closed","template":"","meta":[],"product_brand":[],"product_cat":[339,243,329],"product_tag":[],"class_list":{"0":"post-10669","1":"product","2":"type-product","3":"status-publish","4":"has-post-thumbnail","6":"product_cat-devir","7":"product_cat-juegos-de-mesa","8":"product_cat-recomendados","10":"first","11":"instock","12":"shipping-taxable","13":"purchasable","14":"product-type-simple"},"_links":{"self":[{"href":"https:\/\/gracelandjuegos.com.ar\/web\/wp-json\/wp\/v2\/product\/10669","targetHints":{"allow":["GET"]}}],"collection":[{"href":"https:\/\/gracelandjuegos.com.ar\/web\/wp-json\/wp\/v2\/product"}],"about":[{"href":"https:\/\/gracelandjuegos.com.ar\/web\/wp-json\/wp\/v2\/types\/product"}],"replies":[{"embeddable":true,"href":"https:\/\/gracelandjuegos.com.ar\/web\/wp-json\/wp\/v2\/comments?post=10669"}],"wp:featuredmedia":[{"embeddable":true,"href":"https:\/\/gracelandjuegos.com.ar\/web\/wp-json\/wp\/v2\/media\/10668"}],"wp:attachment":[{"href":"https:\/\/gracelandjuegos.com.ar\/web\/wp-json\/wp\/v2\/media?parent=10669"}],"wp:term":[{"taxonomy":"product_brand","embeddable":true,"href":"https:\/\/gracelandjuegos.com.ar\/web\/wp-json\/wp\/v2\/product_brand?post=10669"},{"taxonomy":"product_cat","embeddable":true,"href":"https:\/\/gracelandjuegos.com.ar\/web\/wp-json\/wp\/v2\/product_cat?post=10669"},{"taxonomy":"product_tag","embeddable":true,"href":"https:\/\/gracelandjuegos.com.ar\/web\/wp-json\/wp\/v2\/product_tag?post=10669"}],"curies":[{"name":"wp","href":"https:\/\/api.w.org\/{rel}","templated":true}]}}