{"id":10576,"date":"2022-07-28T11:13:57","date_gmt":"2022-07-28T14:13:57","guid":{"rendered":"https:\/\/gracelandjuegos.com.ar\/web\/?post_type=product&#038;p=10576"},"modified":"2025-09-30T21:30:08","modified_gmt":"2025-10-01T00:30:08","slug":"colors-of-paris","status":"publish","type":"product","link":"https:\/\/gracelandjuegos.com.ar\/web\/product\/colors-of-paris\/","title":{"rendered":"Colors of Paris"},"content":{"rendered":"<p>El prestigioso estudio Bateau-Lavoir de Montmartre lanz\u00f3 un concurso para descubrir al pr\u00f3ximo gran talento de la pintura. Si quer\u00e9s ubicar tu nombre junto a los de C\u00e9zanne, Monet y Renoir vas a tener que aprovechar a tus ayudantes, mejorar tu t\u00e9cnica y realizar las mejores pinturas.<\/p>\n<p>Colors of Paris es un vistoso juego de colocaci\u00f3n de trabajadores con una peculiaridad muy original: un tablero circular (&#8220;rondel&#8221;)\u00a0 que puede rotar en cada ronda y cambia las acciones disponibles pero tambi\u00e9n te permite anticiparte a tus rivales.<\/p>\n<p>El tablero gira en cada ronda, anulando algunas de las acciones y habilitando otras. Otro aspecto original del juego es que, al terminar cada ronda, uno de tus trabajadores puede quedarse en el espacio donde est\u00e1 y aprovechar la rotaci\u00f3n del tablero para anticiparse a tus rivales.<\/p>\n<p>Arm\u00e1 tu propio estudio, mejor\u00e1 tu t\u00e9cnica, consegu\u00ed pigmentos y mezclalos. Cuanto m\u00e1s mejor\u00e1s tus habilidades, obten\u00e9s m\u00e1s bonificaciones (puntos, nuevos ayudantes, etc) y m\u00e1s r\u00e1pido pod\u00e9s completar tus obras maestras.<\/p>\n<p>Aprend\u00e9 de los grandes: Pintores reconocidos te van a dar habilidades especiales que tus rivales no tienen.<\/p>\n<p>Esta edici\u00f3n incluye la mini expansi\u00f3n &#8220;Mujeres Pintoras&#8221;.<\/p>\n","protected":false},"excerpt":{"rendered":"<p>G\u00e9nero: Estrategia.<br \/>\nCategor\u00edas: Drafting, Colecciones, Colocaci\u00f3n de Trabajadores, Poderes Variables.<br \/>\nDise\u00f1ado Por: Nicolas De Oliveira.<br \/>\nEditorial: Bureau de Juegos<br \/>\nEdad M\u00ednima Recomendada: 10 A\u00f1os<br \/>\nDificultad: 2.17\/5<br \/>\nN\u00ba de Jugadores: 2 a 4<br \/>\nDuraci\u00f3n Promedio de la Partida: 60 Minutos<br \/>\nIdioma: Espa\u00f1ol<\/p>\n","protected":false},"featured_media":10543,"comment_status":"closed","ping_status":"closed","template":"","meta":[],"product_brand":[],"product_cat":[337,243],"product_tag":[],"class_list":{"0":"post-10576","1":"product","2":"type-product","3":"status-publish","4":"has-post-thumbnail","6":"product_cat-bureau-de-juegos","7":"product_cat-juegos-de-mesa","9":"first","10":"outofstock","11":"shipping-taxable","12":"purchasable","13":"product-type-simple"},"_links":{"self":[{"href":"https:\/\/gracelandjuegos.com.ar\/web\/wp-json\/wp\/v2\/product\/10576","targetHints":{"allow":["GET"]}}],"collection":[{"href":"https:\/\/gracelandjuegos.com.ar\/web\/wp-json\/wp\/v2\/product"}],"about":[{"href":"https:\/\/gracelandjuegos.com.ar\/web\/wp-json\/wp\/v2\/types\/product"}],"replies":[{"embeddable":true,"href":"https:\/\/gracelandjuegos.com.ar\/web\/wp-json\/wp\/v2\/comments?post=10576"}],"wp:featuredmedia":[{"embeddable":true,"href":"https:\/\/gracelandjuegos.com.ar\/web\/wp-json\/wp\/v2\/media\/10543"}],"wp:attachment":[{"href":"https:\/\/gracelandjuegos.com.ar\/web\/wp-json\/wp\/v2\/media?parent=10576"}],"wp:term":[{"taxonomy":"product_brand","embeddable":true,"href":"https:\/\/gracelandjuegos.com.ar\/web\/wp-json\/wp\/v2\/product_brand?post=10576"},{"taxonomy":"product_cat","embeddable":true,"href":"https:\/\/gracelandjuegos.com.ar\/web\/wp-json\/wp\/v2\/product_cat?post=10576"},{"taxonomy":"product_tag","embeddable":true,"href":"https:\/\/gracelandjuegos.com.ar\/web\/wp-json\/wp\/v2\/product_tag?post=10576"}],"curies":[{"name":"wp","href":"https:\/\/api.w.org\/{rel}","templated":true}]}}