{"id":10571,"date":"2022-07-28T11:03:48","date_gmt":"2022-07-28T14:03:48","guid":{"rendered":"https:\/\/gracelandjuegos.com.ar\/web\/?post_type=product&#038;p=10571"},"modified":"2025-05-07T21:04:59","modified_gmt":"2025-05-08T00:04:59","slug":"kariba","status":"publish","type":"product","link":"https:\/\/gracelandjuegos.com.ar\/web\/product\/kariba\/","title":{"rendered":"Kariba"},"content":{"rendered":"<p id=\"tw-target-text\" class=\"tw-data-text tw-text-large tw-ta\" dir=\"ltr\" data-placeholder=\"Traducci\u00f3n\"><span class=\"Y2IQFc\" lang=\"es\">Todos los animales tienen sed despu\u00e9s de un d\u00eda de aventuras en la sabana y no hay mejor manera de saciarla que acercarse hasta un estanque de frescas aguas. El problema es que todos quieren ser los primeros en beber. El elefante asusta al rinoceronte, el rinoceronte asusta al avestruz y el avestruz asusta a la cebra. Cualquier cosa puede pasar&#8230; \u00a1Los ratones pueden incluso asustar al elefante! El jugador que ahuyenta a m\u00e1s animales gana. <\/span><\/p>\n<p class=\"tw-data-text tw-text-large tw-ta\" dir=\"ltr\" data-placeholder=\"Traducci\u00f3n\"><span class=\"Y2IQFc\" lang=\"es\">Para preparar una partida de Kariba, mezcl\u00e1 las cartas y repart\u00ed cinco a cada jugador, poniendo el resto boca abajo formando un mazo. Por \u00faltimo, coloc\u00e1 el tablero de estanque en el centro de la mesa. <\/span><\/p>\n<p class=\"tw-data-text tw-text-large tw-ta\" dir=\"ltr\" data-placeholder=\"Traducci\u00f3n\"><span class=\"Y2IQFc\" lang=\"es\">Durante una ronda, un jugador coloca una o m\u00e1s cartas del mismo animal, poni\u00e9ndolas en la posici\u00f3n correspondiente (1-9) alrededor del estanque. Cuando haya al menos 3 cartas del mismo animal frente al lago, este grupo asusta a los animales m\u00e1s d\u00e9biles (n\u00famero inferior m\u00e1s cercano) mientras beben. El jugador toma entnces todas las cartas del animal m\u00e1s d\u00e9bil del tablero y las pone boca abajo frente a \u00e9l. <\/span><\/p>\n<p class=\"tw-data-text tw-text-large tw-ta\" dir=\"ltr\" data-placeholder=\"Traducci\u00f3n\"><span class=\"Y2IQFc\" lang=\"es\">Cada carta vale 1 punto, y al final de la partida gana el que tenga m\u00e1s.<\/span><\/p>\n","protected":false},"excerpt":{"rendered":"<p>G\u00e9nero: Familiar.<br \/>\nCategor\u00edas: Cartas, Animales, Infantil, Manejo de Mano, Piedra-Papel-Tijera.<br \/>\nDise\u00f1ado Por: Reiner Knizia<br \/>\nEditorial: Bureau de Juegos<br \/>\nEdad M\u00ednima Recomendada: 6 A\u00f1os<br \/>\nDificultad: 1.10\/5<br \/>\nN\u00ba de Jugadores: 2 a 4<br \/>\nDuraci\u00f3n Promedio de la Partida: 15 Minutos<br \/>\nIdioma: Espa\u00f1ol<\/p>\n","protected":false},"featured_media":10546,"comment_status":"closed","ping_status":"closed","template":"","meta":[],"product_brand":[],"product_cat":[337,243],"product_tag":[],"class_list":{"0":"post-10571","1":"product","2":"type-product","3":"status-publish","4":"has-post-thumbnail","6":"product_cat-bureau-de-juegos","7":"product_cat-juegos-de-mesa","9":"first","10":"instock","11":"shipping-taxable","12":"purchasable","13":"product-type-simple"},"_links":{"self":[{"href":"https:\/\/gracelandjuegos.com.ar\/web\/wp-json\/wp\/v2\/product\/10571","targetHints":{"allow":["GET"]}}],"collection":[{"href":"https:\/\/gracelandjuegos.com.ar\/web\/wp-json\/wp\/v2\/product"}],"about":[{"href":"https:\/\/gracelandjuegos.com.ar\/web\/wp-json\/wp\/v2\/types\/product"}],"replies":[{"embeddable":true,"href":"https:\/\/gracelandjuegos.com.ar\/web\/wp-json\/wp\/v2\/comments?post=10571"}],"wp:featuredmedia":[{"embeddable":true,"href":"https:\/\/gracelandjuegos.com.ar\/web\/wp-json\/wp\/v2\/media\/10546"}],"wp:attachment":[{"href":"https:\/\/gracelandjuegos.com.ar\/web\/wp-json\/wp\/v2\/media?parent=10571"}],"wp:term":[{"taxonomy":"product_brand","embeddable":true,"href":"https:\/\/gracelandjuegos.com.ar\/web\/wp-json\/wp\/v2\/product_brand?post=10571"},{"taxonomy":"product_cat","embeddable":true,"href":"https:\/\/gracelandjuegos.com.ar\/web\/wp-json\/wp\/v2\/product_cat?post=10571"},{"taxonomy":"product_tag","embeddable":true,"href":"https:\/\/gracelandjuegos.com.ar\/web\/wp-json\/wp\/v2\/product_tag?post=10571"}],"curies":[{"name":"wp","href":"https:\/\/api.w.org\/{rel}","templated":true}]}}