{"id":10570,"date":"2022-07-27T09:37:23","date_gmt":"2022-07-27T12:37:23","guid":{"rendered":"https:\/\/gracelandjuegos.com.ar\/web\/?post_type=product&#038;p=10570"},"modified":"2025-05-07T21:14:43","modified_gmt":"2025-05-08T00:14:43","slug":"bandido","status":"publish","type":"product","link":"https:\/\/gracelandjuegos.com.ar\/web\/product\/bandido\/","title":{"rendered":"Bandido"},"content":{"rendered":"<p>Bandido es un juego cooperativo de colocaci\u00f3n de cartas r\u00e1pido y tenso, en el que ten\u00e9s que intentar que el bandido no se escape de prisi\u00f3n.<\/p>\n<p>Al principio de la partida se le reparten tres cartas a cada jugador y se coloca la carta de bandido en el centro de la mesa.<\/p>\n<p>La carta del bandido cuenta con cinco t\u00faneles para escapar. En tu turno pod\u00e9s jugar una de tus tres cartas, tratando de llevar el camino para donde le convenga a tu equipo y, si es posible, achicando las posibilidades de escape del bandido. Unas cartas especiales cierran definitivamente un t\u00fanel, pero al ser escasas, hay que pensar bien cu\u00e1ndo jugarlas.<\/p>\n<p>Si logran cerrarle todos los caminos al bandido, \u00a1ganan la partida!<\/p>\n","protected":false},"excerpt":{"rendered":"<p>G\u00e9nero: Familiar.<br \/>\nCategor\u00edas: Cartas, Cooperativo, Construcci\u00f3n de Circuitos, Solitario, Colocaci\u00f3n de Losetas.<br \/>\nDise\u00f1ado Por: Martin Nedergaard Andersen<br \/>\nEditorial: Bureau de Juegos<br \/>\nEdad M\u00ednima Recomendada: 6 A\u00f1os<br \/>\nDificultad: 1.13\/5<br \/>\nN\u00ba de Jugadores: 1 a 4<br \/>\nDuraci\u00f3n Promedio de la Partida: 15 Minutos<br \/>\nIdioma: Espa\u00f1ol<\/p>\n","protected":false},"featured_media":10542,"comment_status":"closed","ping_status":"closed","template":"","meta":[],"product_brand":[],"product_cat":[337,243],"product_tag":[],"class_list":{"0":"post-10570","1":"product","2":"type-product","3":"status-publish","4":"has-post-thumbnail","6":"product_cat-bureau-de-juegos","7":"product_cat-juegos-de-mesa","9":"first","10":"outofstock","11":"shipping-taxable","12":"purchasable","13":"product-type-simple"},"_links":{"self":[{"href":"https:\/\/gracelandjuegos.com.ar\/web\/wp-json\/wp\/v2\/product\/10570","targetHints":{"allow":["GET"]}}],"collection":[{"href":"https:\/\/gracelandjuegos.com.ar\/web\/wp-json\/wp\/v2\/product"}],"about":[{"href":"https:\/\/gracelandjuegos.com.ar\/web\/wp-json\/wp\/v2\/types\/product"}],"replies":[{"embeddable":true,"href":"https:\/\/gracelandjuegos.com.ar\/web\/wp-json\/wp\/v2\/comments?post=10570"}],"wp:featuredmedia":[{"embeddable":true,"href":"https:\/\/gracelandjuegos.com.ar\/web\/wp-json\/wp\/v2\/media\/10542"}],"wp:attachment":[{"href":"https:\/\/gracelandjuegos.com.ar\/web\/wp-json\/wp\/v2\/media?parent=10570"}],"wp:term":[{"taxonomy":"product_brand","embeddable":true,"href":"https:\/\/gracelandjuegos.com.ar\/web\/wp-json\/wp\/v2\/product_brand?post=10570"},{"taxonomy":"product_cat","embeddable":true,"href":"https:\/\/gracelandjuegos.com.ar\/web\/wp-json\/wp\/v2\/product_cat?post=10570"},{"taxonomy":"product_tag","embeddable":true,"href":"https:\/\/gracelandjuegos.com.ar\/web\/wp-json\/wp\/v2\/product_tag?post=10570"}],"curies":[{"name":"wp","href":"https:\/\/api.w.org\/{rel}","templated":true}]}}