{"id":10566,"date":"2022-07-21T08:37:58","date_gmt":"2022-07-21T11:37:58","guid":{"rendered":"https:\/\/gracelandjuegos.com.ar\/web\/?post_type=product&#038;p=10566"},"modified":"2025-05-07T21:11:19","modified_gmt":"2025-05-08T00:11:19","slug":"ecos-primer-continente","status":"publish","type":"product","link":"https:\/\/gracelandjuegos.com.ar\/web\/product\/ecos-primer-continente\/","title":{"rendered":"Ecos, Primer Continente"},"content":{"rendered":"<p>La Tierra reci\u00e9n se est\u00e1 formando. Misteriosas fuerzas de la naturaleza compiten entre s\u00ed, moldeando el planeta a su gusto&#8230;\u00bfQui\u00e9n impondr\u00e1 las reglas de este nuevo continente?<\/p>\n<p>En Ecos: Primer Continente, los jugadores van creando el planeta y pobl\u00e1ndolo de especies, pero cada uno tiene su propia agenda y sus propias acciones disponibles. Simple de aprender, tiene much\u00edsima profundidad y una rejugabilidad enorme.<\/p>\n<p>No hay turnos en una partida de Ecos. Los elementos aparecen para todos por igual y los vas usando para cargar de energ\u00eda tus cartas o para mejorar tu mano. Algo as\u00ed como un Bingo, pero con un buen juego detr\u00e1s.<\/p>\n<p>Cuando una de tus cartas se carg\u00f3 por completo, pod\u00e9s usarla. Vas a poder ampliar el terreno, ubicar o mover animales y muchas acciones m\u00e1s. \u00a1Planific\u00e1 para activarlas en el momento justo y maximizar su rendimiento!<\/p>\n<p>Cada una de las 105 cartas es \u00fanica y sus combinaciones pueden ser distintas en cada partida. Jugalo con mazos preseteados o armalos mediante drafting \u00a1La partida siempre va a ser diferente!<\/p>\n","protected":false},"excerpt":{"rendered":"<p>G\u00e9nero: Familiar, Estrategia.<br \/>\nCategor\u00edas: Animales, Medio Ambiente, Prehistoria, Construcci\u00f3n de Territorio, Bingo, Tablero Modular, Colocaci\u00f3n de Losetas, Colecciones.<br \/>\nDise\u00f1ado Por: John D. Clair.<br \/>\nEditorial: Bureau de Juegos<br \/>\nEdad M\u00ednima Recomendada: 14 A\u00f1os<br \/>\nDificultad: 2.60\/5<br \/>\nN\u00ba de Jugadores: 2 a 6<br \/>\nDuraci\u00f3n Promedio de la Partida: 75 Minutos<br \/>\nIdioma: Espa\u00f1ol<\/p>\n","protected":false},"featured_media":10545,"comment_status":"closed","ping_status":"closed","template":"","meta":[],"product_brand":[],"product_cat":[337,243],"product_tag":[],"class_list":{"0":"post-10566","1":"product","2":"type-product","3":"status-publish","4":"has-post-thumbnail","6":"product_cat-bureau-de-juegos","7":"product_cat-juegos-de-mesa","9":"first","10":"instock","11":"shipping-taxable","12":"purchasable","13":"product-type-simple"},"_links":{"self":[{"href":"https:\/\/gracelandjuegos.com.ar\/web\/wp-json\/wp\/v2\/product\/10566","targetHints":{"allow":["GET"]}}],"collection":[{"href":"https:\/\/gracelandjuegos.com.ar\/web\/wp-json\/wp\/v2\/product"}],"about":[{"href":"https:\/\/gracelandjuegos.com.ar\/web\/wp-json\/wp\/v2\/types\/product"}],"replies":[{"embeddable":true,"href":"https:\/\/gracelandjuegos.com.ar\/web\/wp-json\/wp\/v2\/comments?post=10566"}],"wp:featuredmedia":[{"embeddable":true,"href":"https:\/\/gracelandjuegos.com.ar\/web\/wp-json\/wp\/v2\/media\/10545"}],"wp:attachment":[{"href":"https:\/\/gracelandjuegos.com.ar\/web\/wp-json\/wp\/v2\/media?parent=10566"}],"wp:term":[{"taxonomy":"product_brand","embeddable":true,"href":"https:\/\/gracelandjuegos.com.ar\/web\/wp-json\/wp\/v2\/product_brand?post=10566"},{"taxonomy":"product_cat","embeddable":true,"href":"https:\/\/gracelandjuegos.com.ar\/web\/wp-json\/wp\/v2\/product_cat?post=10566"},{"taxonomy":"product_tag","embeddable":true,"href":"https:\/\/gracelandjuegos.com.ar\/web\/wp-json\/wp\/v2\/product_tag?post=10566"}],"curies":[{"name":"wp","href":"https:\/\/api.w.org\/{rel}","templated":true}]}}