{"id":10564,"date":"2022-07-20T16:57:08","date_gmt":"2022-07-20T19:57:08","guid":{"rendered":"https:\/\/gracelandjuegos.com.ar\/web\/?post_type=product&#038;p=10564"},"modified":"2025-05-07T21:11:29","modified_gmt":"2025-05-08T00:11:29","slug":"descifra-el-codigo","status":"publish","type":"product","link":"https:\/\/gracelandjuegos.com.ar\/web\/product\/descifra-el-codigo\/","title":{"rendered":"Descifr\u00e1 el C\u00f3digo"},"content":{"rendered":"<p id=\"tw-target-text\" class=\"tw-data-text tw-text-large tw-ta\" dir=\"ltr\" data-placeholder=\"Traducci\u00f3n\"><span class=\"Y2IQFc\" lang=\"es\">Descifr\u00e1 el C\u00f3digo es un juego de deducci\u00f3n l\u00f3gica. Hay un c\u00f3digo oculto, compuesto por n\u00fameros de distintos colores. El objetivo es descubrirlo antes que los dem\u00e1s jugadores. Todos tienen una parte de la informaci\u00f3n: vas a tener que elegir las preguntas m\u00e1s efectivas para interrogar a tus rivales y descubrir qu\u00e9 es lo que saben ellos. Despu\u00e9s activ\u00e1 tu cerebro, us\u00e1 la l\u00f3gica&#8230; \u00a1Y descifr\u00e1 el c\u00f3digo antes que los dem\u00e1s!<\/span><\/p>\n<p class=\"tw-data-text tw-text-large tw-ta\" dir=\"ltr\" data-placeholder=\"Traducci\u00f3n\">Al principio de la partida se genera un c\u00f3digo oculto que nadie conoce y que est\u00e1 formado por n\u00fameros de distintos colores. Cada jugador va a recibir una informaci\u00f3n secreta sobre el c\u00f3digo oculto, pero ninguno tiene las pistas suficientes para deducirlo por s\u00ed mismo. Todos van a tener que investigar qu\u00e9 es lo que saben los dem\u00e1s.<\/p>\n<p dir=\"ltr\" data-placeholder=\"Traducci\u00f3n\">En tu turno eleg\u00ed una pregunta para hacerle a tus rivales e ir obteniendo informaci\u00f3n sobre el c\u00f3digo oculto. Tom\u00e1 nota, cruz\u00e1 datos, us\u00e1 la l\u00f3gica y cuando sientas que es el momento \u00a1Romp\u00e9 el c\u00f3digo!<\/p>\n","protected":false},"excerpt":{"rendered":"<p>G\u00e9nero: Familiar.<br \/>\nCategor\u00edas: Deducci\u00f3n, Matem\u00e1tica, N\u00fameros, Rompecabezas, Papel y L\u00e1piz.<br \/>\nDise\u00f1ado Por: Ryohei Kurahashi.<br \/>\nEditorial: Bureau de Juegos<br \/>\nEdad M\u00ednima Recomendada: 10 A\u00f1os<br \/>\nDificultad: 1.74\/5<br \/>\nN\u00ba de Jugadores: 2 a 4<br \/>\nDuraci\u00f3n Promedio de la Partida: 15 Minutos<br \/>\nIdioma: Espa\u00f1ol<\/p>\n","protected":false},"featured_media":10544,"comment_status":"closed","ping_status":"closed","template":"","meta":[],"product_brand":[],"product_cat":[337,243],"product_tag":[],"class_list":{"0":"post-10564","1":"product","2":"type-product","3":"status-publish","4":"has-post-thumbnail","6":"product_cat-bureau-de-juegos","7":"product_cat-juegos-de-mesa","9":"first","10":"instock","11":"shipping-taxable","12":"purchasable","13":"product-type-simple"},"_links":{"self":[{"href":"https:\/\/gracelandjuegos.com.ar\/web\/wp-json\/wp\/v2\/product\/10564","targetHints":{"allow":["GET"]}}],"collection":[{"href":"https:\/\/gracelandjuegos.com.ar\/web\/wp-json\/wp\/v2\/product"}],"about":[{"href":"https:\/\/gracelandjuegos.com.ar\/web\/wp-json\/wp\/v2\/types\/product"}],"replies":[{"embeddable":true,"href":"https:\/\/gracelandjuegos.com.ar\/web\/wp-json\/wp\/v2\/comments?post=10564"}],"wp:featuredmedia":[{"embeddable":true,"href":"https:\/\/gracelandjuegos.com.ar\/web\/wp-json\/wp\/v2\/media\/10544"}],"wp:attachment":[{"href":"https:\/\/gracelandjuegos.com.ar\/web\/wp-json\/wp\/v2\/media?parent=10564"}],"wp:term":[{"taxonomy":"product_brand","embeddable":true,"href":"https:\/\/gracelandjuegos.com.ar\/web\/wp-json\/wp\/v2\/product_brand?post=10564"},{"taxonomy":"product_cat","embeddable":true,"href":"https:\/\/gracelandjuegos.com.ar\/web\/wp-json\/wp\/v2\/product_cat?post=10564"},{"taxonomy":"product_tag","embeddable":true,"href":"https:\/\/gracelandjuegos.com.ar\/web\/wp-json\/wp\/v2\/product_tag?post=10564"}],"curies":[{"name":"wp","href":"https:\/\/api.w.org\/{rel}","templated":true}]}}