{"id":10563,"date":"2022-07-20T15:28:46","date_gmt":"2022-07-20T18:28:46","guid":{"rendered":"https:\/\/gracelandjuegos.com.ar\/web\/?post_type=product&#038;p=10563"},"modified":"2025-05-07T21:15:03","modified_gmt":"2025-05-08T00:15:03","slug":"taco-gato-cabra-queso-pizza","status":"publish","type":"product","link":"https:\/\/gracelandjuegos.com.ar\/web\/product\/taco-gato-cabra-queso-pizza\/","title":{"rendered":"Taco Gato Cabra Queso Pizza"},"content":{"rendered":"<p>Taco Gato Cabra Queso Pizza es un juego ideal para sobremesas y cualquier momento con unos minutos libres. \u00a1Incluso previas! Un juego r\u00e1pido y f\u00e1cil que va a poner a prueba tu poder de concentraci\u00f3n y velocidad mental.<\/p>\n<p>Los jugadores de a uno, pero a un buen ritmo, van diciendo la secuencia del t\u00edtulo mientras revelan una carta al azar. Por ejemplo: Si al jugador anterior le toc\u00f3 decir &#8220;Cabra&#8221;, a vos te toca decir &#8220;Queso&#8221; y al siguiente &#8220;Pizza&#8221; y as\u00ed. Por lo general, la carta revelada no va a coincidir con la palabra dicha. En cuento carta y palabra coincidan, todos tienen que apurarse y apoyar r\u00e1pido una mano en el centro de la mesa. El \u00faltimo en tocar el centro o el que se equivoca al decir una palabra se queda con todas las cartas acumuladas.<\/p>\n<p>El jugador que se deshaga primero de todas las cartas de su mano, \u00a1gana!<\/p>\n<p>Para sumar m\u00e1s diversi\u00f3n, algunas cartas especiales (marmota, gorila, narval) obligan a los jugadores a realizar ciertos gestos antes de poner su mano en el centro de la mesa.<\/p>\n","protected":false},"excerpt":{"rendered":"<p>G\u00e9nero: Party.<br \/>\nCategor\u00edas: Cartas, Party, Tiempo Real, Patrones.<br \/>\nDise\u00f1ado Por: Dave Campbell.<br \/>\nEditorial: Bureau de Juegos<br \/>\nEdad M\u00ednima Recomendada: 8 A\u00f1os<br \/>\nDificultad: 1.03\/5<br \/>\nN\u00ba de Jugadores: 2 a 8<br \/>\nDuraci\u00f3n Promedio de la Partida: 30 Minutos<br \/>\nIdioma: Espa\u00f1ol<\/p>\n","protected":false},"featured_media":10556,"comment_status":"closed","ping_status":"closed","template":"","meta":[],"product_brand":[],"product_cat":[337,243,234],"product_tag":[],"class_list":{"0":"post-10563","1":"product","2":"type-product","3":"status-publish","4":"has-post-thumbnail","6":"product_cat-bureau-de-juegos","7":"product_cat-juegos-de-mesa","8":"product_cat-juegos-de-previa","10":"first","11":"outofstock","12":"shipping-taxable","13":"purchasable","14":"product-type-simple"},"_links":{"self":[{"href":"https:\/\/gracelandjuegos.com.ar\/web\/wp-json\/wp\/v2\/product\/10563","targetHints":{"allow":["GET"]}}],"collection":[{"href":"https:\/\/gracelandjuegos.com.ar\/web\/wp-json\/wp\/v2\/product"}],"about":[{"href":"https:\/\/gracelandjuegos.com.ar\/web\/wp-json\/wp\/v2\/types\/product"}],"replies":[{"embeddable":true,"href":"https:\/\/gracelandjuegos.com.ar\/web\/wp-json\/wp\/v2\/comments?post=10563"}],"wp:featuredmedia":[{"embeddable":true,"href":"https:\/\/gracelandjuegos.com.ar\/web\/wp-json\/wp\/v2\/media\/10556"}],"wp:attachment":[{"href":"https:\/\/gracelandjuegos.com.ar\/web\/wp-json\/wp\/v2\/media?parent=10563"}],"wp:term":[{"taxonomy":"product_brand","embeddable":true,"href":"https:\/\/gracelandjuegos.com.ar\/web\/wp-json\/wp\/v2\/product_brand?post=10563"},{"taxonomy":"product_cat","embeddable":true,"href":"https:\/\/gracelandjuegos.com.ar\/web\/wp-json\/wp\/v2\/product_cat?post=10563"},{"taxonomy":"product_tag","embeddable":true,"href":"https:\/\/gracelandjuegos.com.ar\/web\/wp-json\/wp\/v2\/product_tag?post=10563"}],"curies":[{"name":"wp","href":"https:\/\/api.w.org\/{rel}","templated":true}]}}