{"id":10464,"date":"2022-06-07T15:04:32","date_gmt":"2022-06-07T18:04:32","guid":{"rendered":"https:\/\/gracelandjuegos.com.ar\/web\/?post_type=product&#038;p=10464"},"modified":"2026-02-17T20:36:47","modified_gmt":"2026-02-17T23:36:47","slug":"las-ruinas-perdidas-de-arnak","status":"publish","type":"product","link":"https:\/\/gracelandjuegos.com.ar\/web\/product\/las-ruinas-perdidas-de-arnak\/","title":{"rendered":"Las Ruinas Perdidas de Arnak"},"content":{"rendered":"<p><span class=\"Y2IQFc\" lang=\"es\">En una isla deshabitada en mares desconocidos, los exploradores han encontrado rastros de una gran civilizaci\u00f3n. Ahora vas a liderar una expedici\u00f3n para explorar la isla, encontrar artefactos perdidos y enfrentarte a temibles guardianes, todo en una b\u00fasqueda para descubrir los secretos de la isla. <\/span><\/p>\n<p><span class=\"Y2IQFc\" lang=\"es\">Las Ruinas Perdidas de Arnak combina las mec\u00e1nicas de construcci\u00f3n de mazos y la colocaci\u00f3n de trabajadores en un juego de exploraci\u00f3n, administraci\u00f3n de recursos y descubrimiento. Adem\u00e1s de los efectos tradicionales de construcci\u00f3n de mazos, las cartas tambi\u00e9n se pueden usar para colocar trabajadores, y nuevas acciones quedan disponibles a medida que los jugadores exploran. Algunas de estas acciones requieren materiales en lugar de trabajadores, por lo que ser\u00e1 esencial construir una base s\u00f3lida de recursos. <\/span><\/p>\n<p><span class=\"Y2IQFc\" lang=\"es\">Est\u00e1s limitado a una sola acci\u00f3n por turno, as\u00ed que eleg\u00ed con cuidado&#8230; \u00bfQu\u00e9 acci\u00f3n te m\u00e1s beneficios en lo inmediato? \u00bfCual pod\u00e9s darete el lujo de dejar para despu\u00e9s?&#8230; eso suponiendo que otro no haga esa acci\u00f3n primero.<\/span><\/p>\n<p><span class=\"Y2IQFc\" lang=\"es\">Los mazos son peque\u00f1os y el azar en el juego se va viendo mitigado en gran medida por todas las decisiones t\u00e1cticas que ofrece el tablero de juego. Con una variedad de acciones para los trabajadores, artefactos y cartas de equipo, la configuraci\u00f3n de cada juego ser\u00e1 \u00fanica, lo que alentar\u00e1 a los jugadores a explorar nuevas estrategias para enfrentar el desaf\u00edo. <\/span><\/p>\n<p><span class=\"Y2IQFc\" lang=\"es\">\u00a1Descubr\u00ed las ruinas perdidas de Arnak!<\/span><\/p>\n","protected":false},"excerpt":{"rendered":"<p>G\u00e9nero: Familiar, Estrategia.<br \/>\nCategor\u00edas: Aventura, Exploraci\u00f3n, Viajes, Contrucci\u00f3n de Mano, Drafting, Colocaci\u00f3n de Trabajadores.<br \/>\nDise\u00f1ado Por: <span class=\"ng-scope\">Elwen,\u00a0<\/span><span class=\"ng-scope\">M\u00edn<\/span>.<br \/>\nEditorial: Devir<br \/>\nEdad M\u00ednima Recomendada: 12 A\u00f1os<br \/>\nDificultad: 2.88\/5<br \/>\nN\u00ba de Jugadores: 1 a 4<br \/>\nDuraci\u00f3n Promedio de la Partida: 120 Minutos<br \/>\nIdioma: Espa\u00f1ol<\/p>\n","protected":false},"featured_media":10382,"comment_status":"closed","ping_status":"closed","template":"","meta":[],"product_brand":[],"product_cat":[339,243,328],"product_tag":[],"class_list":{"0":"post-10464","1":"product","2":"type-product","3":"status-publish","4":"has-post-thumbnail","6":"product_cat-devir","7":"product_cat-juegos-de-mesa","8":"product_cat-novedades","10":"first","11":"instock","12":"shipping-taxable","13":"purchasable","14":"product-type-simple"},"_links":{"self":[{"href":"https:\/\/gracelandjuegos.com.ar\/web\/wp-json\/wp\/v2\/product\/10464","targetHints":{"allow":["GET"]}}],"collection":[{"href":"https:\/\/gracelandjuegos.com.ar\/web\/wp-json\/wp\/v2\/product"}],"about":[{"href":"https:\/\/gracelandjuegos.com.ar\/web\/wp-json\/wp\/v2\/types\/product"}],"replies":[{"embeddable":true,"href":"https:\/\/gracelandjuegos.com.ar\/web\/wp-json\/wp\/v2\/comments?post=10464"}],"wp:featuredmedia":[{"embeddable":true,"href":"https:\/\/gracelandjuegos.com.ar\/web\/wp-json\/wp\/v2\/media\/10382"}],"wp:attachment":[{"href":"https:\/\/gracelandjuegos.com.ar\/web\/wp-json\/wp\/v2\/media?parent=10464"}],"wp:term":[{"taxonomy":"product_brand","embeddable":true,"href":"https:\/\/gracelandjuegos.com.ar\/web\/wp-json\/wp\/v2\/product_brand?post=10464"},{"taxonomy":"product_cat","embeddable":true,"href":"https:\/\/gracelandjuegos.com.ar\/web\/wp-json\/wp\/v2\/product_cat?post=10464"},{"taxonomy":"product_tag","embeddable":true,"href":"https:\/\/gracelandjuegos.com.ar\/web\/wp-json\/wp\/v2\/product_tag?post=10464"}],"curies":[{"name":"wp","href":"https:\/\/api.w.org\/{rel}","templated":true}]}}