{"id":10448,"date":"2022-06-03T11:55:28","date_gmt":"2022-06-03T14:55:28","guid":{"rendered":"https:\/\/gracelandjuegos.com.ar\/web\/?post_type=product&#038;p=10448"},"modified":"2026-02-17T20:37:00","modified_gmt":"2026-02-17T23:37:00","slug":"stone-age","status":"publish","type":"product","link":"https:\/\/gracelandjuegos.com.ar\/web\/product\/stone-age\/","title":{"rendered":"Stone Age"},"content":{"rendered":"<p><span class=\"Y2IQFc\" lang=\"es\">Los tiempos de la Edad de Piedra fueron realmente dif\u00edciles. En sus funciones de cazadores, recolectores, granjeros y fabricantes de herramientas, nuestros antepasados \u200b\u200btrabajaban, por ejemplo, con las piernas y la espalda empujando los arados de madera en la tierra pedregosa. Por supuesto, el progreso no se detuvo ah\u00ed. La gente siempre busc\u00f3 mejores herramientas y plantas m\u00e1s productivas para hacer su trabajo m\u00e1s efectivo. <\/span><\/p>\n<p><span class=\"Y2IQFc\" lang=\"es\">En Stone Age los jugadores viven en este tiempo, tal como lo hicieron nuestros antepasados. Recolectan madera, rompen piedras y tamizan y lavan su oro en el r\u00edo. Comercian libremente, expanden su aldea y as\u00ed alcanzan nuevos niveles de civilizaci\u00f3n. Con un balance de suerte y planificaci\u00f3n, los jugadores compiten por la comida en este tiempo prehist\u00f3rico.<\/span><\/p>\n<p><span class=\"Y2IQFc\" lang=\"es\">Los participantes pueden usar cada uno hasta diez miembros de la tribu a lo largo de tres fases. En la primera, colocan a sus hombres en las regiones del tablero que creen que los beneficiar\u00e1n, incluida la caza, el centro comercial o la cantera. En la segunda, <\/span><span class=\"Y2IQFc\" lang=\"es\">el jugador inicial activa cada una de sus \u00e1reas con personal en la secuencia que elija, seguido por los otros jugadores. <\/span><span class=\"Y2IQFc\" lang=\"es\">En la tercera fase, deben tener suficientes alimentos disponibles para abastecer a sus poblaciones o se enfrentar\u00e1n a la p\u00e9rdida de recursos o puntos.<\/span><\/p>\n<p>Al finalizar las tres fases, el jugadro con m\u00e1s puntos de victoria \u00a1gana la partida!<\/p>\n<p>&nbsp;<\/p>\n","protected":false},"excerpt":{"rendered":"<p>G\u00e9nero: Familiar, Estretegia.<br \/>\nCategor\u00edas: Prehistoria, Dados, Econom\u00eda, Colecciones, Colocaci\u00f3n de Trabajadores.<br \/>\nDise\u00f1ado Por: Bernd Brunnhofer.<br \/>\nEditorial: Devir<br \/>\nEdad M\u00ednima Recomendada: 10 A\u00f1os<br \/>\nDificultad: 2,47\/5<br \/>\nN\u00ba de Jugadores: 2 a 4<br \/>\nDuraci\u00f3n Promedio de la Partida: 90 Minutos<br \/>\nIdioma: Espa\u00f1ol<\/p>\n","protected":false},"featured_media":10403,"comment_status":"closed","ping_status":"closed","template":"","meta":[],"product_brand":[],"product_cat":[339,243],"product_tag":[],"class_list":{"0":"post-10448","1":"product","2":"type-product","3":"status-publish","4":"has-post-thumbnail","6":"product_cat-devir","7":"product_cat-juegos-de-mesa","9":"first","10":"outofstock","11":"shipping-taxable","12":"purchasable","13":"product-type-simple"},"_links":{"self":[{"href":"https:\/\/gracelandjuegos.com.ar\/web\/wp-json\/wp\/v2\/product\/10448","targetHints":{"allow":["GET"]}}],"collection":[{"href":"https:\/\/gracelandjuegos.com.ar\/web\/wp-json\/wp\/v2\/product"}],"about":[{"href":"https:\/\/gracelandjuegos.com.ar\/web\/wp-json\/wp\/v2\/types\/product"}],"replies":[{"embeddable":true,"href":"https:\/\/gracelandjuegos.com.ar\/web\/wp-json\/wp\/v2\/comments?post=10448"}],"wp:featuredmedia":[{"embeddable":true,"href":"https:\/\/gracelandjuegos.com.ar\/web\/wp-json\/wp\/v2\/media\/10403"}],"wp:attachment":[{"href":"https:\/\/gracelandjuegos.com.ar\/web\/wp-json\/wp\/v2\/media?parent=10448"}],"wp:term":[{"taxonomy":"product_brand","embeddable":true,"href":"https:\/\/gracelandjuegos.com.ar\/web\/wp-json\/wp\/v2\/product_brand?post=10448"},{"taxonomy":"product_cat","embeddable":true,"href":"https:\/\/gracelandjuegos.com.ar\/web\/wp-json\/wp\/v2\/product_cat?post=10448"},{"taxonomy":"product_tag","embeddable":true,"href":"https:\/\/gracelandjuegos.com.ar\/web\/wp-json\/wp\/v2\/product_tag?post=10448"}],"curies":[{"name":"wp","href":"https:\/\/api.w.org\/{rel}","templated":true}]}}