{"id":10436,"date":"2022-06-01T16:50:07","date_gmt":"2022-06-01T19:50:07","guid":{"rendered":"https:\/\/gracelandjuegos.com.ar\/web\/?post_type=product&#038;p=10436"},"modified":"2026-02-17T20:37:20","modified_gmt":"2026-02-17T23:37:20","slug":"mariposas","status":"publish","type":"product","link":"https:\/\/gracelandjuegos.com.ar\/web\/product\/mariposas\/","title":{"rendered":"Mariposas"},"content":{"rendered":"<p>Cada primavera, millones de mariposas Monarca salen de M\u00e9xico para extenderse por el este de Am\u00e9rica del Norte. Cada oto\u00f1o, millones vuelan de regreso a M\u00e9xico. Sin embargo, ninguna mariposa hace el viaje completo. Mariposas es un juego de movimiento y colecci\u00f3n de sets que permite a los jugadores ser parte de este incre\u00edble viaje.<\/p>\n<p>La partida se desarrolla a lo largo de tres temporadas. En general, las mariposas de los jugadores intentar\u00e1n dirigirse hacia el norte en primavera, dispersarse en verano y regresar al sur en oto\u00f1o. El final de cada temporada trae una ronda de puntuaci\u00f3n y, al concluir el oto\u00f1o, el jugador con la familia de mariposas m\u00e1s exitosa (es decir, que tiene la mayor cantidad de puntos de victoria), gana el juego.<\/p>\n","protected":false},"excerpt":{"rendered":"<p>G\u00e9nero: Familiar.<br \/>\nCategor\u00edas: Animales, Medio Ambiente, Grilla Hexagonal. Puntos de Movimiento, Colecciones.<br \/>\nDise\u00f1ado Por: Elizabeth Hargrave.<br \/>\nEditorial: Devir<br \/>\nEdad M\u00ednima Recomendada: 14 A\u00f1os.<br \/>\nDificultad: 2.13\/5<br \/>\nN\u00ba de Jugadores: 2 a 5<br \/>\nDuraci\u00f3n Promedio de la Partida: 60 Minutos.<br \/>\nIdioma: Espa\u00f1ol.<\/p>\n","protected":false},"featured_media":10388,"comment_status":"closed","ping_status":"closed","template":"","meta":[],"product_brand":[],"product_cat":[339,243],"product_tag":[],"class_list":{"0":"post-10436","1":"product","2":"type-product","3":"status-publish","4":"has-post-thumbnail","6":"product_cat-devir","7":"product_cat-juegos-de-mesa","9":"first","10":"instock","11":"shipping-taxable","12":"purchasable","13":"product-type-simple"},"_links":{"self":[{"href":"https:\/\/gracelandjuegos.com.ar\/web\/wp-json\/wp\/v2\/product\/10436","targetHints":{"allow":["GET"]}}],"collection":[{"href":"https:\/\/gracelandjuegos.com.ar\/web\/wp-json\/wp\/v2\/product"}],"about":[{"href":"https:\/\/gracelandjuegos.com.ar\/web\/wp-json\/wp\/v2\/types\/product"}],"replies":[{"embeddable":true,"href":"https:\/\/gracelandjuegos.com.ar\/web\/wp-json\/wp\/v2\/comments?post=10436"}],"wp:featuredmedia":[{"embeddable":true,"href":"https:\/\/gracelandjuegos.com.ar\/web\/wp-json\/wp\/v2\/media\/10388"}],"wp:attachment":[{"href":"https:\/\/gracelandjuegos.com.ar\/web\/wp-json\/wp\/v2\/media?parent=10436"}],"wp:term":[{"taxonomy":"product_brand","embeddable":true,"href":"https:\/\/gracelandjuegos.com.ar\/web\/wp-json\/wp\/v2\/product_brand?post=10436"},{"taxonomy":"product_cat","embeddable":true,"href":"https:\/\/gracelandjuegos.com.ar\/web\/wp-json\/wp\/v2\/product_cat?post=10436"},{"taxonomy":"product_tag","embeddable":true,"href":"https:\/\/gracelandjuegos.com.ar\/web\/wp-json\/wp\/v2\/product_tag?post=10436"}],"curies":[{"name":"wp","href":"https:\/\/api.w.org\/{rel}","templated":true}]}}