{"id":10432,"date":"2022-06-01T11:17:18","date_gmt":"2022-06-01T14:17:18","guid":{"rendered":"https:\/\/gracelandjuegos.com.ar\/web\/?post_type=product&#038;p=10432"},"modified":"2026-02-17T20:37:35","modified_gmt":"2026-02-17T23:37:35","slug":"kingdom-builder","status":"publish","type":"product","link":"https:\/\/gracelandjuegos.com.ar\/web\/product\/kingdom-builder\/","title":{"rendered":"Kingdom Builder"},"content":{"rendered":"<p>Kingdom Builder es un juego basado en la gesti\u00f3n de recursos y en la conquista de territorios en el que los jugadores tendr\u00e1n que crear sus propios reinos. Para ello, construir\u00e1n sus asentamientos estrat\u00e9gicamente y deber\u00e1n conseguir la mayor cantidad de oro para poder ser los vencedores de las disputadas partidas.<\/p>\n<div id=\"description\" class=\"data item content\" role=\"tabpanel\" aria-labelledby=\"tab-label-description\" data-role=\"content\" aria-hidden=\"false\">\n<div class=\"product attribute description\">\n<div class=\"value\">\n<p>Nueve tipos diferentes de terreno est\u00e1n representados en un tablero de juego variable, incluyendo lugares y castillos. Durante su turno, un jugador juega su carta de terreno y construye tres asentamientos en tres hex\u00e1gonos. Si es posible, un nuevo asentamiento debe ser construido al lado de uno de los asentamientos existentes de ese jugador. Cuando se construye al lado de una localizaci\u00f3n, el jugador puede tomar una ficha de acci\u00f3n adicional que podr\u00e1 utilizar a partir de su siguiente turno. Estas fichas permiten realizar acciones especiales, como mover los asentamientos.<\/p>\n<p>Al construir al lado de un castillo, el jugador ganar\u00e1 pepitas de oro al final de la partida, pero la mejor forma de conseguir oro es mediante el cumplimiento de las condiciones de las tres cartas\u00a0<em>Kingdom Builder<\/em>. Estas tres cartas (de un total de diez en el juego) especifican las condiciones que deben cumplirse para ganar el tan deseado oro, como, por ejemplo, construir al lado de hex\u00e1gonos de agua o tener el mayor n\u00famero de asentamientos en un sector del tablero.<\/p>\n<\/div>\n<\/div>\n<\/div>\n","protected":false},"excerpt":{"rendered":"<p>G\u00e9nero: Familiar, Estrategia.<br \/>\nCategor\u00edas: Medieval, Contrucci\u00f3n de Territorio, Control de \u00c1rea, Encadenamiento,\u00a0 Grilla Hexagonal, Tablero Modular, .<br \/>\nDise\u00f1ado Por: Donald X. Vaccarino.<br \/>\nEditorial: Devir<br \/>\nEdad M\u00ednima Recomendada: 8 A\u00f1os.<br \/>\nDificultad: 2.06\/5<br \/>\nN\u00ba de Jugadores: 2 a 4<br \/>\nDuraci\u00f3n Promedio de la Partida: 45 Minutos.<br \/>\nIdioma: Espa\u00f1ol.<\/p>\n","protected":false},"featured_media":10376,"comment_status":"closed","ping_status":"closed","template":"","meta":[],"product_brand":[],"product_cat":[339,243],"product_tag":[],"class_list":{"0":"post-10432","1":"product","2":"type-product","3":"status-publish","4":"has-post-thumbnail","6":"product_cat-devir","7":"product_cat-juegos-de-mesa","9":"first","10":"instock","11":"shipping-taxable","12":"purchasable","13":"product-type-simple"},"_links":{"self":[{"href":"https:\/\/gracelandjuegos.com.ar\/web\/wp-json\/wp\/v2\/product\/10432","targetHints":{"allow":["GET"]}}],"collection":[{"href":"https:\/\/gracelandjuegos.com.ar\/web\/wp-json\/wp\/v2\/product"}],"about":[{"href":"https:\/\/gracelandjuegos.com.ar\/web\/wp-json\/wp\/v2\/types\/product"}],"replies":[{"embeddable":true,"href":"https:\/\/gracelandjuegos.com.ar\/web\/wp-json\/wp\/v2\/comments?post=10432"}],"wp:featuredmedia":[{"embeddable":true,"href":"https:\/\/gracelandjuegos.com.ar\/web\/wp-json\/wp\/v2\/media\/10376"}],"wp:attachment":[{"href":"https:\/\/gracelandjuegos.com.ar\/web\/wp-json\/wp\/v2\/media?parent=10432"}],"wp:term":[{"taxonomy":"product_brand","embeddable":true,"href":"https:\/\/gracelandjuegos.com.ar\/web\/wp-json\/wp\/v2\/product_brand?post=10432"},{"taxonomy":"product_cat","embeddable":true,"href":"https:\/\/gracelandjuegos.com.ar\/web\/wp-json\/wp\/v2\/product_cat?post=10432"},{"taxonomy":"product_tag","embeddable":true,"href":"https:\/\/gracelandjuegos.com.ar\/web\/wp-json\/wp\/v2\/product_tag?post=10432"}],"curies":[{"name":"wp","href":"https:\/\/api.w.org\/{rel}","templated":true}]}}