{"id":10408,"date":"2022-05-26T11:41:54","date_gmt":"2022-05-26T14:41:54","guid":{"rendered":"https:\/\/gracelandjuegos.com.ar\/web\/?post_type=product&#038;p=10408"},"modified":"2026-02-17T20:37:48","modified_gmt":"2026-02-17T23:37:48","slug":"alhambra-edicion-revisada","status":"publish","type":"product","link":"https:\/\/gracelandjuegos.com.ar\/web\/product\/alhambra-edicion-revisada\/","title":{"rendered":"Alhambra (Edici\u00f3n Revisada)"},"content":{"rendered":"<p>Este juego, publicado por primera vez en 2003, se sit\u00faa en el 1278 a los pies de Sierra Nevada, Espa\u00f1a. Vamos a ser parte de uno de los proyectos m\u00e1s impresionantes e interesantes de la Edad Media: La construcci\u00f3n de la Alhambra.<\/p>\n<p id=\"tw-target-text\" class=\"tw-data-text tw-text-large XcVN5d tw-ta\" dir=\"ltr\" data-placeholder=\"Traducci\u00f3n\"><span class=\"Y2IQFc\" lang=\"es\">Los mejores maestros constructores de toda Europa y Arabia quieren demostrar su habilidad. Us\u00e1 los equipos de constructores m\u00e1s adecuados y asegurate de tener siempre suficiente\u00a0 efectivo de la moneda correcta porque no importa si son canteros del norte u horticultores del sur, todos quieren un salario adecuado e insisten en su moneda \u201cnativa\u201d.<br \/>\nCon su ayuda pod\u00e9s construir torres, trazar jardines, erigir pabellones y arcadas y construir serrallos y c\u00e1maras.<\/span><\/p>\n<p>En Alhambra, los jugadores construyen edificios para colocarlos dentro de su complejo. El dinero viene en cuatro monedas diferentes y est\u00e1 disponible en el mercado monetario abierto. Hay 54 edificios de seis tipos diferentes y est\u00e1n disponibles para su compra en el mercado de la construcci\u00f3n, en cada una de las monedas.<br \/>\nEn tu turno pod\u00e9s: Tomar dinero del mercado de dinero abierto, comprar un edificio del mercado de la construcci\u00f3n y colocarlo en tu Alhambra o reserva, o participar en proyectos de construcci\u00f3n y reconstrucci\u00f3n con edificios que hayas colocado en la Alhambra o reserva.<\/p>\n<p>El juego premia la eficiencia, ya que cuando un jugador compra un edificio en el mercado por la cantidad exacta de dinero, el jugador puede tomar otro turno. Los jugadores con la mayor cantidad, en cada uno de los seis tipos de edificios en su Alhambra reciben puntos en cada una de las fases de puntuaci\u00f3n. El juego termina cuando el mercado de construcci\u00f3n ya no se puede reponer, y gana (adivinen) el que m\u00e1s puntos tiene.<\/p>\n<p>Esta edici\u00f3n tiene nuevas ilustraciones y una torre dispensadora de losetas. \u00a1La edici\u00f3n definitiva para un cl\u00e1sico ineludible en tu ludoteca!<\/p>\n","protected":false},"excerpt":{"rendered":"<p>G\u00e9nero: Familiar, Estrategia.<br \/>\nCategor\u00edas: Construcci\u00f3n de Ciudades, Medieval, Drafting, Manejo de Mano, Colecciones, Colocaci\u00f3n de Losetas.<br \/>\nDise\u00f1ado Por: Dirk Henn<br \/>\nEditorial: Devir<br \/>\nEdad M\u00ednima Recomendada: 8 A\u00f1os<br \/>\nDificultad: 2.1\/5<br \/>\nN\u00ba de Jugadores: 2 a 6<br \/>\nDuraci\u00f3n Promedio de la Partida: 60 Minutos<br \/>\nIdioma: Espa\u00f1ol<\/p>\n","protected":false},"featured_media":10348,"comment_status":"closed","ping_status":"closed","template":"","meta":[],"product_brand":[],"product_cat":[339,243],"product_tag":[],"class_list":{"0":"post-10408","1":"product","2":"type-product","3":"status-publish","4":"has-post-thumbnail","6":"product_cat-devir","7":"product_cat-juegos-de-mesa","9":"first","10":"outofstock","11":"shipping-taxable","12":"purchasable","13":"product-type-simple"},"_links":{"self":[{"href":"https:\/\/gracelandjuegos.com.ar\/web\/wp-json\/wp\/v2\/product\/10408","targetHints":{"allow":["GET"]}}],"collection":[{"href":"https:\/\/gracelandjuegos.com.ar\/web\/wp-json\/wp\/v2\/product"}],"about":[{"href":"https:\/\/gracelandjuegos.com.ar\/web\/wp-json\/wp\/v2\/types\/product"}],"replies":[{"embeddable":true,"href":"https:\/\/gracelandjuegos.com.ar\/web\/wp-json\/wp\/v2\/comments?post=10408"}],"wp:featuredmedia":[{"embeddable":true,"href":"https:\/\/gracelandjuegos.com.ar\/web\/wp-json\/wp\/v2\/media\/10348"}],"wp:attachment":[{"href":"https:\/\/gracelandjuegos.com.ar\/web\/wp-json\/wp\/v2\/media?parent=10408"}],"wp:term":[{"taxonomy":"product_brand","embeddable":true,"href":"https:\/\/gracelandjuegos.com.ar\/web\/wp-json\/wp\/v2\/product_brand?post=10408"},{"taxonomy":"product_cat","embeddable":true,"href":"https:\/\/gracelandjuegos.com.ar\/web\/wp-json\/wp\/v2\/product_cat?post=10408"},{"taxonomy":"product_tag","embeddable":true,"href":"https:\/\/gracelandjuegos.com.ar\/web\/wp-json\/wp\/v2\/product_tag?post=10408"}],"curies":[{"name":"wp","href":"https:\/\/api.w.org\/{rel}","templated":true}]}}