{"id":10302,"date":"2021-09-10T17:26:11","date_gmt":"2021-09-10T20:26:11","guid":{"rendered":"https:\/\/gracelandjuegos.com.ar\/web\/?post_type=product&#038;p=10302"},"modified":"2026-02-17T20:38:07","modified_gmt":"2026-02-17T23:38:07","slug":"ex-libris","status":"publish","type":"product","link":"https:\/\/gracelandjuegos.com.ar\/web\/product\/ex-libris\/","title":{"rendered":"Ex Libris"},"content":{"rendered":"<p>En\u00a0Ex Libris sos un coleccionista de libros raros y valiosos en una pr\u00f3spera ciudad de fantas\u00eda. El alcalde acaba de anunciar un nuevo puesto en el Consejo de la Aldea: el de Gran Bibliotecario. Esta prestigiosa (y lucrativa) posici\u00f3n se otorgar\u00e1 al ciudadano con la biblioteca m\u00e1s extraordinaria de todas. Desafortunadamente, varios de tus colegas libreros tambi\u00e9n son candidatos.<\/p>\n<p>Para eclipsar a tu competencia, vas a necesitar expandir tus estanter\u00edas enviando a tus fieles asistentes al pueblo para encontrar los tomos m\u00e1s impresionantes. Los mejores libros son escasos, as\u00ed que vas a tener que ser r\u00e1pido para adelantarte a tus oponentes, especialmente si coinciden con el enfoque secreto de tu biblioteca. Solo ten\u00e9s unos d\u00edas antes que el Inspector Oficial del Alcalde juzgue tu colecci\u00f3n, as\u00ed que asegurate de que tus asistentes hayan organizado los libros a tiempo. El inspector es inflexible, y usar\u00e1 su formulario de inspecci\u00f3n oficial para calificar tu biblioteca usando varios criterios, incluido el orden alfab\u00e9tico, la estabilidad de almacenamiento y la variedad de la colecci\u00f3n. Y no creas que va a hacer la vista gorda con los libros que el Consejo prohibi\u00f3.<\/p>\n<p>Vas a necesitar una gran planificaci\u00f3n, t\u00e1cticas astutas y, capaz, un poco de magia para superar a tus oponentes y convertirte en Gran Bibliotecario.<\/p>\n","protected":false},"excerpt":{"rendered":"<p>G\u00e9nero: Familiar, Estrategia.<br \/>\nCategor\u00edas: Cartas, Fantas\u00eda, Drafting, Manejo de Mano, Colecciones, Colocaci\u00f3n de Losetas, Solitario.<br \/>\nDise\u00f1ado Por: Adam P. McIver<br \/>\nEditorial: Devir<br \/>\nEdad M\u00ednima Recomendada: 10 A\u00f1os<br \/>\nDificultad: 2.07\/5<br \/>\nN\u00ba de Jugadores: 1 a 4<br \/>\nDuraci\u00f3n Promedio de la Partida: 45 Minutos<br \/>\nIdioma: Espa\u00f1ol<\/p>\n","protected":false},"featured_media":10313,"comment_status":"closed","ping_status":"closed","template":"","meta":[],"product_brand":[],"product_cat":[339,243],"product_tag":[],"class_list":{"0":"post-10302","1":"product","2":"type-product","3":"status-publish","4":"has-post-thumbnail","6":"product_cat-devir","7":"product_cat-juegos-de-mesa","9":"first","10":"outofstock","11":"shipping-taxable","12":"purchasable","13":"product-type-simple"},"_links":{"self":[{"href":"https:\/\/gracelandjuegos.com.ar\/web\/wp-json\/wp\/v2\/product\/10302","targetHints":{"allow":["GET"]}}],"collection":[{"href":"https:\/\/gracelandjuegos.com.ar\/web\/wp-json\/wp\/v2\/product"}],"about":[{"href":"https:\/\/gracelandjuegos.com.ar\/web\/wp-json\/wp\/v2\/types\/product"}],"replies":[{"embeddable":true,"href":"https:\/\/gracelandjuegos.com.ar\/web\/wp-json\/wp\/v2\/comments?post=10302"}],"wp:featuredmedia":[{"embeddable":true,"href":"https:\/\/gracelandjuegos.com.ar\/web\/wp-json\/wp\/v2\/media\/10313"}],"wp:attachment":[{"href":"https:\/\/gracelandjuegos.com.ar\/web\/wp-json\/wp\/v2\/media?parent=10302"}],"wp:term":[{"taxonomy":"product_brand","embeddable":true,"href":"https:\/\/gracelandjuegos.com.ar\/web\/wp-json\/wp\/v2\/product_brand?post=10302"},{"taxonomy":"product_cat","embeddable":true,"href":"https:\/\/gracelandjuegos.com.ar\/web\/wp-json\/wp\/v2\/product_cat?post=10302"},{"taxonomy":"product_tag","embeddable":true,"href":"https:\/\/gracelandjuegos.com.ar\/web\/wp-json\/wp\/v2\/product_tag?post=10302"}],"curies":[{"name":"wp","href":"https:\/\/api.w.org\/{rel}","templated":true}]}}