{"id":10301,"date":"2021-09-10T17:03:32","date_gmt":"2021-09-10T20:03:32","guid":{"rendered":"https:\/\/gracelandjuegos.com.ar\/web\/?post_type=product&#038;p=10301"},"modified":"2026-02-17T20:38:22","modified_gmt":"2026-02-17T23:38:22","slug":"paris-la-cite-de-la-lumiere","status":"publish","type":"product","link":"https:\/\/gracelandjuegos.com.ar\/web\/product\/paris-la-cite-de-la-lumiere\/","title":{"rendered":"Paris La Cit\u00e9 de la Lumi\u00e8re"},"content":{"rendered":"<p>Par\u00eds, 1889. La gran exposici\u00f3n universal es la excusa perfecta para maravillar al mundo con el poder de la electricidad. Si Par\u00eds ya se consideraba la ciudad de la luz desde principios de siglo, gracias a la red de farolas de gas, la implantaci\u00f3n de la iluminaci\u00f3n el\u00e9ctrica p\u00fablica maravill\u00f3 al mundo. En el papel de una de las personalidades relevantes de la ciudad, te interesa que tus edificios se ba\u00f1en en tanta luz como sea posible. Inspir\u00e1 a los artistas y sorprend\u00e9 a parisinos y visitantes con la espectacularidad de la ciudad de la luz.<\/p>\n<p>En Paris, La Cit\u00e9 de la Lumi\u00e8re\u00a0los jugadores tienen que planificar un barrio de la capital francesa. La partida se estructura en dos fases.<\/p>\n<ul>\n<li>En la primera, conforman el terreno del barrio y planifican los edificios que se van a construir, alternando turnos en los que colocan la loseta que tienen en mano o reservan un edificio de los disponibles en un suministro com\u00fan. Tras colocar todas las losetas se pasa a la siguiente fase.<\/li>\n<li>En la segunda, se construyen los edificios y se activan unas postales que proporcionan distintos efectos. Los jugadores deben colocar los edificios reservados sobre el tablero ocupando casillas de su color o neutrales, o, alternativamente, activar una de las postales disponibles y aplicar su efecto.<\/li>\n<\/ul>\n<p>La partida termina cuando los jugadores se quedan sin fichas para activar postales y no pueden poner m\u00e1s edificios. Se realiza entonces el conteo final en el que los jugadores reciben puntos en funci\u00f3n de lo bien iluminados que est\u00e9n sus edificios, por el grupo de edificios m\u00e1s grande que hayan conseguido establecer y por el efecto de las postales. Adem\u00e1s, van a perder puntos por los edificios no construidos previamente reservados. \u00a1El jugador con m\u00e1s puntos, gana!<\/p>\n","protected":false},"excerpt":{"rendered":"<p>G\u00e9nero: Abstracto.<br \/>\nCategor\u00edas: Estrategia, Rompecabezas, Construcci\u00f3n.<br \/>\nDise\u00f1ado Por: Jose Antonio Abascal Acebo<br \/>\nEditorial: Devir<br \/>\nEdad M\u00ednima Recomendada: 8 A\u00f1os<br \/>\nDificultad: 2.07\/5<br \/>\nN\u00ba de Jugadores: 2<br \/>\nDuraci\u00f3n Promedio de la Partida: 30 Minutos<br \/>\nIdioma: Espa\u00f1ol<\/p>\n","protected":false},"featured_media":10314,"comment_status":"closed","ping_status":"closed","template":"","meta":[],"product_brand":[],"product_cat":[339,243],"product_tag":[],"class_list":{"0":"post-10301","1":"product","2":"type-product","3":"status-publish","4":"has-post-thumbnail","6":"product_cat-devir","7":"product_cat-juegos-de-mesa","9":"first","10":"instock","11":"shipping-taxable","12":"purchasable","13":"product-type-simple"},"_links":{"self":[{"href":"https:\/\/gracelandjuegos.com.ar\/web\/wp-json\/wp\/v2\/product\/10301","targetHints":{"allow":["GET"]}}],"collection":[{"href":"https:\/\/gracelandjuegos.com.ar\/web\/wp-json\/wp\/v2\/product"}],"about":[{"href":"https:\/\/gracelandjuegos.com.ar\/web\/wp-json\/wp\/v2\/types\/product"}],"replies":[{"embeddable":true,"href":"https:\/\/gracelandjuegos.com.ar\/web\/wp-json\/wp\/v2\/comments?post=10301"}],"wp:featuredmedia":[{"embeddable":true,"href":"https:\/\/gracelandjuegos.com.ar\/web\/wp-json\/wp\/v2\/media\/10314"}],"wp:attachment":[{"href":"https:\/\/gracelandjuegos.com.ar\/web\/wp-json\/wp\/v2\/media?parent=10301"}],"wp:term":[{"taxonomy":"product_brand","embeddable":true,"href":"https:\/\/gracelandjuegos.com.ar\/web\/wp-json\/wp\/v2\/product_brand?post=10301"},{"taxonomy":"product_cat","embeddable":true,"href":"https:\/\/gracelandjuegos.com.ar\/web\/wp-json\/wp\/v2\/product_cat?post=10301"},{"taxonomy":"product_tag","embeddable":true,"href":"https:\/\/gracelandjuegos.com.ar\/web\/wp-json\/wp\/v2\/product_tag?post=10301"}],"curies":[{"name":"wp","href":"https:\/\/api.w.org\/{rel}","templated":true}]}}