{"id":10095,"date":"2021-08-26T15:29:06","date_gmt":"2021-08-26T18:29:06","guid":{"rendered":"https:\/\/gracelandjuegos.com.ar\/web\/?post_type=product&#038;p=10095"},"modified":"2025-05-13T14:54:57","modified_gmt":"2025-05-13T17:54:57","slug":"el-anillo-unico-juego-de-rol","status":"publish","type":"product","link":"https:\/\/gracelandjuegos.com.ar\/web\/product\/el-anillo-unico-juego-de-rol\/","title":{"rendered":"El Anillo \u00danico Juego de Rol (Tapa Dura)"},"content":{"rendered":"<p>El Anillo \u00danico es un juego de rol de fantas\u00eda ambientado en el mundo de El Hobbit y El Se\u00f1or de los Anillos, y te proporciona todo lo que necesitas para comenzar tus aventuras en la Tierra Media.<\/p>\n<p>El juego incorpora todas las reglas necesarias para crear personajes, dirigir partidas e incluso incluye una aventura completa y lista para jugar.<\/p>\n<p>Este libro es la nueva edici\u00f3n de este juego, dise\u00f1ado por el prestigioso autor Francesco Nepitello, creador de La Guerra del Anillo, Relatos de los Hobbits o La era de Conan, entre muchos otros.<\/p>\n","protected":false},"excerpt":{"rendered":"<p>Mec\u00e1nicas del Juego:<\/p>\n<ul>\n<li id=\"tw-target-text\" class=\"tw-data-text tw-text-large XcVN5d tw-ta\" data-placeholder=\"Traducci\u00f3n\"><span class=\"Y2IQFc\" lang=\"es\">Atributos\/estad\u00edsticas (STR, CON, PER, etc.) <\/span><\/li>\n<li class=\"tw-data-text tw-text-large XcVN5d tw-ta\" data-placeholder=\"Traducci\u00f3n\"><span class=\"Y2IQFc\" lang=\"es\">Dados (Principalmente D6)<\/span><\/li>\n<li id=\"tw-target-text\" class=\"tw-data-text tw-text-large XcVN5d tw-ta\" data-placeholder=\"Traducci\u00f3n\"><span class=\"Y2IQFc\" lang=\"es\">Sistema de puntos (asign\u00e1 puntos para obtener habilidades, poderes, etc.) <\/span><\/li>\n<li class=\"tw-data-text tw-text-large XcVN5d tw-ta\" data-placeholder=\"Traducci\u00f3n\"><span class=\"Y2IQFc\" lang=\"es\">Raza (la raza\/especie del jugador afecta el juego) <\/span><\/li>\n<li class=\"tw-data-text tw-text-large XcVN5d tw-ta\" data-placeholder=\"Traducci\u00f3n\"><span class=\"Y2IQFc\" lang=\"es\">Habilidades (compr\u00e1 o gan\u00e1 habilidades) <\/span><\/li>\n<li class=\"tw-data-text tw-text-large XcVN5d tw-ta\" data-placeholder=\"Traducci\u00f3n\"><span class=\"Y2IQFc\" lang=\"es\">Rasgo\/Aspecto (la personalidad afecta el juego)<\/span><\/li>\n<\/ul>\n","protected":false},"featured_media":10093,"comment_status":"closed","ping_status":"closed","template":"","meta":[],"product_brand":[],"product_cat":[285],"product_tag":[],"class_list":{"0":"post-10095","1":"product","2":"type-product","3":"status-publish","4":"has-post-thumbnail","6":"product_cat-juegos-de-rol","8":"first","9":"instock","10":"shipping-taxable","11":"purchasable","12":"product-type-simple"},"_links":{"self":[{"href":"https:\/\/gracelandjuegos.com.ar\/web\/wp-json\/wp\/v2\/product\/10095","targetHints":{"allow":["GET"]}}],"collection":[{"href":"https:\/\/gracelandjuegos.com.ar\/web\/wp-json\/wp\/v2\/product"}],"about":[{"href":"https:\/\/gracelandjuegos.com.ar\/web\/wp-json\/wp\/v2\/types\/product"}],"replies":[{"embeddable":true,"href":"https:\/\/gracelandjuegos.com.ar\/web\/wp-json\/wp\/v2\/comments?post=10095"}],"wp:featuredmedia":[{"embeddable":true,"href":"https:\/\/gracelandjuegos.com.ar\/web\/wp-json\/wp\/v2\/media\/10093"}],"wp:attachment":[{"href":"https:\/\/gracelandjuegos.com.ar\/web\/wp-json\/wp\/v2\/media?parent=10095"}],"wp:term":[{"taxonomy":"product_brand","embeddable":true,"href":"https:\/\/gracelandjuegos.com.ar\/web\/wp-json\/wp\/v2\/product_brand?post=10095"},{"taxonomy":"product_cat","embeddable":true,"href":"https:\/\/gracelandjuegos.com.ar\/web\/wp-json\/wp\/v2\/product_cat?post=10095"},{"taxonomy":"product_tag","embeddable":true,"href":"https:\/\/gracelandjuegos.com.ar\/web\/wp-json\/wp\/v2\/product_tag?post=10095"}],"curies":[{"name":"wp","href":"https:\/\/api.w.org\/{rel}","templated":true}]}}