{"id":10092,"date":"2021-08-26T15:25:54","date_gmt":"2021-08-26T18:25:54","guid":{"rendered":"https:\/\/gracelandjuegos.com.ar\/web\/?post_type=product&#038;p=10092"},"modified":"2025-05-13T14:55:26","modified_gmt":"2025-05-13T17:55:26","slug":"pathfinder-juego-de-rol-reglas-basicas-tapa-dura","status":"publish","type":"product","link":"https:\/\/gracelandjuegos.com.ar\/web\/product\/pathfinder-juego-de-rol-reglas-basicas-tapa-dura\/","title":{"rendered":"Pathfinder Juego de Rol Reglas B\u00e1sicas (Tapa Dura)"},"content":{"rendered":"<p>\u00a1El juego de rol de Pathfinder te pone en el papel de un valeroso aventurero que trata de sobrevivir en un mundo plagado de magia y maldad!<\/p>\n<p>Pathfinder es una evoluci\u00f3n de las reglas 3.5 del m\u00e1s famoso juego de rol de la historia, actualizadas a partir de las aportaciones de m\u00e1s de 50.000 jugadores. S\u00f3lo es necesario este manual de 576 p\u00e1ginas para jugar. El juego ha sido dise\u00f1ado para que sea perfectamente compatible con ediciones previas, as\u00ed que los jugadores podr\u00e1n usar sus manuales y m\u00f3dulos de 3.5 con un esfuerzo m\u00ednimo.<\/p>\n<p>Pathfinder dispone de una extensa l\u00ednea de suplementos, especialmente m\u00f3dulos y campa\u00f1as de aventuras ambientados en el fant\u00e1stico mundo de Golarion.<\/p>\n<p>Las reglas b\u00e1sicas contienen:<br \/>\n\u2022 Todas las reglas para los jugadores y el director de partida en un solo tomo<br \/>\n\u2022 Reglas completas para crear personajes de fantas\u00eda, como humanos, elfos, enanos, gnomos, medianos y medio orcos.<br \/>\n\u2022 Un sistema de combate sencillo con reglas especiales para todo tipo de ataques.<br \/>\n\u2022 Opciones para todo tipo de lanzadores de hechizos.<br \/>\n\u2022 Cientos de hechizos revisados y tesoros m\u00e1gicos.<br \/>\n\u2022 Un nuevo y completo sistema de puntos de experiencia.<\/p>\n","protected":false},"excerpt":{"rendered":"<p>Mec\u00e1nicas del Juego:<\/p>\n<ul>\n<li id=\"tw-target-text\" class=\"tw-data-text tw-text-large XcVN5d tw-ta\" data-placeholder=\"Traducci\u00f3n\"><span class=\"Y2IQFc\" lang=\"es\">Atributos\/estad\u00edsticas (STR, CON, PER, etc.) <\/span><\/li>\n<li class=\"tw-data-text tw-text-large XcVN5d tw-ta\" data-placeholder=\"Traducci\u00f3n\"><span class=\"Y2IQFc\" lang=\"es\">Clases (b\u00e1rbaro, mago, monje, etc.) <\/span><\/li>\n<li class=\"tw-data-text tw-text-large XcVN5d tw-ta\" data-placeholder=\"Traducci\u00f3n\"><span class=\"Y2IQFc\" lang=\"es\">Dados (variados) <\/span><\/li>\n<li class=\"tw-data-text tw-text-large XcVN5d tw-ta\" data-placeholder=\"Traducci\u00f3n\"><span class=\"Y2IQFc\" lang=\"es\">Nivel (gan\u00e1 XP y sub\u00ed de nivel) <\/span><\/li>\n<li class=\"tw-data-text tw-text-large XcVN5d tw-ta\" data-placeholder=\"Traducci\u00f3n\"><span class=\"Y2IQFc\" lang=\"es\">Raza (la raza\/especie del personaje afecta el juego) <\/span><\/li>\n<li class=\"tw-data-text tw-text-large XcVN5d tw-ta\" data-placeholder=\"Traducci\u00f3n\"><span class=\"Y2IQFc\" lang=\"es\">Generaci\u00f3n aleatoria de atributos (durante la creaci\u00f3n de personajes)<\/span><\/li>\n<\/ul>\n","protected":false},"featured_media":10094,"comment_status":"closed","ping_status":"closed","template":"","meta":[],"product_brand":[],"product_cat":[285],"product_tag":[],"class_list":{"0":"post-10092","1":"product","2":"type-product","3":"status-publish","4":"has-post-thumbnail","6":"product_cat-juegos-de-rol","8":"first","9":"outofstock","10":"shipping-taxable","11":"purchasable","12":"product-type-simple"},"_links":{"self":[{"href":"https:\/\/gracelandjuegos.com.ar\/web\/wp-json\/wp\/v2\/product\/10092","targetHints":{"allow":["GET"]}}],"collection":[{"href":"https:\/\/gracelandjuegos.com.ar\/web\/wp-json\/wp\/v2\/product"}],"about":[{"href":"https:\/\/gracelandjuegos.com.ar\/web\/wp-json\/wp\/v2\/types\/product"}],"replies":[{"embeddable":true,"href":"https:\/\/gracelandjuegos.com.ar\/web\/wp-json\/wp\/v2\/comments?post=10092"}],"wp:featuredmedia":[{"embeddable":true,"href":"https:\/\/gracelandjuegos.com.ar\/web\/wp-json\/wp\/v2\/media\/10094"}],"wp:attachment":[{"href":"https:\/\/gracelandjuegos.com.ar\/web\/wp-json\/wp\/v2\/media?parent=10092"}],"wp:term":[{"taxonomy":"product_brand","embeddable":true,"href":"https:\/\/gracelandjuegos.com.ar\/web\/wp-json\/wp\/v2\/product_brand?post=10092"},{"taxonomy":"product_cat","embeddable":true,"href":"https:\/\/gracelandjuegos.com.ar\/web\/wp-json\/wp\/v2\/product_cat?post=10092"},{"taxonomy":"product_tag","embeddable":true,"href":"https:\/\/gracelandjuegos.com.ar\/web\/wp-json\/wp\/v2\/product_tag?post=10092"}],"curies":[{"name":"wp","href":"https:\/\/api.w.org\/{rel}","templated":true}]}}