{"id":10079,"date":"2021-08-24T16:03:08","date_gmt":"2021-08-24T19:03:08","guid":{"rendered":"https:\/\/gracelandjuegos.com.ar\/web\/?post_type=product&#038;p=10079"},"modified":"2024-01-24T08:40:49","modified_gmt":"2024-01-24T11:40:49","slug":"opale","status":"publish","type":"product","link":"https:\/\/gracelandjuegos.com.ar\/web\/product\/opale\/","title":{"rendered":"Opale"},"content":{"rendered":"<p>La mal\u00e9fica bruja ha atrapado a Azura, el drag\u00f3n gigante y guardi\u00e1n del Reino de Atlea, en piedra con la ayuda del Opale.<br \/>\nSin protecci\u00f3n, el reino est\u00e1 al borde de la guerra.\u00a0Los insurgentes, criaturas de la oscuridad, son dif\u00edciles de repeler para los guardianes y emisarios del Atlea.<br \/>\nComo disc\u00edpulo del drag\u00f3n gigante, ten\u00e9s que entrar en el conflicto para despertar a Azura.<\/p>\n<p><em>Opale<\/em> es un juego r\u00e1pido para dos jugadores. Jug\u00e1 tus cartas en el momento adecuado para sumar m\u00e1s puntos y cambiar el destino del Reino de Atlea.<\/p>\n<p>&nbsp;<\/p>\n","protected":false},"excerpt":{"rendered":"<p>G\u00e9nero: Estrategia.<br \/>\nCategor\u00edas: Fabtas\u00eda, Bluffing, Cartas.<br \/>\nDise\u00f1ado Por: R\u00fcdiger Dorn<br \/>\nEditorial: Neptuno Games<br \/>\nEdad M\u00ednima Recomendada: 14 A\u00f1os<br \/>\nDificultad: 1,33\/5<br \/>\nN\u00ba de Jugadores: 2<br \/>\nDuraci\u00f3n Promedio de la Partida: 20 Minutos<br \/>\nIdioma: Espa\u00f1ol<\/p>\n","protected":false},"featured_media":10075,"comment_status":"closed","ping_status":"closed","template":"","meta":[],"product_brand":[],"product_cat":[243,344],"product_tag":[],"class_list":{"0":"post-10079","1":"product","2":"type-product","3":"status-publish","4":"has-post-thumbnail","6":"product_cat-juegos-de-mesa","7":"product_cat-neptuno","9":"first","10":"instock","11":"shipping-taxable","12":"purchasable","13":"product-type-simple"},"_links":{"self":[{"href":"https:\/\/gracelandjuegos.com.ar\/web\/wp-json\/wp\/v2\/product\/10079","targetHints":{"allow":["GET"]}}],"collection":[{"href":"https:\/\/gracelandjuegos.com.ar\/web\/wp-json\/wp\/v2\/product"}],"about":[{"href":"https:\/\/gracelandjuegos.com.ar\/web\/wp-json\/wp\/v2\/types\/product"}],"replies":[{"embeddable":true,"href":"https:\/\/gracelandjuegos.com.ar\/web\/wp-json\/wp\/v2\/comments?post=10079"}],"wp:featuredmedia":[{"embeddable":true,"href":"https:\/\/gracelandjuegos.com.ar\/web\/wp-json\/wp\/v2\/media\/10075"}],"wp:attachment":[{"href":"https:\/\/gracelandjuegos.com.ar\/web\/wp-json\/wp\/v2\/media?parent=10079"}],"wp:term":[{"taxonomy":"product_brand","embeddable":true,"href":"https:\/\/gracelandjuegos.com.ar\/web\/wp-json\/wp\/v2\/product_brand?post=10079"},{"taxonomy":"product_cat","embeddable":true,"href":"https:\/\/gracelandjuegos.com.ar\/web\/wp-json\/wp\/v2\/product_cat?post=10079"},{"taxonomy":"product_tag","embeddable":true,"href":"https:\/\/gracelandjuegos.com.ar\/web\/wp-json\/wp\/v2\/product_tag?post=10079"}],"curies":[{"name":"wp","href":"https:\/\/api.w.org\/{rel}","templated":true}]}}