{"id":10078,"date":"2021-08-24T15:50:44","date_gmt":"2021-08-24T18:50:44","guid":{"rendered":"https:\/\/gracelandjuegos.com.ar\/web\/?post_type=product&#038;p=10078"},"modified":"2025-10-08T14:12:16","modified_gmt":"2025-10-08T17:12:16","slug":"loot-sobre-ruedas","status":"publish","type":"product","link":"https:\/\/gracelandjuegos.com.ar\/web\/product\/loot-sobre-ruedas\/","title":{"rendered":"Loot Sobre Ruedas"},"content":{"rendered":"<p>En Loot: Sobre Ruedas, particip\u00e1s del fascinante y peligroso mundo de las carreras callejeras y el mercado clandestino de autos.<\/p>\n<p>Ac\u00e1 las pandillas reinan y el ganador se lleva todo.<\/p>\n<p>Sac\u00e1 tus autos a la calle para correr mientras intent\u00e1s quedarte con los autos de tus oponentes, rob\u00e1ndolos a toda velocidad.<\/p>\n","protected":false},"excerpt":{"rendered":"<p>G\u00e9nero: Familiar.<br \/>\nCategor\u00edas: Cartas, Manejo de Mano, Autos, Carreras.<br \/>\nDise\u00f1ado Por: Reiner Knizia<br \/>\nEditorial: Neptuno Games<br \/>\nEdad M\u00ednima Recomendada: 14 A\u00f1os<br \/>\nDificultad: 1,38\/5<br \/>\nN\u00ba de Jugadores: 2 a 8<br \/>\nDuraci\u00f3n Promedio de la Partida: 20 Minutos<br \/>\nIdioma: Espa\u00f1ol<\/p>\n","protected":false},"featured_media":10074,"comment_status":"closed","ping_status":"closed","template":"","meta":[],"product_brand":[],"product_cat":[243,344],"product_tag":[],"class_list":{"0":"post-10078","1":"product","2":"type-product","3":"status-publish","4":"has-post-thumbnail","6":"product_cat-juegos-de-mesa","7":"product_cat-neptuno","9":"first","10":"outofstock","11":"shipping-taxable","12":"purchasable","13":"product-type-simple"},"_links":{"self":[{"href":"https:\/\/gracelandjuegos.com.ar\/web\/wp-json\/wp\/v2\/product\/10078","targetHints":{"allow":["GET"]}}],"collection":[{"href":"https:\/\/gracelandjuegos.com.ar\/web\/wp-json\/wp\/v2\/product"}],"about":[{"href":"https:\/\/gracelandjuegos.com.ar\/web\/wp-json\/wp\/v2\/types\/product"}],"replies":[{"embeddable":true,"href":"https:\/\/gracelandjuegos.com.ar\/web\/wp-json\/wp\/v2\/comments?post=10078"}],"wp:featuredmedia":[{"embeddable":true,"href":"https:\/\/gracelandjuegos.com.ar\/web\/wp-json\/wp\/v2\/media\/10074"}],"wp:attachment":[{"href":"https:\/\/gracelandjuegos.com.ar\/web\/wp-json\/wp\/v2\/media?parent=10078"}],"wp:term":[{"taxonomy":"product_brand","embeddable":true,"href":"https:\/\/gracelandjuegos.com.ar\/web\/wp-json\/wp\/v2\/product_brand?post=10078"},{"taxonomy":"product_cat","embeddable":true,"href":"https:\/\/gracelandjuegos.com.ar\/web\/wp-json\/wp\/v2\/product_cat?post=10078"},{"taxonomy":"product_tag","embeddable":true,"href":"https:\/\/gracelandjuegos.com.ar\/web\/wp-json\/wp\/v2\/product_tag?post=10078"}],"curies":[{"name":"wp","href":"https:\/\/api.w.org\/{rel}","templated":true}]}}