{"id":10077,"date":"2021-08-24T15:43:18","date_gmt":"2021-08-24T18:43:18","guid":{"rendered":"https:\/\/gracelandjuegos.com.ar\/web\/?post_type=product&#038;p=10077"},"modified":"2024-04-20T12:30:42","modified_gmt":"2024-04-20T15:30:42","slug":"caiaaate","status":"publish","type":"product","link":"https:\/\/gracelandjuegos.com.ar\/web\/product\/caiaaate\/","title":{"rendered":"\u00a1Caiaaate!"},"content":{"rendered":"<p>Caiaaate es un juego r\u00e1pido y divertido en el que, a medida que se descubren las cartas, se va creando un entrelazado sonoro. Los participantes deber\u00e1n sostenerlo, sin repetir sonidos, eligiendo r\u00e1pidamente la opci\u00f3n m\u00e1s conveniente y creativa, hasta que llegue el momento de la siesta y todos hagan silencio.<\/p>\n<p>El primero que se descarte ser\u00e1 el ganador.<\/p>\n<p>Desde su est\u00e9tica e ilustraciones, este es un homenaje a las costumbres cuyanas.<\/p>\n","protected":false},"excerpt":{"rendered":"<p>G\u00e9nero: Familiar, Party.<br \/>\nCategor\u00edas: Comunicaci\u00f3n Limitada, Destreza, Party.<br \/>\nDise\u00f1ado Por: Emanuel Sanchez y Gianina Della Gaspera<br \/>\nEditorial: Tiempo de Rondas (Distribuye Neptuno Games)<br \/>\nEdad M\u00ednima Recomendada: 6 A\u00f1os<br \/>\nDificultad: 1.27\/5<br \/>\nN\u00ba de Jugadores: 2 a 6<br \/>\nDuraci\u00f3n Promedio de la Partida: 20 Minutos<br \/>\nIdioma: Espa\u00f1ol<\/p>\n","protected":false},"featured_media":10072,"comment_status":"closed","ping_status":"closed","template":"","meta":[],"product_brand":[],"product_cat":[243,344],"product_tag":[],"class_list":{"0":"post-10077","1":"product","2":"type-product","3":"status-publish","4":"has-post-thumbnail","6":"product_cat-juegos-de-mesa","7":"product_cat-neptuno","9":"first","10":"instock","11":"shipping-taxable","12":"purchasable","13":"product-type-simple"},"_links":{"self":[{"href":"https:\/\/gracelandjuegos.com.ar\/web\/wp-json\/wp\/v2\/product\/10077","targetHints":{"allow":["GET"]}}],"collection":[{"href":"https:\/\/gracelandjuegos.com.ar\/web\/wp-json\/wp\/v2\/product"}],"about":[{"href":"https:\/\/gracelandjuegos.com.ar\/web\/wp-json\/wp\/v2\/types\/product"}],"replies":[{"embeddable":true,"href":"https:\/\/gracelandjuegos.com.ar\/web\/wp-json\/wp\/v2\/comments?post=10077"}],"wp:featuredmedia":[{"embeddable":true,"href":"https:\/\/gracelandjuegos.com.ar\/web\/wp-json\/wp\/v2\/media\/10072"}],"wp:attachment":[{"href":"https:\/\/gracelandjuegos.com.ar\/web\/wp-json\/wp\/v2\/media?parent=10077"}],"wp:term":[{"taxonomy":"product_brand","embeddable":true,"href":"https:\/\/gracelandjuegos.com.ar\/web\/wp-json\/wp\/v2\/product_brand?post=10077"},{"taxonomy":"product_cat","embeddable":true,"href":"https:\/\/gracelandjuegos.com.ar\/web\/wp-json\/wp\/v2\/product_cat?post=10077"},{"taxonomy":"product_tag","embeddable":true,"href":"https:\/\/gracelandjuegos.com.ar\/web\/wp-json\/wp\/v2\/product_tag?post=10077"}],"curies":[{"name":"wp","href":"https:\/\/api.w.org\/{rel}","templated":true}]}}