{"id":10064,"date":"2021-08-23T17:40:49","date_gmt":"2021-08-23T20:40:49","guid":{"rendered":"https:\/\/gracelandjuegos.com.ar\/web\/?post_type=product&#038;p=10064"},"modified":"2024-06-19T08:49:03","modified_gmt":"2024-06-19T11:49:03","slug":"ratzzia","status":"publish","type":"product","link":"https:\/\/gracelandjuegos.com.ar\/web\/product\/ratzzia\/","title":{"rendered":"Ratzzia"},"content":{"rendered":"<p id=\"tw-target-text\" class=\"tw-data-text tw-text-large XcVN5d tw-ta\" dir=\"ltr\" data-placeholder=\"Traducci\u00f3n\"><span class=\"Y2IQFc\" lang=\"es\">Los estantes de la despensa est\u00e1n casi llenos de comida y los ratones se apresuran a recolectar lo que necesitan para asegurarse que sus familias tengan suficiente para alimentarse durante el duro invierno. Cada familia busca comida para s\u00ed misma, tratando de hacer lo mejor para las cr\u00edas m\u00e1s peque\u00f1as. Los primeros en llenar su peque\u00f1o saco ser\u00e1n la envidia de todos los ratones. <\/span><\/p>\n<p class=\"tw-data-text tw-text-large XcVN5d tw-ta\" dir=\"ltr\" data-placeholder=\"Traducci\u00f3n\"><span class=\"Y2IQFc\" lang=\"es\">Ratzzia es un juego para dos a cinco jugadores. Los dados representan los ratones de la familia de cada jugador. Cada vez que lanzan los dados, deben organizar los resultados del dado en el tablero para obtener la mayor cantidad de comida posible. <\/span><\/p>\n<p class=\"tw-data-text tw-text-large XcVN5d tw-ta\" dir=\"ltr\" data-placeholder=\"Traducci\u00f3n\"><span class=\"Y2IQFc\" lang=\"es\">Cada jugador tiene su propio juego de dados de colores. En su turno, tiran sus dados y eligen colocarlos en los espacios correspondientes del tablero. Los dados apilados representan ratones que se suben unos encima de otros para obtener las recompensas del estante superior. Estas <\/span><span class=\"Y2IQFc\" lang=\"es\">pueden ser comida deliciosa o acciones que ayuden a almacenar o robar comida.<\/span><\/p>\n<p class=\"tw-data-text tw-text-large XcVN5d tw-ta\" dir=\"ltr\" data-placeholder=\"Traducci\u00f3n\"><span class=\"Y2IQFc\" lang=\"es\"> Despu\u00e9s de conseguir algo de comida, hay que apurarse a guardarla, de lo contrario&#8230; \u00a1otros jugadores pueden robarla!<\/span><\/p>\n<p class=\"tw-data-text tw-text-large XcVN5d tw-ta\" dir=\"ltr\" data-placeholder=\"Traducci\u00f3n\"><span class=\"Y2IQFc\" lang=\"es\">Cuando un jugador obtiene 25 puntos de comida, \u00a1gana el juego y sobrevive al invierno!<\/span><\/p>\n","protected":false},"excerpt":{"rendered":"<p>G\u00e9nero: Familiar.<br \/>\nCategor\u00edas: Animales, Dados.<br \/>\nDise\u00f1ado Por: : Sophia Wagner<br \/>\nEditorial: Devir<br \/>\nEdad M\u00ednima Recomendada: 8 A\u00f1os<br \/>\nDificultad: 1,50\/5<br \/>\nN\u00ba de Jugadores: 2 a 5<br \/>\nDuraci\u00f3n Promedio de la Partida: 30 Minutos<br \/>\nIdioma: Espa\u00f1ol<\/p>\n","protected":false},"featured_media":10056,"comment_status":"closed","ping_status":"closed","template":"","meta":[],"product_brand":[],"product_cat":[339,243],"product_tag":[],"class_list":{"0":"post-10064","1":"product","2":"type-product","3":"status-publish","4":"has-post-thumbnail","6":"product_cat-devir","7":"product_cat-juegos-de-mesa","9":"first","10":"outofstock","11":"shipping-taxable","12":"purchasable","13":"product-type-simple"},"_links":{"self":[{"href":"https:\/\/gracelandjuegos.com.ar\/web\/wp-json\/wp\/v2\/product\/10064","targetHints":{"allow":["GET"]}}],"collection":[{"href":"https:\/\/gracelandjuegos.com.ar\/web\/wp-json\/wp\/v2\/product"}],"about":[{"href":"https:\/\/gracelandjuegos.com.ar\/web\/wp-json\/wp\/v2\/types\/product"}],"replies":[{"embeddable":true,"href":"https:\/\/gracelandjuegos.com.ar\/web\/wp-json\/wp\/v2\/comments?post=10064"}],"wp:featuredmedia":[{"embeddable":true,"href":"https:\/\/gracelandjuegos.com.ar\/web\/wp-json\/wp\/v2\/media\/10056"}],"wp:attachment":[{"href":"https:\/\/gracelandjuegos.com.ar\/web\/wp-json\/wp\/v2\/media?parent=10064"}],"wp:term":[{"taxonomy":"product_brand","embeddable":true,"href":"https:\/\/gracelandjuegos.com.ar\/web\/wp-json\/wp\/v2\/product_brand?post=10064"},{"taxonomy":"product_cat","embeddable":true,"href":"https:\/\/gracelandjuegos.com.ar\/web\/wp-json\/wp\/v2\/product_cat?post=10064"},{"taxonomy":"product_tag","embeddable":true,"href":"https:\/\/gracelandjuegos.com.ar\/web\/wp-json\/wp\/v2\/product_tag?post=10064"}],"curies":[{"name":"wp","href":"https:\/\/api.w.org\/{rel}","templated":true}]}}