{"id":10061,"date":"2021-08-23T17:22:01","date_gmt":"2021-08-23T20:22:01","guid":{"rendered":"https:\/\/gracelandjuegos.com.ar\/web\/?post_type=product&#038;p=10061"},"modified":"2026-02-17T20:38:37","modified_gmt":"2026-02-17T23:38:37","slug":"la-tripulacion","status":"publish","type":"product","link":"https:\/\/gracelandjuegos.com.ar\/web\/product\/la-tripulacion\/","title":{"rendered":"La Tripulaci\u00f3n"},"content":{"rendered":"<p>\u00a1Se buscan astronautas! Los cient\u00edficos afirman la existencia de un misterioso noveno planeta en los confines de nuestro sistema solar.<\/p>\n<p>La Tripulaci\u00f3n es un juego de bazas cooperativo en el que todos jugamos para conseguir un mismo objetivo, a lo largo de 50 misiones distintas. La misi\u00f3n va a ser un \u00e9xito s\u00f3lo si trabaj\u00e1s en equipo. Todo esto lo tendr\u00e1s que lograr con comunicaci\u00f3n limitada y cada vez mas dificultad.<\/p>\n<p>En la mayor\u00eda de los caso tendremos que hacer que un jugador en concreto se lleve una baza que contenga el mismo n\u00famero y color que la carta peque\u00f1a que tiene. A medida que pasan las misiones tendremos que ir cumpliendo mas cartas de tarea seg\u00fan lo que nos indique la misi\u00f3n.<\/p>\n<p>En la tripulaci\u00f3n no podemos hablar con libertad, pero tenemos las fichas de Comunicaci\u00f3n. Si el escenario no nos impide usarlas, estas sirven para comunicar, de forma parcial, informaci\u00f3n relacionada con una carta que dejamos sobre la mesa.<\/p>\n","protected":false},"excerpt":{"rendered":"<p>G\u00e9nero: Familiar, Estrategia.<br \/>\nCategor\u00edas: Cartas, Cooperativo, Bazas, Manejo de Mano, Comunicaci\u00f3n Limitada.<br \/>\nDise\u00f1ado Por: : Thomas Sing<br \/>\nEditorial: Devir<br \/>\nEdad M\u00ednima Recomendada: 10 A\u00f1os<br \/>\nDificultad: 2,00\/5<br \/>\nN\u00ba de Jugadores: 2 a 5<br \/>\nDuraci\u00f3n Promedio de la Partida: 20 Minutos<br \/>\nIdioma: Espa\u00f1ol<\/p>\n","protected":false},"featured_media":10054,"comment_status":"closed","ping_status":"closed","template":"","meta":[],"product_brand":[],"product_cat":[339,243],"product_tag":[],"class_list":{"0":"post-10061","1":"product","2":"type-product","3":"status-publish","4":"has-post-thumbnail","6":"product_cat-devir","7":"product_cat-juegos-de-mesa","9":"first","10":"instock","11":"shipping-taxable","12":"purchasable","13":"product-type-simple"},"_links":{"self":[{"href":"https:\/\/gracelandjuegos.com.ar\/web\/wp-json\/wp\/v2\/product\/10061","targetHints":{"allow":["GET"]}}],"collection":[{"href":"https:\/\/gracelandjuegos.com.ar\/web\/wp-json\/wp\/v2\/product"}],"about":[{"href":"https:\/\/gracelandjuegos.com.ar\/web\/wp-json\/wp\/v2\/types\/product"}],"replies":[{"embeddable":true,"href":"https:\/\/gracelandjuegos.com.ar\/web\/wp-json\/wp\/v2\/comments?post=10061"}],"wp:featuredmedia":[{"embeddable":true,"href":"https:\/\/gracelandjuegos.com.ar\/web\/wp-json\/wp\/v2\/media\/10054"}],"wp:attachment":[{"href":"https:\/\/gracelandjuegos.com.ar\/web\/wp-json\/wp\/v2\/media?parent=10061"}],"wp:term":[{"taxonomy":"product_brand","embeddable":true,"href":"https:\/\/gracelandjuegos.com.ar\/web\/wp-json\/wp\/v2\/product_brand?post=10061"},{"taxonomy":"product_cat","embeddable":true,"href":"https:\/\/gracelandjuegos.com.ar\/web\/wp-json\/wp\/v2\/product_cat?post=10061"},{"taxonomy":"product_tag","embeddable":true,"href":"https:\/\/gracelandjuegos.com.ar\/web\/wp-json\/wp\/v2\/product_tag?post=10061"}],"curies":[{"name":"wp","href":"https:\/\/api.w.org\/{rel}","templated":true}]}}