{"id":10048,"date":"2021-08-23T16:14:31","date_gmt":"2021-08-23T19:14:31","guid":{"rendered":"https:\/\/gracelandjuegos.com.ar\/web\/?post_type=product&#038;p=10048"},"modified":"2026-02-17T20:38:52","modified_gmt":"2026-02-17T23:38:52","slug":"carcassonne","status":"publish","type":"product","link":"https:\/\/gracelandjuegos.com.ar\/web\/product\/carcassonne\/","title":{"rendered":"Carcassonne"},"content":{"rendered":"<p>Carcassonne es un juego de colocaci\u00f3n de losetas en el que los jugadores dibujan y colocan una ficha con un trozo de paisaje del sur de Francia. La ficha puede incluir una ciudad, una carretera, un claustro, un prado o alguna combinaci\u00f3n de los mismos, y debe colocarse junto a las fichas que ya se han jugado, de manera que las ciudades est\u00e9n conectadas con ciudades, caminos con caminos, etc\u00e9tera.<\/p>\n<p>Despu\u00e9s de colocar una loseta, el jugador puede decidir colocar uno de sus meeples en una de las \u00e1reas de la misma: en la ciudad como un caballero, en el camino como un ladr\u00f3n, en un claustro como un monje o en el c\u00e9sped como un granjero. Cuando esa \u00e1rea est\u00e1 completa, ese meeple anota puntos para su propietario.<\/p>\n<p>Al final de la partida, el jugador con m\u00e1s puntos ser\u00e1 el ganador.<\/p>\n","protected":false},"excerpt":{"rendered":"<p>G\u00e9nero: Familiar.<br \/>\nCategor\u00edas: Medieval, Mapas, Colocaci\u00f3n de Losetas, Control de \u00c1rea.<br \/>\nDise\u00f1ado Por: Klaus-J\u00fcrgen Wrede<br \/>\nEditorial: Devir<br \/>\nEdad M\u00ednima Recomendada: 7 A\u00f1os<br \/>\nDificultad: 1,91\/5<br \/>\nN\u00ba de Jugadores: 2 a 5<br \/>\nDuraci\u00f3n Promedio de la Partida: 30 Minutos<br \/>\nIdioma: Espa\u00f1ol<\/p>\n","protected":false},"featured_media":10763,"comment_status":"closed","ping_status":"closed","template":"","meta":[],"product_brand":[],"product_cat":[339,243,329],"product_tag":[],"class_list":{"0":"post-10048","1":"product","2":"type-product","3":"status-publish","4":"has-post-thumbnail","6":"product_cat-devir","7":"product_cat-juegos-de-mesa","8":"product_cat-recomendados","10":"first","11":"instock","12":"shipping-taxable","13":"purchasable","14":"product-type-simple"},"_links":{"self":[{"href":"https:\/\/gracelandjuegos.com.ar\/web\/wp-json\/wp\/v2\/product\/10048","targetHints":{"allow":["GET"]}}],"collection":[{"href":"https:\/\/gracelandjuegos.com.ar\/web\/wp-json\/wp\/v2\/product"}],"about":[{"href":"https:\/\/gracelandjuegos.com.ar\/web\/wp-json\/wp\/v2\/types\/product"}],"replies":[{"embeddable":true,"href":"https:\/\/gracelandjuegos.com.ar\/web\/wp-json\/wp\/v2\/comments?post=10048"}],"wp:featuredmedia":[{"embeddable":true,"href":"https:\/\/gracelandjuegos.com.ar\/web\/wp-json\/wp\/v2\/media\/10763"}],"wp:attachment":[{"href":"https:\/\/gracelandjuegos.com.ar\/web\/wp-json\/wp\/v2\/media?parent=10048"}],"wp:term":[{"taxonomy":"product_brand","embeddable":true,"href":"https:\/\/gracelandjuegos.com.ar\/web\/wp-json\/wp\/v2\/product_brand?post=10048"},{"taxonomy":"product_cat","embeddable":true,"href":"https:\/\/gracelandjuegos.com.ar\/web\/wp-json\/wp\/v2\/product_cat?post=10048"},{"taxonomy":"product_tag","embeddable":true,"href":"https:\/\/gracelandjuegos.com.ar\/web\/wp-json\/wp\/v2\/product_tag?post=10048"}],"curies":[{"name":"wp","href":"https:\/\/api.w.org\/{rel}","templated":true}]}}