{"id":4247,"date":"2019-02-02T14:42:07","date_gmt":"2019-02-02T14:42:07","guid":{"rendered":"http:\/\/localhost\/wp\/cerato\/?page_id=4247"},"modified":"2020-07-19T23:56:11","modified_gmt":"2020-07-20T02:56:11","slug":"terms-conditions","status":"publish","type":"page","link":"https:\/\/gracelandjuegos.com.ar\/web\/terms-conditions\/","title":{"rendered":"T\u00e9rminos y condiciones"},"content":{"rendered":"\t\t<div data-elementor-type=\"wp-page\" data-elementor-id=\"4247\" class=\"elementor elementor-4247\">\n\t\t\t\t\t\t<div class=\"elementor-inner\">\n\t\t\t\t<div class=\"elementor-section-wrap\">\n\t\t\t\t\t\t\t\t\t<section class=\"elementor-section elementor-top-section elementor-element elementor-element-828b370 elementor-section-boxed elementor-section-height-default elementor-section-height-default\" data-id=\"828b370\" data-element_type=\"section\">\n\t\t\t\t\t\t<div class=\"elementor-container elementor-column-gap-default\">\n\t\t\t\t\t\t\t<div class=\"elementor-row\">\n\t\t\t\t\t<div class=\"elementor-column elementor-col-100 elementor-top-column elementor-element elementor-element-4743aaa4\" data-id=\"4743aaa4\" data-element_type=\"column\">\n\t\t\t<div class=\"elementor-column-wrap elementor-element-populated\">\n\t\t\t\t\t\t\t<div class=\"elementor-widget-wrap\">\n\t\t\t\t\t\t<div class=\"elementor-element elementor-element-1788b248 elementor-widget elementor-widget-text-editor\" data-id=\"1788b248\" data-element_type=\"widget\" data-widget_type=\"text-editor.default\">\n\t\t\t\t<div class=\"elementor-widget-container\">\n\t\t\t\t\t\t\t\t<div class=\"elementor-text-editor elementor-clearfix\">\n\t\t\t\t<h4 style=\"text-align: center;\"><br><\/h4><h4 style=\"text-align: center;\"><b>T\u00e9rminos y Condiciones de Uso y Pol\u00edtica de Privacidad del sitio Web Graceland Juegos<\/b><\/h4>\n<ol>\n<li><b>Registro del usuario o cliente:<\/b><\/li>\n<\/ol>\n<p>Estos son los T\u00e9rminos y Condiciones de Uso y Pol\u00edtica de Privacidad (en adelante, las \u201cCondiciones de Uso\u201d) aplicables a las personas que accedan a los contenidos y servicios que Graceland Juegos pone a disposici\u00f3n a trav\u00e9s del sitio gracelandjuegos.com.ar (en adelante el \u201cSitio Web\u201d).<\/p>\n<p>La visita, el suministro de datos, la utilizaci\u00f3n y la navegaci\u00f3n en el Sitio Web implica que Ud. ha le\u00eddo, entendido y aceptado, plena y expresamente, las Condiciones de Uso que aqu\u00ed se establecen. Si no est\u00e1 de acuerdo con lo anterior, por favor abst\u00e9ngase de usar el Sitio Web y de proporcionar cualquier informaci\u00f3n personal a trav\u00e9s del mismo.<\/p>\n<ol start=\"2\">\n<li><b>Acceso y uso del Sitio Web:<\/b><\/li>\n<\/ol>\n<p>El acceso al Sitio Web o a alguno de los servicios y contenidos brindados por \u00e9ste puede hallarse condicionado a su previo registro, para lo cual deber\u00e1 proveer a Graceland Juegos de cierta informaci\u00f3n que se encuentra detallada en el formulario electr\u00f3nico disponible al efecto en el Sitio Web. Ud. debe tener 18 a\u00f1os de edad o m\u00e1s para registrarse en el Sitio Web.<\/p>\n<p>Para navegar en el Sitio Web no es necesario ser usuario. Para realizar compras a trav\u00e9s del Sitio Web s\u00ed es necesario ser usuario del mismo. Se entiende por usuario a cualquier persona f\u00edsica o jur\u00eddica que se haya registrado en gracelandjuegos.com.ar.<\/p>\n<p>La registraci\u00f3n como usuario es libre y gratuita. La informaci\u00f3n personal que ingrese en el registro es confidencial y se mantiene entre el usuario y Graceland Juegos.<\/p>\n<p>Al registrase Ud. deber\u00e1 brindar informaci\u00f3n veraz, completa y precisa. Usted ser\u00e1 el \u00fanico responsable por la informaci\u00f3n proporcionada y por la actividad que se desarrolle en el Sitio Web y deber\u00e1 mantener seguro el acceso al mismo. Graceland podr\u00e1 solicitar alg\u00fan comprobante o dato adicional a efectos de corroborar los datos personales de los usuarios del Sitio Web, as\u00ed como podr\u00e1 suspender a aquellos usuarios cuyos datos no hayan podido ser confirmados. En ning\u00fan caso podr\u00e1 usar la cuenta de otro usuario del Sitio Web, siendo usted responsable por los da\u00f1os y perjuicios ocasionados por el uso de cualquier cuenta ajena.<\/p>\n<p>El acceso a sus datos personales solamente podr\u00e1 efectuarse mediante el uso de su correo electr\u00f3nico y contrase\u00f1a. Es su responsabilidad mantener en secreto tal informaci\u00f3n y no divulgarla a terceros, as\u00ed como asegurarse que las computadoras que use sean seguras y est\u00e9n protegidas contra software malintencionado. El Sitio Web tiene fines de informaci\u00f3n y de prestaci\u00f3n de los servicios relacionados con Graceland Juegos que en \u00e9l se especifican.<\/p>\n<p>No se permite la utilizaci\u00f3n del Sitio Web para: (i) Ninguna actividad contraria a la ley, a la moral o a las buenas costumbres, (ii) Subir (\u201cup load\u201d), publicar, transmitir o poner a disposici\u00f3n por cualquier medio y forma, cualquier material o contenido que pudiera ser considerado ofensivo, difamatorio, injurioso, calumnioso, discriminatorio u objetable, (iii) Publicar, transmitir o poner a disposici\u00f3n por cualquier medio y forma, contenidos violatorios de derechos de terceros, incluidos, pero no limitados a, derechos de propiedad intelectual o industrial, (iv) Modificar el Sitio Web, servidores o redes conectadas, as\u00ed como interferirlo o interrumpirlo, (v) Divulgar o colectar datos personales de terceros sin su previa autorizaci\u00f3n escrita a tales fines, (vi) Elegir o utilizar la cuenta de otra persona con la intenci\u00f3n de hacerse pasar por dicha persona; (vii) Utilizar la cuenta de otra persona; (viii) Elegir un nombre de usuario que Graceland Juegos, a su sola discreci\u00f3n, considere ofensivo o ilegal; (ix) Hacer uso comercial del Sitio Web sin autorizaci\u00f3n previa, de Graceland Juegos.<\/p>\n<ol start=\"3\">\n<li><b>Propiedad Intelectual:<\/b><\/li>\n<\/ol>\n<p>Ud. reconoce y acepta que todo el material y contenidos publicados en el Sitio Web, incluidos &#8211; pero no limitado a &#8211; textos, software, gr\u00e1ficos, fotograf\u00edas, audio, m\u00fasica, videos, contenidos interactivos y similares, pertenecen a Graceland Juegos o han sido otorgados a Graceland Juegos bajo licencia, encontr\u00e1ndose protegidos por derechos de propiedad intelectual.<\/p>\n<p>Ud. s\u00f3lo podr\u00e1 utilizar la informaci\u00f3n y materiales contenidos en el Sitio Web exclusivamente con fines privados y no comerciales. Dicha informaci\u00f3n y materiales no podr\u00e1n ser utilizados, copiados, reproducidos, modificados, alterados, vendidos, licenciados o explotados de cualquier otro modo, directa o indirectamente, en ning\u00fan medio o soporte, para un uso distinto del estrictamente personal, ni realizar cualquier otra acto que viole los derechos de propiedad intelectual de Graceland Juegos o de terceros.<\/p>\n<ol start=\"4\">\n<li><b>Protecci\u00f3n de Datos Personales:<\/b><\/li>\n<\/ol>\n<p>La informaci\u00f3n y datos que Ud. nos proporcione a trav\u00e9s del Sitio Web se incluir\u00e1n en una base de datos que quedar\u00e1 bajo la responsabilidad de Graceland Juegos, con el objetivo de proporcionarle un servicio personalizado, mejorando el canal de comunicaci\u00f3n con el usuario. Sus datos tambi\u00e9n podr\u00e1n utilizarse para elaborar estad\u00edsticas y estudios de mercado. Asimismo, el registro en el Sitio Web implicar\u00e1 su autorizaci\u00f3n para que Graceland Juegos le env\u00ede boletines, newsletters o correspondencia sobre las novedades institucionales, comerciales y promocionales de Graceland Juegos. Si no desea recibir mensajes, podr\u00e1 solicitar la cancelaci\u00f3n del env\u00edo de mensajes.<\/p>\n<p>Su registro en el Sitio Web y la aceptaci\u00f3n de estas Condiciones de Uso, implica que Ud. presta su consentimiento expreso, libre e informado para la inclusi\u00f3n, uso y tratamiento de sus datos personales por Graceland Juegos.<\/p>\n<p>Graceland Juegos realizar\u00e1 el tratamiento de sus datos personales en un todo de acuerdo con las disposiciones de la ley 25.326, sobre Protecci\u00f3n de los Datos Personales, adoptando los recaudos t\u00e9cnicos y organizativos necesarios para la custodia, almacenamiento, conservaci\u00f3n y confidencialidad de la informaci\u00f3n con el fin de evitar su alteraci\u00f3n, p\u00e9rdida, tratamiento o acceso no autorizado. Debido a que ninguna transmisi\u00f3n v\u00eda Internet puede garantizar su \u00edntegra seguridad, Graceland Juegos no puede garantizar que la informaci\u00f3n transmitida a trav\u00e9s del Sitio Web se encuentre completamente segura, con lo cual Ud. asume ese riesgo, que declara conocer y aceptar.<\/p>\n<ol start=\"5\">\n<li><b>Uso de \u201ccookies\u201d:<\/b><\/li>\n<\/ol>\n<p>El Sitio Web utiliza una tecnolog\u00eda de identificaci\u00f3n basada en \u201ccookies\u201d, la que resulta necesaria para utilizar los servicios y contenidos que brinda el Sitio Web. Las \u201ccookies\u201d son peque\u00f1os ficheros de texto que son enviados v\u00eda Internet a su navegador y que quedan almacenados en el disco duro de su computadora, lo que permite reconocer las m\u00e1quinas que acceden al Sitio Web. En ning\u00fan caso esos elementos servir\u00e1n para identificar a una persona determinada, ya que su uso ser\u00e1 meramente t\u00e9cnico, sin embargo son \u00fatiles para ofrecer un mejor servicio a los usuarios y permitir la realizaci\u00f3n de contenidos avanzados.<\/p>\n<p>Ud. puede impedir que su navegador acepte las \u201ccookies\u201d, en cuyo caso puede que el correcto funcionamiento de los servicios y contenidos ofrecidos a trav\u00e9s del Sitio Web se vea afectado.<\/p>\n<ol start=\"6\">\n<li><b>Enlaces a otras P\u00e1ginas de Internet:<\/b><\/li>\n<\/ol>\n<p>El Sitio Web puede contener enlaces a otros sitios de Internet. Esos enlaces se proveen como un servicio al usuario y no est\u00e1n patrocinados o vinculados de ninguna manera al Sitio Web o a los productos y servicios de Graceland Juegos.<\/p>\n<p>Ud. reconoce y acepta que Graceland Juegos no ser\u00e1 responsable de los contenidos incluidos en otros sitios de Internet que puedan estar conectados mediante enlaces con el Sitio Web, no contando Graceland Juegos con la propiedad ni control sobre tales sitios de Internet, por lo cual Graceland Juegos no ser\u00e1 responsable ni est\u00e1 obligao a, directa o indirectamente, por ning\u00fan da\u00f1o o perjuicio derivado del uso de sitios de terceros, no respaldando ni siendo responsable por el contenido, pol\u00edticas de privacidad o pr\u00e1cticas de los mismos. Ud. realiza el acceso a cualquier p\u00e1gina de otros sitios de Internet bajo su propio riesgo y responsabilidad. Graceland Juegos recomienda interiorizarse sobre las pol\u00edticas de privacidad de los sitios de Internet cuyos enlaces se indiquen en el Sitio Web.<\/p>\n<ol start=\"7\">\n<li><b>Modificaciones de los T\u00e9rminos y Condiciones y del Sitio Web:<\/b><\/li>\n<\/ol>\n<p>Graceland Juegos podr\u00e1 actualizar, modificar, alterar, agregar o eliminar partes de estas Condiciones de Uso en cualquier momento que lo considere conveniente, sin necesidad de aviso previo. Ud. ser\u00e1 responsable de revisar las Condiciones de Uso para verificar si se ha producido alguna modificaci\u00f3n. Al hacer uso del Sitio Web una vez producida la modificaci\u00f3n de las presentes Condiciones de Uso, dicho uso implicar\u00e1 aceptaci\u00f3n de su parte de los t\u00e9rminos modificados.<\/p>\n<p>Graceland Juegos, asimismo, podr\u00e1 modificar o interrumpir el servicio ofrecido a su sola discreci\u00f3n, en cualquier momento, ya sea en forma permanente o transitoria, sin necesidad de aviso previo ni de consentimiento de los usuarios no generando ello responsabilidad alguna para la Graceland Juegos.<\/p>\n<ol start=\"8\">\n<li><b>Disponibilidad de los productos anunciados en el Sitio Web:<\/b><\/li>\n<\/ol>\n<p>Al no ser el Sitio Web el \u00fanico canal de venta de Graceland Juegos, la disponibilidad de los productos anunciados en el Sitio Web est\u00e1 sujeta al movimiento diario del inventario de Graceland Juegos. Por lo tanto algunos de los productos seleccionados pueden no encontrarse en stock al momento de preparar la orden de pedido efectuada por el usuario. En el improbable caso de que esto sucediera, un representante de Gracelamd Juegos se contactar\u00e1 de inmediato con el usuario en cuesti\u00f3n para ofrecer un suced\u00e1neo, realizar el cambio por productos de igual valor o cancelar la compra, realizando la devoluci\u00f3n completa del importe abonado. Las \u00f3rdenes de pedido cursadas por los usuarios deben contemplar cantidades compatibles para consumo personal.<\/p>\n<ol start=\"9\">\n<li><b>Precio de los productos objeto de las \u00f3rdenes de pedido:<\/b><\/li>\n<\/ol>\n<p>Los precios de los productos incluidos en una orden de pedido efectuada por un usuario a trav\u00e9s del Sitio Web son los vigentes al momento en el que el usuario cierra la orden de pedido. Las \u00fanicas variaciones posibles en los precios se podr\u00e1n dar ante agregados o modificaciones de art\u00edculos incluidos en la orden de pedido, efectuados por el usuario en forma posterior al cierre. Todos los precios incluyen el Impuesto al Valor Agregado (I.V.A.).<\/p>\n<p>Las ofertas y\/o promociones no son acumulables, excepto que en el Sitio Web se indique, para alguna o algunas de ellas, lo contrario. Los descuentos y promociones se visualizaran al momento de agregar los productos al carrito. La facturaci\u00f3n se realiza el d\u00eda de la entrega del pedido.<\/p>\n<p><\/p>\n<ol start=\"10\">\n<li><b>Pago de los productos objeto de las \u00f3rdenes de pedido:<\/b><\/li>\n<\/ol>\n<p>El pago de la compra se podr\u00e1 realizar \u00fanicamente en moneda nacional. Los medios de pago aceptados por gracelandjuegos.com.ar son Mercado Pago, Transferencia o dep\u00f3sito Bancario, efectivo y Tarjetas de Regalo emitidas por el sitio gracelandjuegos.com.ar.<\/p>\n<ol start=\"11\">\n<li><b>Tarjetas de Regalo<\/b><\/li>\n<\/ol>\n<p>Las Tarjetas de regalo deber\u00e1n cargarse en la caja de la web en el campo llamado \u201cTarjeta de Regalo&#8221;. Su vigencia no puede ser modificada y debe canjearse dentro del per\u00edodo de vigencia y bajo las condiciones detalladas en la misma. Para que el descuento o promoci\u00f3n de la tarjeta sea v\u00e1lida, el pedido deber\u00e1 ser generado dentro de los d\u00edas comprendidos en el per\u00edodo de vigencia de la tarjeta, si lo tiene.<\/p>\n<p>No podr\u00e1n realizarse compras cuyo monto sea inferior al de la tarjeta de regalo que se est\u00e1 utilizando para abonar el mismo.<\/p>\n<p><\/p>\n<p>Las Trajetas de regalo no son acumulables ni pueden sumarse a otros descuentos o promociones.<\/p>\n<p><\/p>\n<ol start=\"12\">\n<li><b>Monto m\u00ednimo de Compra y Costo y condiciones de entrega de los productos objeto de pedidos:<\/b><\/li>\n<\/ol>\n<p>En las \u00f3rdenes de pedido efectuadas en el Sitio Web deber\u00e1 seleccionarse el servicio de preferencia para que el env\u00edo sea realizado. No existe un monto m\u00ednimo de compra, tanto para env\u00edo a domicilio como para las compras a retirarse en la tienda.<\/p>\n<p><\/p>\n<p>El pedido ser\u00e1 despachado, a m\u00e1s tardar, dentro de las 24 hs posteriores a haberse acreditado el pago. En caso de presentarse una demora en estos tiempos, un representante de Graceland Juegos se comunicar\u00e1 con el usuario en cuesti\u00f3n para notificar de la misma.<\/p>\n<p>El costo de la entrega a domicilio depender\u00e1 del servicio seleccionado como m\u00e9todo de env\u00edo. Los env\u00edos dentro de CABA y GBA se realizan por Glovo o Uber Flash con pago en destino. Para el resto del pa\u00eds, o en caso de preferir env\u00edo por correo, el servicio utilizado es encomienda simple de OCA.<\/p>\n<p>El costo de los env\u00edos no est\u00e1 incluido en el pago realizado en la P\u00e1gina Web. Todos los env\u00edos se abonan contra entrega, al momento de realizarla. Los medios de pago disponibles para tal efecto depender\u00e1n del servicio seleccionado.<\/p>\n<p>Los tiempos de entrega depender\u00e1n del lugar del env\u00edo y del servicio de entrega seleccionado. Los env\u00edos realizados por OCA demoran entre 3 y 7 d\u00edas h\u00e1biles luego de despachados. Los env\u00edos realizados por Glovo o Uber Flash demoran alrededor de una hora una vez despachados. Graceland Juegos no es responsable de las posibles demoras o extrav\u00edos ocasionados por el servicio seleccionado.<\/p>\n<p>Si por cualquier motivo un env\u00edo despachado retornara a origen, Graceland Juegos se contactar\u00e1 con el usuario del pedido en cuesti\u00f3n para reprogramar la entrega. Cualquier cargo adicional que esto generara deber\u00e1 ser abonado por el usuario. En caso de no desear la programaci\u00f3n de un nuevo env\u00edo, se proceder\u00e1 a la devoluci\u00f3n del importe abonado para el pedido, descontando el costo del env\u00edo realizado y todos los cargos adicionales que esto generara.<\/p>\n<p>El domicilio de entrega de un pedido podr\u00e1 ser modificado siempre que a\u00fan no haya sido despachado. A tal fin, es necesario comunicarse con Graceland Juegos por v\u00eda telef\u00f3nica o por mail para realizar las correciones necesarias.<\/p>\n<ol start=\"13\">\n<li><b>Condiciones de \u00f3rdenes de pedidos:<\/b><\/li>\n<\/ol>\n<p>Efectuar \u00f3rdenes de pedido a trav\u00e9s del Sitio Web implica el conocimiento y aceptaci\u00f3n de las condiciones relacionadas con dichas \u00f3rdenes de pedido incluidas en estas Condiciones de Uso, las que son asimismo aplicables a compras telef\u00f3nicas, a trav\u00e9s de nuestras redes sociales, por correo electr\u00f3nico o presenciales.<\/p>\n<ol start=\"14\">\n<li><b>Miscel\u00e1neas:<\/b><\/li>\n<\/ol>\n<p>El hecho de que Graceland Juegos demore en ejercer un derecho o en exigir el cumplimiento de una disposici\u00f3n de estas Condiciones de Uso no podr\u00e1 ser interpretado como una renuncia a ejercer dicho derecho o a exigir el cumplimiento de tal disposici\u00f3n en el futuro. La renuncia a cualquiera de los t\u00e9rminos de estas Condiciones de Uso no se interpretar\u00e1 como una renuncia continua o posterior a dicha condici\u00f3n u otras condiciones.<\/p>\n<p>Si alguna de las cl\u00e1usulas de estas Condiciones de Uso se tornara inv\u00e1lida en virtud de una declaraci\u00f3n judicial de un tribunal competente, la invalidez de dicha cl\u00e1usula no afectar\u00e1 la validez de las dem\u00e1s cl\u00e1usulas, que mantendr\u00e1n su plena vigencia.<\/p>\n<p>Los t\u00edtulos de los art\u00edculos de estas Condiciones de Uso han sido incluidos para comodidad \u00fanicamente y no tienen efectos contractuales.<\/p>\n<ol start=\"15\">\n<li><b>Fallas en el sistema:<\/b><\/li>\n<\/ol>\n<p>Graceland Juegos no garantiza la inexistencia de eventuales dificultades t\u00e9cnicas o fallas en los sistemas o en Internet. Graceland Juegos no garantiza el acceso y uso continuado del Sitio Web. El sistema puede no estar disponible debido a dificultades t\u00e9cnicas o fallas de Internet o por cualquier otra circunstancia ajena a Graceland Juegos. En tales casos procuraremos restablecerlo con la mayor celeridad posible.<\/p>\n<ol start=\"16\">\n<li><b>Domicilio, ley aplicable y jurisdicci\u00f3n:<\/b><\/li>\n<\/ol>\n<p>El domicilio legal de Graceland Juegos, cuya Raz\u00f3n Social es Ganduglia Alejandro Alberto, CUIT: 20-30989446-5, es Fondo de la Legua 2476, Edificio 2, Depto 50, San Isidro, Buenos Aires, Argentina. Estas Condiciones de Uso han sido redactadas y deber\u00e1n ser interpretadas de acuerdo con las leyes de la Rep\u00fablica Argentina. Ud. acuerda que cualquier disputa, conflicto o divergencia que pudiera derivarse de la utilizaci\u00f3n del Sitio Web y de las Condiciones de Uso se someter\u00e1 a la jurisdicci\u00f3n de los Tribunales Nacionales Ordinarios con sede en la Ciudad Aut\u00f3noma de Buenos Aires, con exclusi\u00f3n de cualquier otro fuero o jurisdicci\u00f3n que pudiere corresponder.<\/p>\n<ol start=\"17\">\n<li><b>Atenci\u00f3n al Cliente:<\/b><\/li>\n<\/ol>\n<p>Por cualquier consulta comun\u00edcate con Graceland Juegos a trav\u00e9s de nuestras redes sociales o al 15-6038-5099, en d\u00edas h\u00e1biles, de lunes a s\u00e1bado, de 8.30 a 20.30 hs. o env\u00edanos un correo a info@gracelandjuegos.com.ar &nbsp;las 24 hs.<\/p>\n<p>Para consultas t\u00e9cnicas comun\u00edcate con soporte@pgmultimedias.com<\/p><p><br><\/p>\n<p><\/p>\t\t\t\t\t<\/div>\n\t\t\t\t\t\t<\/div>\n\t\t\t\t<\/div>\n\t\t\t\t\t\t<\/div>\n\t\t\t\t\t<\/div>\n\t\t<\/div>\n\t\t\t\t\t\t\t\t<\/div>\n\t\t\t\t\t<\/div>\n\t\t<\/section>\n\t\t\t\t\t\t\t\t\t<\/div>\n\t\t\t<\/div>\n\t\t\t\t\t<\/div>\n\t\t","protected":false},"excerpt":{"rendered":"<p>T\u00e9rminos y Condiciones de Uso y Pol\u00edtica de Privacidad del sitio Web Graceland Juegos Registro del usuario o cliente: Estos son los T\u00e9rminos y Condiciones de Uso y Pol\u00edtica de&#8230;<\/p>\n","protected":false},"author":1,"featured_media":0,"parent":0,"menu_order":0,"comment_status":"closed","ping_status":"closed","template":"","meta":{"footnotes":""},"class_list":["post-4247","page","type-page","status-publish","hentry"],"_links":{"self":[{"href":"https:\/\/gracelandjuegos.com.ar\/web\/wp-json\/wp\/v2\/pages\/4247","targetHints":{"allow":["GET"]}}],"collection":[{"href":"https:\/\/gracelandjuegos.com.ar\/web\/wp-json\/wp\/v2\/pages"}],"about":[{"href":"https:\/\/gracelandjuegos.com.ar\/web\/wp-json\/wp\/v2\/types\/page"}],"author":[{"embeddable":true,"href":"https:\/\/gracelandjuegos.com.ar\/web\/wp-json\/wp\/v2\/users\/1"}],"replies":[{"embeddable":true,"href":"https:\/\/gracelandjuegos.com.ar\/web\/wp-json\/wp\/v2\/comments?post=4247"}],"version-history":[{"count":0,"href":"https:\/\/gracelandjuegos.com.ar\/web\/wp-json\/wp\/v2\/pages\/4247\/revisions"}],"wp:attachment":[{"href":"https:\/\/gracelandjuegos.com.ar\/web\/wp-json\/wp\/v2\/media?parent=4247"}],"curies":[{"name":"wp","href":"https:\/\/api.w.org\/{rel}","templated":true}]}}